{"id":102594,"date":"2021-02-21T22:51:00","date_gmt":"2021-02-21T22:51:00","guid":{"rendered":"https:\/\/www.autonvaraosahaku.fi\/?product=bosch-0-263-013-682-peruutustutka-anturit"},"modified":"2021-02-21T22:51:02","modified_gmt":"2021-02-21T22:51:02","slug":"bosch-0-263-013-682-peruutustutka-anturit","status":"publish","type":"product","link":"https:\/\/www.autonvaraosahaku.fi\/?product=bosch-0-263-013-682-peruutustutka-anturit","title":{"rendered":"Bosch 0 263 013 682 Peruutustutka anturit"},"content":{"rendered":"<p>Tunnistinmalli: Ultra\u00e4\u00e4nitunnistin; Pinta: Tyhj\u00e4; Valmistusvuoteen: 04\/2012; CITRO\u00cbN: BERLINGO B9,BERLINGO Kasten B9,BERLINGO Pritsche\/Fahrgestell B9; PEUGEOT: 407 SW 6E_,307 3A\/C,308 SW,308 4A_, 4C_,407 6D_,PARTNER Tepee,RCZ,308 CC,407 Coupe 6C_,307 Stufenheck,PARTNER Kasten,308 II,PARTNER Pritsche\/Fahrgestell; 20102722, 6590EF, 20102722, 6590EF; Tunnistin, Et\u00e4isyystunnistin<\/p>\n","protected":false},"excerpt":{"rendered":"<p>BOSCH Peruutustutka Anturit 0 263 013 682 Tunnistin, Et\u00e4isyystunnistin CITRO\u00cbN,PEUGEOT,BERLINGO B9,BERLINGO Kasten B9,BERLINGO Pritsche\/Fahrgestell B9<\/p>\n","protected":false},"featured_media":0,"template":"","meta":{"site-sidebar-layout":"default","site-content-layout":"default","ast-global-header-display":"","ast-main-header-display":"","ast-hfb-above-header-display":"","ast-hfb-below-header-display":"","ast-hfb-mobile-header-display":"","site-post-title":"","ast-breadcrumbs-content":"","ast-featured-img":"","footer-sml-layout":"","theme-transparent-header-meta":"","adv-header-id-meta":"","stick-header-meta":"","header-above-stick-meta":"","header-main-stick-meta":"","header-below-stick-meta":""},"pwb-brand":[534],"product_cat":[217],"product_tag":[],"class_list":{"0":"post-102594","1":"product","2":"type-product","3":"status-publish","5":"pwb-brand-bosch","6":"product_cat-peruutustutka-anturit","7":"desktop-align-left","8":"tablet-align-left","9":"mobile-align-left","11":"first","12":"instock","13":"product-type-external"},"brands":[{"id":534,"name":"Bosch","slug":"bosch"}],"_links":{"self":[{"href":"https:\/\/www.autonvaraosahaku.fi\/index.php?rest_route=\/wp\/v2\/product\/102594","targetHints":{"allow":["GET"]}}],"collection":[{"href":"https:\/\/www.autonvaraosahaku.fi\/index.php?rest_route=\/wp\/v2\/product"}],"about":[{"href":"https:\/\/www.autonvaraosahaku.fi\/index.php?rest_route=\/wp\/v2\/types\/product"}],"wp:attachment":[{"href":"https:\/\/www.autonvaraosahaku.fi\/index.php?rest_route=%2Fwp%2Fv2%2Fmedia&parent=102594"}],"wp:term":[{"taxonomy":"pwb-brand","embeddable":true,"href":"https:\/\/www.autonvaraosahaku.fi\/index.php?rest_route=%2Fwp%2Fv2%2Fpwb-brand&post=102594"},{"taxonomy":"product_cat","embeddable":true,"href":"https:\/\/www.autonvaraosahaku.fi\/index.php?rest_route=%2Fwp%2Fv2%2Fproduct_cat&post=102594"},{"taxonomy":"product_tag","embeddable":true,"href":"https:\/\/www.autonvaraosahaku.fi\/index.php?rest_route=%2Fwp%2Fv2%2Fproduct_tag&post=102594"}],"curies":[{"name":"wp","href":"https:\/\/api.w.org\/{rel}","templated":true}]}}