{"id":102616,"date":"2021-02-21T22:51:09","date_gmt":"2021-02-21T22:51:09","guid":{"rendered":"https:\/\/www.autonvaraosahaku.fi\/?product=bosch-1-987-432-148-raitisilmasuodatin"},"modified":"2021-02-21T22:51:12","modified_gmt":"2021-02-21T22:51:12","slug":"bosch-1-987-432-148-raitisilmasuodatin","status":"publish","type":"product","link":"https:\/\/www.autonvaraosahaku.fi\/?product=bosch-1-987-432-148-raitisilmasuodatin","title":{"rendered":"Bosch 1 987 432 148 Raitisilmasuodatin"},"content":{"rendered":"<p>Suodatintyyppi: Hiukkassuodatin; Pituus (mm): 162,5; Leveys (mm): 192,5; Korkeus (mm): 20; M\u00e4\u00e4r\u00e4: 1; Valmistusvuoteen: 03\/2015; NISSAN: PIXO UA0; SUZUKI: ALTO HA25, HA35; 278914A00C, 95861M68K10, 95861M68K10000, 95861M68K10B00, 95861M68K30, 95861M68K30000; Sis\u00e4ilmansuodatin,Suodatin, Sis\u00e4ilma<\/p>\n","protected":false},"excerpt":{"rendered":"<p>BOSCH Raitisilmasuodatin 1 987 432 148 Sis\u00e4ilmansuodatin,Suodatin, Sis\u00e4ilma NISSAN,SUZUKI,PIXO UA0,ALTO HA25, HA35<\/p>\n","protected":false},"featured_media":0,"template":"","meta":{"site-sidebar-layout":"default","site-content-layout":"default","ast-global-header-display":"","ast-main-header-display":"","ast-hfb-above-header-display":"","ast-hfb-below-header-display":"","ast-hfb-mobile-header-display":"","site-post-title":"","ast-breadcrumbs-content":"","ast-featured-img":"","footer-sml-layout":"","theme-transparent-header-meta":"","adv-header-id-meta":"","stick-header-meta":"","header-above-stick-meta":"","header-main-stick-meta":"","header-below-stick-meta":""},"pwb-brand":[534],"product_cat":[19],"product_tag":[],"class_list":{"0":"post-102616","1":"product","2":"type-product","3":"status-publish","5":"pwb-brand-bosch","6":"product_cat-raitisilmasuodatin","7":"desktop-align-left","8":"tablet-align-left","9":"mobile-align-left","11":"first","12":"instock","13":"product-type-external"},"brands":[{"id":534,"name":"Bosch","slug":"bosch"}],"_links":{"self":[{"href":"https:\/\/www.autonvaraosahaku.fi\/index.php?rest_route=\/wp\/v2\/product\/102616","targetHints":{"allow":["GET"]}}],"collection":[{"href":"https:\/\/www.autonvaraosahaku.fi\/index.php?rest_route=\/wp\/v2\/product"}],"about":[{"href":"https:\/\/www.autonvaraosahaku.fi\/index.php?rest_route=\/wp\/v2\/types\/product"}],"wp:attachment":[{"href":"https:\/\/www.autonvaraosahaku.fi\/index.php?rest_route=%2Fwp%2Fv2%2Fmedia&parent=102616"}],"wp:term":[{"taxonomy":"pwb-brand","embeddable":true,"href":"https:\/\/www.autonvaraosahaku.fi\/index.php?rest_route=%2Fwp%2Fv2%2Fpwb-brand&post=102616"},{"taxonomy":"product_cat","embeddable":true,"href":"https:\/\/www.autonvaraosahaku.fi\/index.php?rest_route=%2Fwp%2Fv2%2Fproduct_cat&post=102616"},{"taxonomy":"product_tag","embeddable":true,"href":"https:\/\/www.autonvaraosahaku.fi\/index.php?rest_route=%2Fwp%2Fv2%2Fproduct_tag&post=102616"}],"curies":[{"name":"wp","href":"https:\/\/api.w.org\/{rel}","templated":true}]}}