{"id":10265,"date":"2021-02-21T14:08:19","date_gmt":"2021-02-21T14:08:19","guid":{"rendered":"https:\/\/www.autonvaraosahaku.fi\/?product=original-imperium-29862-paisuntasailio"},"modified":"2021-02-21T14:08:20","modified_gmt":"2021-02-21T14:08:20","slug":"original-imperium-29862-paisuntasailio","status":"publish","type":"product","link":"https:\/\/www.autonvaraosahaku.fi\/?product=original-imperium-29862-paisuntasailio","title":{"rendered":"ORIGINAL IMPERIUM 29862 Paisuntas\u00e4ili\u00f6"},"content":{"rendered":"<p>Korvaava tuote\/korvaava tiedote 2: tulpalla; Paino [g]: 548; FIAT: SEICENTO 187,CINQUECENTO 170,SEICENTO Van 187; 1341182080, 46402982, 46441776, 46457390, 60654688, 7699199, 7711720, 1341182080, 46402982, 46441776, 46457390, 60654688, 7699199, 7711720, 1341182080, 46402982, 46441776, 46457390, 60654688, 7699199, 7711720; Nestes\u00e4ili\u00f6, J\u00e4\u00e4hdytysneste<\/p>\n","protected":false},"excerpt":{"rendered":"<p>ORIGINAL IMPERIUM Paisuntas\u00e4ili\u00f6 29862 Nestes\u00e4ili\u00f6, J\u00e4\u00e4hdytysneste FIAT,SEICENTO 187,CINQUECENTO 170,SEICENTO Van 187<\/p>\n","protected":false},"featured_media":0,"template":"","meta":{"site-sidebar-layout":"default","site-content-layout":"default","ast-global-header-display":"","ast-main-header-display":"","ast-hfb-above-header-display":"","ast-hfb-below-header-display":"","ast-hfb-mobile-header-display":"","site-post-title":"","ast-breadcrumbs-content":"","ast-featured-img":"","footer-sml-layout":"","theme-transparent-header-meta":"","adv-header-id-meta":"","stick-header-meta":"","header-above-stick-meta":"","header-main-stick-meta":"","header-below-stick-meta":""},"pwb-brand":[72],"product_cat":[127],"product_tag":[],"class_list":{"0":"post-10265","1":"product","2":"type-product","3":"status-publish","5":"pwb-brand-original-imperium","6":"product_cat-paisuntasailio","7":"desktop-align-left","8":"tablet-align-left","9":"mobile-align-left","11":"first","12":"instock","13":"product-type-external"},"brands":[{"id":72,"name":"ORIGINAL IMPERIUM","slug":"original-imperium"}],"_links":{"self":[{"href":"https:\/\/www.autonvaraosahaku.fi\/index.php?rest_route=\/wp\/v2\/product\/10265","targetHints":{"allow":["GET"]}}],"collection":[{"href":"https:\/\/www.autonvaraosahaku.fi\/index.php?rest_route=\/wp\/v2\/product"}],"about":[{"href":"https:\/\/www.autonvaraosahaku.fi\/index.php?rest_route=\/wp\/v2\/types\/product"}],"wp:attachment":[{"href":"https:\/\/www.autonvaraosahaku.fi\/index.php?rest_route=%2Fwp%2Fv2%2Fmedia&parent=10265"}],"wp:term":[{"taxonomy":"pwb-brand","embeddable":true,"href":"https:\/\/www.autonvaraosahaku.fi\/index.php?rest_route=%2Fwp%2Fv2%2Fpwb-brand&post=10265"},{"taxonomy":"product_cat","embeddable":true,"href":"https:\/\/www.autonvaraosahaku.fi\/index.php?rest_route=%2Fwp%2Fv2%2Fproduct_cat&post=10265"},{"taxonomy":"product_tag","embeddable":true,"href":"https:\/\/www.autonvaraosahaku.fi\/index.php?rest_route=%2Fwp%2Fv2%2Fproduct_tag&post=10265"}],"curies":[{"name":"wp","href":"https:\/\/api.w.org\/{rel}","templated":true}]}}