{"id":102661,"date":"2021-02-21T22:51:27","date_gmt":"2021-02-21T22:51:27","guid":{"rendered":"https:\/\/www.autonvaraosahaku.fi\/?product=bosch-0-986-486-503-kytkimen-tyosylinteri"},"modified":"2021-02-21T22:51:32","modified_gmt":"2021-02-21T22:51:32","slug":"bosch-0-986-486-503-kytkimen-tyosylinteri","status":"publish","type":"product","link":"https:\/\/www.autonvaraosahaku.fi\/?product=bosch-0-986-486-503-kytkimen-tyosylinteri","title":{"rendered":"Bosch 0 986 486 503 Kytkimen ty\u00f6sylinteri"},"content":{"rendered":"<p>M\u00e4nn\u00e4n halkaisija mm: 23,81; TECDOC-moottorinumero: 2061; MERCEDES-BENZ: C-CLASS W202,190 W201,E-CLASS W210,Stufenheck W124,SL R107,Stufenheck W123,S-CLASS W126,KOMBI Kombi S124,E-CLASS W124,COUPE C124,G-CLASS W460,E-CLASS Kombi S124,COUPE C123,KOMBI Kombi S123,E-CLASS Cabriolet A124,E-CLASS Coupe C124,CABRIOLET A124; PUCH: G-MODELL W 460; 0012951307, 0012951407, 0012952707, 0012952907, 0012953007, 0012955707, 0012956107, 2012900011, 2012900111, 2012900311, A0012951307, A0012951407, A0012952707, A0012952907, A0012953007, A0012955707, A0012956107, A2012900011, A2012900111, A2012900311; Ty\u00f6sylinteri, Kytkin<\/p>\n","protected":false},"excerpt":{"rendered":"<p>BOSCH Kytkimen Ty\u00f6sylinteri 0 986 486 503 Ty\u00f6sylinteri, Kytkin MERCEDES-BENZ,PUCH,C-CLASS W202,190 W201,E-CLASS W210,Stufenheck W124,SL R107<\/p>\n","protected":false},"featured_media":0,"template":"","meta":{"site-sidebar-layout":"default","site-content-layout":"default","ast-global-header-display":"","ast-main-header-display":"","ast-hfb-above-header-display":"","ast-hfb-below-header-display":"","ast-hfb-mobile-header-display":"","site-post-title":"","ast-breadcrumbs-content":"","ast-featured-img":"","footer-sml-layout":"","theme-transparent-header-meta":"","adv-header-id-meta":"","stick-header-meta":"","header-above-stick-meta":"","header-main-stick-meta":"","header-below-stick-meta":""},"pwb-brand":[534],"product_cat":[310],"product_tag":[],"class_list":{"0":"post-102661","1":"product","2":"type-product","3":"status-publish","5":"pwb-brand-bosch","6":"product_cat-kytkimen-tyosylinteri","7":"desktop-align-left","8":"tablet-align-left","9":"mobile-align-left","11":"first","12":"instock","13":"product-type-external"},"brands":[{"id":534,"name":"Bosch","slug":"bosch"}],"_links":{"self":[{"href":"https:\/\/www.autonvaraosahaku.fi\/index.php?rest_route=\/wp\/v2\/product\/102661","targetHints":{"allow":["GET"]}}],"collection":[{"href":"https:\/\/www.autonvaraosahaku.fi\/index.php?rest_route=\/wp\/v2\/product"}],"about":[{"href":"https:\/\/www.autonvaraosahaku.fi\/index.php?rest_route=\/wp\/v2\/types\/product"}],"wp:attachment":[{"href":"https:\/\/www.autonvaraosahaku.fi\/index.php?rest_route=%2Fwp%2Fv2%2Fmedia&parent=102661"}],"wp:term":[{"taxonomy":"pwb-brand","embeddable":true,"href":"https:\/\/www.autonvaraosahaku.fi\/index.php?rest_route=%2Fwp%2Fv2%2Fpwb-brand&post=102661"},{"taxonomy":"product_cat","embeddable":true,"href":"https:\/\/www.autonvaraosahaku.fi\/index.php?rest_route=%2Fwp%2Fv2%2Fproduct_cat&post=102661"},{"taxonomy":"product_tag","embeddable":true,"href":"https:\/\/www.autonvaraosahaku.fi\/index.php?rest_route=%2Fwp%2Fv2%2Fproduct_tag&post=102661"}],"curies":[{"name":"wp","href":"https:\/\/api.w.org\/{rel}","templated":true}]}}