{"id":102683,"date":"2021-02-21T22:51:36","date_gmt":"2021-02-21T22:51:36","guid":{"rendered":"https:\/\/www.autonvaraosahaku.fi\/?product=bosch-0-250-202-103-hehkutulppa"},"modified":"2021-02-21T22:51:41","modified_gmt":"2021-02-21T22:51:41","slug":"bosch-0-250-202-103-hehkutulppa","status":"publish","type":"product","link":"https:\/\/www.autonvaraosahaku.fi\/?product=bosch-0-250-202-103-hehkutulppa","title":{"rendered":"Bosch 0 250 202 103 Hehkutulppa"},"content":{"rendered":"<p>Hehkutulppatyyppi: Hehkutulppa, puikko, j\u00e4lkihehkutuksenkest\u00e4v\u00e4; Pituus (mm): 107, 107; Kierre 1: M 10 x 1; Kartionousu: 63; Avainv\u00e4li: 10; Kiristysmomentti > [Nm]: 10; Kiristysmomentti enint\u00e4\u00e4n [Nm]: 15; Liittimet: PIN; Asennussyvyys (mm): 33; lis\u00e4tieto: Duraterm; BMW: 3 E46,5 E39,3 Touring E46,5 Touring E39,X5 E53,7 E38; LAND ROVER: FREELANDER LN,RANGE ROVER III LM,FREELANDER Soft Top; ROVER: 75 RJ,75 Tourer RJ; OPEL: OMEGA B Caravan 21_, 22_, 23_,OMEGA B 25_, 26_, 27_; MG: MG ZT- T,MG ZT; VAUXHALL: OMEGA B,OMEGA B Estate; 12232248059, 596038, NCC100120L, NCC100120, 1214018, 93171875, 596038, NCC100120, NCC100120L, 93171875<\/p>\n","protected":false},"excerpt":{"rendered":"<p>BOSCH Hehkutulppa 0 250 202 103  BMW,LAND ROVER,ROVER,3 E46,5 E39,3 Touring E46,5 Touring E39,X5 E53,7 E38,FREELANDER LN,RANGE ROVER III LM<\/p>\n","protected":false},"featured_media":0,"template":"","meta":{"site-sidebar-layout":"default","site-content-layout":"default","ast-global-header-display":"","ast-main-header-display":"","ast-hfb-above-header-display":"","ast-hfb-below-header-display":"","ast-hfb-mobile-header-display":"","site-post-title":"","ast-breadcrumbs-content":"","ast-featured-img":"","footer-sml-layout":"","theme-transparent-header-meta":"","adv-header-id-meta":"","stick-header-meta":"","header-above-stick-meta":"","header-main-stick-meta":"","header-below-stick-meta":""},"pwb-brand":[534],"product_cat":[52],"product_tag":[],"class_list":{"0":"post-102683","1":"product","2":"type-product","3":"status-publish","5":"pwb-brand-bosch","6":"product_cat-hehkutulppa","7":"desktop-align-left","8":"tablet-align-left","9":"mobile-align-left","11":"first","12":"instock","13":"product-type-external"},"brands":[{"id":534,"name":"Bosch","slug":"bosch"}],"_links":{"self":[{"href":"https:\/\/www.autonvaraosahaku.fi\/index.php?rest_route=\/wp\/v2\/product\/102683","targetHints":{"allow":["GET"]}}],"collection":[{"href":"https:\/\/www.autonvaraosahaku.fi\/index.php?rest_route=\/wp\/v2\/product"}],"about":[{"href":"https:\/\/www.autonvaraosahaku.fi\/index.php?rest_route=\/wp\/v2\/types\/product"}],"wp:attachment":[{"href":"https:\/\/www.autonvaraosahaku.fi\/index.php?rest_route=%2Fwp%2Fv2%2Fmedia&parent=102683"}],"wp:term":[{"taxonomy":"pwb-brand","embeddable":true,"href":"https:\/\/www.autonvaraosahaku.fi\/index.php?rest_route=%2Fwp%2Fv2%2Fpwb-brand&post=102683"},{"taxonomy":"product_cat","embeddable":true,"href":"https:\/\/www.autonvaraosahaku.fi\/index.php?rest_route=%2Fwp%2Fv2%2Fproduct_cat&post=102683"},{"taxonomy":"product_tag","embeddable":true,"href":"https:\/\/www.autonvaraosahaku.fi\/index.php?rest_route=%2Fwp%2Fv2%2Fproduct_tag&post=102683"}],"curies":[{"name":"wp","href":"https:\/\/api.w.org\/{rel}","templated":true}]}}