{"id":102705,"date":"2021-02-21T22:51:44","date_gmt":"2021-02-21T22:51:44","guid":{"rendered":"https:\/\/www.autonvaraosahaku.fi\/?product=bosch-f-00m-144-136-laturin-jannitteensaadin"},"modified":"2021-02-21T22:51:51","modified_gmt":"2021-02-21T22:51:51","slug":"bosch-f-00m-144-136-laturin-jannitteensaadin","status":"publish","type":"product","link":"https:\/\/www.autonvaraosahaku.fi\/?product=bosch-f-00m-144-136-laturin-jannitteensaadin","title":{"rendered":"Bosch F 00M 144 136 Laturin j\u00e4nnitteens\u00e4\u00e4din"},"content":{"rendered":"<p>TECDOC-moottorinumero: 9344; VW: PASSAT Variant 3B6,TRANSPORTER IV Bus 70XB, 70XC, 7DB, 7DW,PASSAT Variant 3B5,TOUAREG 7LA, 7L6, 7L7,PASSAT 3B2,TRANSPORTER IV Kasten 70XA,PASSAT 3B3,TRANSPORTER IV Pritsche\/Fahrgestell 70XD,LT 28-46 II Kasten 2DA, 2DD, 2DH,LT 28-35 II Bus 2DB, 2DE, 2DK,LT 28-46 II Pritsche\/Fahrgestell 2DC, 2DF, 2DG, 2DL, 2DM; AUDI: A4 8D2, B5,A6 Avant 4B5, C5,A4 Avant 8D5, B5,A2 8Z0,A6 4B2, C5; SKODA: OCTAVIA Combi 1U5,OCTAVIA 1U2,SUPERB 3U4; PORSCHE: CAYENNE 955,BOXSTER 986,911 996,911 997,911 Cabriolet 996,CAYMAN 987,911 Cabriolet 997,911 Targa 996,911 Targa 997,CARRERA GT; 038903803E, 038903803EX; Laturin S\u00e4\u00e4din,J\u00e4nniteens\u00e4\u00e4din<\/p>\n","protected":false},"excerpt":{"rendered":"<p>BOSCH Laturin J\u00e4nnitteens\u00e4\u00e4din F 00M 144 136 Laturin S\u00e4\u00e4din,J\u00e4nniteens\u00e4\u00e4din VW,AUDI,SKODA,PASSAT Variant 3B6,TRANSPORTER IV Bus 70XB, 70XC, 7DB, 7DW<\/p>\n","protected":false},"featured_media":0,"template":"","meta":{"site-sidebar-layout":"default","site-content-layout":"default","ast-global-header-display":"","ast-main-header-display":"","ast-hfb-above-header-display":"","ast-hfb-below-header-display":"","ast-hfb-mobile-header-display":"","site-post-title":"","ast-breadcrumbs-content":"","ast-featured-img":"","footer-sml-layout":"","theme-transparent-header-meta":"","adv-header-id-meta":"","stick-header-meta":"","header-above-stick-meta":"","header-main-stick-meta":"","header-below-stick-meta":""},"pwb-brand":[534],"product_cat":[420],"product_tag":[],"class_list":{"0":"post-102705","1":"product","2":"type-product","3":"status-publish","5":"pwb-brand-bosch","6":"product_cat-laturin-jannitteensaadin","7":"desktop-align-left","8":"tablet-align-left","9":"mobile-align-left","11":"first","12":"instock","13":"product-type-external"},"brands":[{"id":534,"name":"Bosch","slug":"bosch"}],"_links":{"self":[{"href":"https:\/\/www.autonvaraosahaku.fi\/index.php?rest_route=\/wp\/v2\/product\/102705","targetHints":{"allow":["GET"]}}],"collection":[{"href":"https:\/\/www.autonvaraosahaku.fi\/index.php?rest_route=\/wp\/v2\/product"}],"about":[{"href":"https:\/\/www.autonvaraosahaku.fi\/index.php?rest_route=\/wp\/v2\/types\/product"}],"wp:attachment":[{"href":"https:\/\/www.autonvaraosahaku.fi\/index.php?rest_route=%2Fwp%2Fv2%2Fmedia&parent=102705"}],"wp:term":[{"taxonomy":"pwb-brand","embeddable":true,"href":"https:\/\/www.autonvaraosahaku.fi\/index.php?rest_route=%2Fwp%2Fv2%2Fpwb-brand&post=102705"},{"taxonomy":"product_cat","embeddable":true,"href":"https:\/\/www.autonvaraosahaku.fi\/index.php?rest_route=%2Fwp%2Fv2%2Fproduct_cat&post=102705"},{"taxonomy":"product_tag","embeddable":true,"href":"https:\/\/www.autonvaraosahaku.fi\/index.php?rest_route=%2Fwp%2Fv2%2Fproduct_tag&post=102705"}],"curies":[{"name":"wp","href":"https:\/\/api.w.org\/{rel}","templated":true}]}}