{"id":102725,"date":"2021-02-21T22:51:53","date_gmt":"2021-02-21T22:51:53","guid":{"rendered":"https:\/\/www.autonvaraosahaku.fi\/?product=bosch-f-026-407-075-oljynsuodatin"},"modified":"2021-02-21T22:51:59","modified_gmt":"2021-02-21T22:51:59","slug":"bosch-f-026-407-075-oljynsuodatin","status":"publish","type":"product","link":"https:\/\/www.autonvaraosahaku.fi\/?product=bosch-f-026-407-075-oljynsuodatin","title":{"rendered":"Bosch F 026 407 075 \u00d6ljynsuodatin"},"content":{"rendered":"<p>Suodatintyyppi: Suodatinpanos; Korkeus (mm): 104; Ulkol\u00e4pimitta [mm]: 83; L\u00e4pimitta 1 [mm]: 44; Valmistusvuoteen: 10\/2015; LAND ROVER: FREELANDER 2 FA_; VOLVO: XC60,XC90 I,V70 III BW,V60,XC70 II,S80 II AS,S60 II; LR001419, LR001419, 30750013, 4G7V6744AA<\/p>\n","protected":false},"excerpt":{"rendered":"<p>BOSCH \u00d6ljynsuodatin F 026 407 075  LAND ROVER,VOLVO,FREELANDER 2 FA_,XC60,XC90 I,V70 III BW,V60,XC70 II,S80 II AS,S60 II<\/p>\n","protected":false},"featured_media":0,"template":"","meta":{"site-sidebar-layout":"default","site-content-layout":"default","ast-global-header-display":"","ast-main-header-display":"","ast-hfb-above-header-display":"","ast-hfb-below-header-display":"","ast-hfb-mobile-header-display":"","site-post-title":"","ast-breadcrumbs-content":"","ast-featured-img":"","footer-sml-layout":"","theme-transparent-header-meta":"","adv-header-id-meta":"","stick-header-meta":"","header-above-stick-meta":"","header-main-stick-meta":"","header-below-stick-meta":""},"pwb-brand":[534],"product_cat":[30],"product_tag":[],"class_list":{"0":"post-102725","1":"product","2":"type-product","3":"status-publish","5":"pwb-brand-bosch","6":"product_cat-oljynsuodatin","7":"desktop-align-left","8":"tablet-align-left","9":"mobile-align-left","11":"first","12":"instock","13":"product-type-external"},"brands":[{"id":534,"name":"Bosch","slug":"bosch"}],"_links":{"self":[{"href":"https:\/\/www.autonvaraosahaku.fi\/index.php?rest_route=\/wp\/v2\/product\/102725","targetHints":{"allow":["GET"]}}],"collection":[{"href":"https:\/\/www.autonvaraosahaku.fi\/index.php?rest_route=\/wp\/v2\/product"}],"about":[{"href":"https:\/\/www.autonvaraosahaku.fi\/index.php?rest_route=\/wp\/v2\/types\/product"}],"wp:attachment":[{"href":"https:\/\/www.autonvaraosahaku.fi\/index.php?rest_route=%2Fwp%2Fv2%2Fmedia&parent=102725"}],"wp:term":[{"taxonomy":"pwb-brand","embeddable":true,"href":"https:\/\/www.autonvaraosahaku.fi\/index.php?rest_route=%2Fwp%2Fv2%2Fpwb-brand&post=102725"},{"taxonomy":"product_cat","embeddable":true,"href":"https:\/\/www.autonvaraosahaku.fi\/index.php?rest_route=%2Fwp%2Fv2%2Fproduct_cat&post=102725"},{"taxonomy":"product_tag","embeddable":true,"href":"https:\/\/www.autonvaraosahaku.fi\/index.php?rest_route=%2Fwp%2Fv2%2Fproduct_tag&post=102725"}],"curies":[{"name":"wp","href":"https:\/\/api.w.org\/{rel}","templated":true}]}}