{"id":10274,"date":"2021-02-21T14:08:19","date_gmt":"2021-02-21T14:08:19","guid":{"rendered":"https:\/\/www.autonvaraosahaku.fi\/?product=trucktec-automotive-08-59-087-raitisilmasuodatin"},"modified":"2021-02-21T14:08:20","modified_gmt":"2021-02-21T14:08:20","slug":"trucktec-automotive-08-59-087-raitisilmasuodatin","status":"publish","type":"product","link":"https:\/\/www.autonvaraosahaku.fi\/?product=trucktec-automotive-08-59-087-raitisilmasuodatin","title":{"rendered":"TRUCKTEC AUTOMOTIVE 08.59.087 Raitisilmasuodatin"},"content":{"rendered":"<p>OE-numerolle: 64 31 6 945 596; Suodatintyyppi: Siitep\u00f6lysuodin; BMW: X5 E70,X6 E71, E72,X5 F15, F85,X6 F16, F86; 64316945596, 64319194098; Sis\u00e4ilmansuodatin,Suodatin, Sis\u00e4ilma<\/p>\n","protected":false},"excerpt":{"rendered":"<p>TRUCKTEC AUTOMOTIVE Raitisilmasuodatin 08.59.087 Sis\u00e4ilmansuodatin,Suodatin, Sis\u00e4ilma BMW,X5 E70,X6 E71, E72,X5 F15, F85,X6 F16, F86<\/p>\n","protected":false},"featured_media":0,"template":"","meta":{"site-sidebar-layout":"default","site-content-layout":"default","ast-global-header-display":"","ast-main-header-display":"","ast-hfb-above-header-display":"","ast-hfb-below-header-display":"","ast-hfb-mobile-header-display":"","site-post-title":"","ast-breadcrumbs-content":"","ast-featured-img":"","footer-sml-layout":"","theme-transparent-header-meta":"","adv-header-id-meta":"","stick-header-meta":"","header-above-stick-meta":"","header-main-stick-meta":"","header-below-stick-meta":""},"pwb-brand":[147],"product_cat":[19],"product_tag":[],"class_list":{"0":"post-10274","1":"product","2":"type-product","3":"status-publish","5":"pwb-brand-trucktec-automotive","6":"product_cat-raitisilmasuodatin","7":"desktop-align-left","8":"tablet-align-left","9":"mobile-align-left","11":"first","12":"instock","13":"product-type-external"},"brands":[{"id":147,"name":"TRUCKTEC AUTOMOTIVE","slug":"trucktec-automotive"}],"_links":{"self":[{"href":"https:\/\/www.autonvaraosahaku.fi\/index.php?rest_route=\/wp\/v2\/product\/10274","targetHints":{"allow":["GET"]}}],"collection":[{"href":"https:\/\/www.autonvaraosahaku.fi\/index.php?rest_route=\/wp\/v2\/product"}],"about":[{"href":"https:\/\/www.autonvaraosahaku.fi\/index.php?rest_route=\/wp\/v2\/types\/product"}],"wp:attachment":[{"href":"https:\/\/www.autonvaraosahaku.fi\/index.php?rest_route=%2Fwp%2Fv2%2Fmedia&parent=10274"}],"wp:term":[{"taxonomy":"pwb-brand","embeddable":true,"href":"https:\/\/www.autonvaraosahaku.fi\/index.php?rest_route=%2Fwp%2Fv2%2Fpwb-brand&post=10274"},{"taxonomy":"product_cat","embeddable":true,"href":"https:\/\/www.autonvaraosahaku.fi\/index.php?rest_route=%2Fwp%2Fv2%2Fproduct_cat&post=10274"},{"taxonomy":"product_tag","embeddable":true,"href":"https:\/\/www.autonvaraosahaku.fi\/index.php?rest_route=%2Fwp%2Fv2%2Fproduct_tag&post=10274"}],"curies":[{"name":"wp","href":"https:\/\/api.w.org\/{rel}","templated":true}]}}