{"id":102741,"date":"2021-02-21T22:52:02","date_gmt":"2021-02-21T22:52:02","guid":{"rendered":"https:\/\/www.autonvaraosahaku.fi\/?product=bosch-0-280-161-511-polttoaineen-paineensaadin"},"modified":"2021-02-21T22:52:06","modified_gmt":"2021-02-21T22:52:06","slug":"bosch-0-280-161-511-polttoaineen-paineensaadin","status":"publish","type":"product","link":"https:\/\/www.autonvaraosahaku.fi\/?product=bosch-0-280-161-511-polttoaineen-paineensaadin","title":{"rendered":"Bosch 0 280 161 511 Polttoaineen paineens\u00e4\u00e4din"},"content":{"rendered":"<p>Valmistusvuoteen: 01\/2003; MERCEDES-BENZ: C-CLASS W203,C-CLASS T-Model S203,E-CLASS W210,C-CLASS Coupe CL203,E-CLASS Kombi S210,SLK R171,CLC-CLASS CL203; CITRO\u00cbN: C8 EA_, EB_,C5 I DC_,C5 I Break DE_; PEUGEOT: 807 E,607 9D, 9U; RENAULT: MEGANE III Grandtour KZ0\/1,SC\u00c9NIC III JZ0\/1_,MEGANE III Schr\u00e4gheck BZ0_,GRAND SC\u00c9NIC III JZ0\/1_,MEGANE III Coupe DZ0\/1_,MEGANE CC EZ0\/1_; 1563J8, 1110780292, 1110780392, A1110780292, A1110780392, 1563J8, 226755750R<\/p>\n","protected":false},"excerpt":{"rendered":"<p>BOSCH Polttoaineen Paineens\u00e4\u00e4t\u00e4j\u00e4 0 280 161 511  MERCEDES-BENZ,CITRO\u00cbN,PEUGEOT,C-CLASS W203,C-CLASS T-Model S203,E-CLASS W210,C-CLASS Coupe CL203<\/p>\n","protected":false},"featured_media":0,"template":"","meta":{"site-sidebar-layout":"default","site-content-layout":"default","ast-global-header-display":"","ast-main-header-display":"","ast-hfb-above-header-display":"","ast-hfb-below-header-display":"","ast-hfb-mobile-header-display":"","site-post-title":"","ast-breadcrumbs-content":"","ast-featured-img":"","footer-sml-layout":"","theme-transparent-header-meta":"","adv-header-id-meta":"","stick-header-meta":"","header-above-stick-meta":"","header-main-stick-meta":"","header-below-stick-meta":""},"pwb-brand":[534],"product_cat":[246],"product_tag":[],"class_list":{"0":"post-102741","1":"product","2":"type-product","3":"status-publish","5":"pwb-brand-bosch","6":"product_cat-polttoaineen-paineensaadin","7":"desktop-align-left","8":"tablet-align-left","9":"mobile-align-left","11":"first","12":"instock","13":"product-type-external"},"brands":[{"id":534,"name":"Bosch","slug":"bosch"}],"_links":{"self":[{"href":"https:\/\/www.autonvaraosahaku.fi\/index.php?rest_route=\/wp\/v2\/product\/102741","targetHints":{"allow":["GET"]}}],"collection":[{"href":"https:\/\/www.autonvaraosahaku.fi\/index.php?rest_route=\/wp\/v2\/product"}],"about":[{"href":"https:\/\/www.autonvaraosahaku.fi\/index.php?rest_route=\/wp\/v2\/types\/product"}],"wp:attachment":[{"href":"https:\/\/www.autonvaraosahaku.fi\/index.php?rest_route=%2Fwp%2Fv2%2Fmedia&parent=102741"}],"wp:term":[{"taxonomy":"pwb-brand","embeddable":true,"href":"https:\/\/www.autonvaraosahaku.fi\/index.php?rest_route=%2Fwp%2Fv2%2Fpwb-brand&post=102741"},{"taxonomy":"product_cat","embeddable":true,"href":"https:\/\/www.autonvaraosahaku.fi\/index.php?rest_route=%2Fwp%2Fv2%2Fproduct_cat&post=102741"},{"taxonomy":"product_tag","embeddable":true,"href":"https:\/\/www.autonvaraosahaku.fi\/index.php?rest_route=%2Fwp%2Fv2%2Fproduct_tag&post=102741"}],"curies":[{"name":"wp","href":"https:\/\/api.w.org\/{rel}","templated":true}]}}