{"id":102767,"date":"2021-02-21T22:52:10","date_gmt":"2021-02-21T22:52:10","guid":{"rendered":"https:\/\/www.autonvaraosahaku.fi\/?product=bosch-0-986-628-540-raitisilmasuodatin"},"modified":"2021-02-21T22:52:17","modified_gmt":"2021-02-21T22:52:17","slug":"bosch-0-986-628-540-raitisilmasuodatin","status":"publish","type":"product","link":"https:\/\/www.autonvaraosahaku.fi\/?product=bosch-0-986-628-540-raitisilmasuodatin","title":{"rendered":"Bosch 0 986 628 540 Raitisilmasuodatin"},"content":{"rendered":"<p>Suodatintyyppi: Aktiivihiilisuodatin, Hienotomusuodatin (PM 2.5), anti-allergisella vaikutuksella, Antibakteerisella vaikutuksella; Pituus (mm): 208,2; Leveys (mm): 200; Korkeus (mm): 35; M\u00e4\u00e4r\u00e4: 1; lis\u00e4tieto: SUODATIN+; TECDOC-moottorinumero: 28005; LADA: VESTA,VESTA SW; NISSAN: MICRA V K14; DACIA: SANDERO II,LOGAN MCV II,LOGAN II; RENAULT: CLIO IV,CAPTUR,CLIO Grandtour IV,SANDERO\/STEPWAY I,THALIA II LU1\/2_,CLIO IV Kasten,SANDERO\/STEPWAY II,LOGAN II Kombi,LOGAN II,THALIA III; 272773016R, 272778214R, A2200300, A22101900, 272773016R, 272778214R, 272770567R, 272773016R, 272773151R, 272775FA0A, 272777764R, 272778214R, 272779683R, 272889739R, A2200300; Sis\u00e4ilmansuodatin,Suodatin, Sis\u00e4ilma<\/p>\n","protected":false},"excerpt":{"rendered":"<p>BOSCH Raitisilmasuodatin 0 986 628 540 Sis\u00e4ilmansuodatin,Suodatin, Sis\u00e4ilma LADA,NISSAN,DACIA,VESTA,VESTA SW,MICRA V K14,SANDERO II,LOGAN MCV II<\/p>\n","protected":false},"featured_media":0,"template":"","meta":{"site-sidebar-layout":"default","site-content-layout":"default","ast-global-header-display":"","ast-main-header-display":"","ast-hfb-above-header-display":"","ast-hfb-below-header-display":"","ast-hfb-mobile-header-display":"","site-post-title":"","ast-breadcrumbs-content":"","ast-featured-img":"","footer-sml-layout":"","theme-transparent-header-meta":"","adv-header-id-meta":"","stick-header-meta":"","header-above-stick-meta":"","header-main-stick-meta":"","header-below-stick-meta":""},"pwb-brand":[534],"product_cat":[19],"product_tag":[],"class_list":{"0":"post-102767","1":"product","2":"type-product","3":"status-publish","5":"pwb-brand-bosch","6":"product_cat-raitisilmasuodatin","7":"desktop-align-left","8":"tablet-align-left","9":"mobile-align-left","11":"first","12":"instock","13":"product-type-external"},"brands":[{"id":534,"name":"Bosch","slug":"bosch"}],"_links":{"self":[{"href":"https:\/\/www.autonvaraosahaku.fi\/index.php?rest_route=\/wp\/v2\/product\/102767","targetHints":{"allow":["GET"]}}],"collection":[{"href":"https:\/\/www.autonvaraosahaku.fi\/index.php?rest_route=\/wp\/v2\/product"}],"about":[{"href":"https:\/\/www.autonvaraosahaku.fi\/index.php?rest_route=\/wp\/v2\/types\/product"}],"wp:attachment":[{"href":"https:\/\/www.autonvaraosahaku.fi\/index.php?rest_route=%2Fwp%2Fv2%2Fmedia&parent=102767"}],"wp:term":[{"taxonomy":"pwb-brand","embeddable":true,"href":"https:\/\/www.autonvaraosahaku.fi\/index.php?rest_route=%2Fwp%2Fv2%2Fpwb-brand&post=102767"},{"taxonomy":"product_cat","embeddable":true,"href":"https:\/\/www.autonvaraosahaku.fi\/index.php?rest_route=%2Fwp%2Fv2%2Fproduct_cat&post=102767"},{"taxonomy":"product_tag","embeddable":true,"href":"https:\/\/www.autonvaraosahaku.fi\/index.php?rest_route=%2Fwp%2Fv2%2Fproduct_tag&post=102767"}],"curies":[{"name":"wp","href":"https:\/\/api.w.org\/{rel}","templated":true}]}}