{"id":102780,"date":"2021-02-21T22:52:19","date_gmt":"2021-02-21T22:52:19","guid":{"rendered":"https:\/\/www.autonvaraosahaku.fi\/?product=bosch-0-281-004-203-lambda-anturi"},"modified":"2021-02-21T22:52:24","modified_gmt":"2021-02-21T22:52:24","slug":"bosch-0-281-004-203-lambda-anturi","status":"publish","type":"product","link":"https:\/\/www.autonvaraosahaku.fi\/?product=bosch-0-281-004-203-lambda-anturi","title":{"rendered":"Bosch 0 281 004 203 Lambda anturi"},"content":{"rendered":"<p>Johtojen lukum\u00e4\u00e4r\u00e4: 5; Kokonaispituus (mm): 560; Suositeltu vaihtov\u00e4li [km]: 250000; TECDOC-moottorinumero: 26065; MERCEDES-BENZ: C-CLASS W204,C-CLASS T-Model S204,E-CLASS W212,VIANO W639,E-CLASS T-Model S212,GLK-CLASS X204,VITO Bus W639,VITO \/ MIXTO Kasten W639,SPRINTER 3,5-t Kasten 906,R-CLASS W251, V251,M-CLASS W166,E-CLASS Coupe C207,SPRINTER 3,5-t Bus 906,SPRINTER 3-t Kasten 906,E-CLASS Cabriolet A207,G-CLASS W461,CLS C218,SPRINTER 3,5-t Pritsche\/Fahrgestell 906,SPRINTER 3-t Bus 906,CLS Shooting Brake X218,SPRINTER CLASSIC 3,5-t Kasten 909,SPRINTER 5-t Kasten 906,SPRINTER 5-t Pritsche\/Fahrgestell 906,GL-CLASS X166,SPRINTER 3-t Pritsche\/Fahrgestell 906,SPRINTER 4,6-t Pritsche\/Fahrgestell 906,SPRINTER CLASSIC 4,6-t Bus 909,SPRINTER 4,6-t Kasten 906,V-CLASS W447,SPRINTER 5-t Bus,E-CLASS W213,VITO Tourer W447,GLC X253,E-CLASS T-Model S213,VITO Kasten W447,VITO Mixto W447,GLC Coupe C253,GLS X166,E-CLASS Coupe C238,E-CLASS Cabriolet A238,E-CLASS All-Terrain S213; 0065421718, 0065424918, A0065421718, A0065424918, A0065424918; Lambdatunnistin,Happianturi<\/p>\n","protected":false},"excerpt":{"rendered":"<p>BOSCH Lambda Anturi 0 281 004 203 Lambdatunnistin,Happianturi MERCEDES-BENZ,C-CLASS W204,C-CLASS T-Model S204,E-CLASS W212,VIANO W639<\/p>\n","protected":false},"featured_media":0,"template":"","meta":{"site-sidebar-layout":"default","site-content-layout":"default","ast-global-header-display":"","ast-main-header-display":"","ast-hfb-above-header-display":"","ast-hfb-below-header-display":"","ast-hfb-mobile-header-display":"","site-post-title":"","ast-breadcrumbs-content":"","ast-featured-img":"","footer-sml-layout":"","theme-transparent-header-meta":"","adv-header-id-meta":"","stick-header-meta":"","header-above-stick-meta":"","header-main-stick-meta":"","header-below-stick-meta":""},"pwb-brand":[534],"product_cat":[264],"product_tag":[],"class_list":{"0":"post-102780","1":"product","2":"type-product","3":"status-publish","5":"pwb-brand-bosch","6":"product_cat-lambda-anturi","7":"desktop-align-left","8":"tablet-align-left","9":"mobile-align-left","11":"first","12":"instock","13":"product-type-external"},"brands":[{"id":534,"name":"Bosch","slug":"bosch"}],"_links":{"self":[{"href":"https:\/\/www.autonvaraosahaku.fi\/index.php?rest_route=\/wp\/v2\/product\/102780","targetHints":{"allow":["GET"]}}],"collection":[{"href":"https:\/\/www.autonvaraosahaku.fi\/index.php?rest_route=\/wp\/v2\/product"}],"about":[{"href":"https:\/\/www.autonvaraosahaku.fi\/index.php?rest_route=\/wp\/v2\/types\/product"}],"wp:attachment":[{"href":"https:\/\/www.autonvaraosahaku.fi\/index.php?rest_route=%2Fwp%2Fv2%2Fmedia&parent=102780"}],"wp:term":[{"taxonomy":"pwb-brand","embeddable":true,"href":"https:\/\/www.autonvaraosahaku.fi\/index.php?rest_route=%2Fwp%2Fv2%2Fpwb-brand&post=102780"},{"taxonomy":"product_cat","embeddable":true,"href":"https:\/\/www.autonvaraosahaku.fi\/index.php?rest_route=%2Fwp%2Fv2%2Fproduct_cat&post=102780"},{"taxonomy":"product_tag","embeddable":true,"href":"https:\/\/www.autonvaraosahaku.fi\/index.php?rest_route=%2Fwp%2Fv2%2Fproduct_tag&post=102780"}],"curies":[{"name":"wp","href":"https:\/\/api.w.org\/{rel}","templated":true}]}}