{"id":102829,"date":"2021-02-21T22:52:37","date_gmt":"2021-02-21T22:52:37","guid":{"rendered":"https:\/\/www.autonvaraosahaku.fi\/?product=bosch-0-258-006-927-lambda-anturi"},"modified":"2021-02-21T22:52:44","modified_gmt":"2021-02-21T22:52:44","slug":"bosch-0-258-006-927-lambda-anturi","status":"publish","type":"product","link":"https:\/\/www.autonvaraosahaku.fi\/?product=bosch-0-258-006-927-lambda-anturi","title":{"rendered":"Bosch 0 258 006 927 Lambda anturi"},"content":{"rendered":"<p>Johtojen lukum\u00e4\u00e4r\u00e4: 4; Kokonaispituus (mm): 660; Suositeltu vaihtov\u00e4li [km]: 250000; Valmistusvuoteen: 12\/2014; VOLVO: XC60,V70 III BW,V60,V40 Schr\u00e4gheck,S80 II AS,S60 II; FORD: MONDEO IV Turnier BA7,S-MAX WA6,GALAXY WA6,MONDEO IV BA7,MONDEO IV Stufenheck BA7,MONDEO V Stufenheck; 1376445, 6G919G444AA; Lambdatunnistin,Happianturi<\/p>\n","protected":false},"excerpt":{"rendered":"<p>BOSCH Lambda Anturi 0 258 006 927 Lambdatunnistin,Happianturi VOLVO,FORD,XC60,V70 III BW,V60,V40 Schr\u00e4gheck,S80 II AS,S60 II,MONDEO IV Turnier BA7<\/p>\n","protected":false},"featured_media":0,"template":"","meta":{"site-sidebar-layout":"default","site-content-layout":"default","ast-global-header-display":"","ast-main-header-display":"","ast-hfb-above-header-display":"","ast-hfb-below-header-display":"","ast-hfb-mobile-header-display":"","site-post-title":"","ast-breadcrumbs-content":"","ast-featured-img":"","footer-sml-layout":"","theme-transparent-header-meta":"","adv-header-id-meta":"","stick-header-meta":"","header-above-stick-meta":"","header-main-stick-meta":"","header-below-stick-meta":""},"pwb-brand":[534],"product_cat":[264],"product_tag":[],"class_list":{"0":"post-102829","1":"product","2":"type-product","3":"status-publish","5":"pwb-brand-bosch","6":"product_cat-lambda-anturi","7":"desktop-align-left","8":"tablet-align-left","9":"mobile-align-left","11":"first","12":"instock","13":"product-type-external"},"brands":[{"id":534,"name":"Bosch","slug":"bosch"}],"_links":{"self":[{"href":"https:\/\/www.autonvaraosahaku.fi\/index.php?rest_route=\/wp\/v2\/product\/102829","targetHints":{"allow":["GET"]}}],"collection":[{"href":"https:\/\/www.autonvaraosahaku.fi\/index.php?rest_route=\/wp\/v2\/product"}],"about":[{"href":"https:\/\/www.autonvaraosahaku.fi\/index.php?rest_route=\/wp\/v2\/types\/product"}],"wp:attachment":[{"href":"https:\/\/www.autonvaraosahaku.fi\/index.php?rest_route=%2Fwp%2Fv2%2Fmedia&parent=102829"}],"wp:term":[{"taxonomy":"pwb-brand","embeddable":true,"href":"https:\/\/www.autonvaraosahaku.fi\/index.php?rest_route=%2Fwp%2Fv2%2Fpwb-brand&post=102829"},{"taxonomy":"product_cat","embeddable":true,"href":"https:\/\/www.autonvaraosahaku.fi\/index.php?rest_route=%2Fwp%2Fv2%2Fproduct_cat&post=102829"},{"taxonomy":"product_tag","embeddable":true,"href":"https:\/\/www.autonvaraosahaku.fi\/index.php?rest_route=%2Fwp%2Fv2%2Fproduct_tag&post=102829"}],"curies":[{"name":"wp","href":"https:\/\/api.w.org\/{rel}","templated":true}]}}