{"id":102837,"date":"2021-02-21T22:52:45","date_gmt":"2021-02-21T22:52:45","guid":{"rendered":"https:\/\/www.autonvaraosahaku.fi\/?product=bosch-0-242-236-592-sytytystulpat"},"modified":"2021-02-21T22:52:48","modified_gmt":"2021-02-21T22:52:48","slug":"bosch-0-242-236-592-sytytystulpat","status":"publish","type":"product","link":"https:\/\/www.autonvaraosahaku.fi\/?product=bosch-0-242-236-592-sytytystulpat","title":{"rendered":"Bosch 0 242 236 592 Sytytystulpat"},"content":{"rendered":"<p>K\u00e4rkiv\u00e4li (mm): 1,0; Kiristysmomentti: 28; Kiristyskulma [Grad]: 90; Ulkokierre [mm]: 14; Kierrenousu (mm): 1,25; Kierteen pituus (mm): 19; Avainv\u00e4li: 16; Kipin\u00e4et\u00e4isyys [mm]: 5; Napojen m\u00e4\u00e4r\u00e4: 1; Moottorinumero: F2; MAZDA: 323 F VI BJ,PREMACY CP,626 V Hatchback GF,MPV II LW,626 V GF,626 IV Hatchback GE,FAMILIA VI BJ,B-SERIE UN,XEDOS 9 TA,626 IV GE,MX-6 GE,626 III GD,626 III Hatchback GD,626 III Coupe GD,626 III Station Wagon GV,929 III HC,B-SERIE UF,MPV I LV,MX-6 GD,B-SERIE Pritsche\/Fahrgestell UF; CHEVROLET: CRUZE J300; JEEP: GRAND CHEROKEE III WH, WK,CHEROKEE KJ,COMMANDER XK; FORD USA: PROBE II ECP,PROBE I; HONDA: JAZZ II GD,CR-V III RE,CIVIC VII Hatchback EU, EP, EV,CR-V II RD_,ACCORD VII CL,CIVIC VI Hatchback EJ, EK,FR-V BE,CR-V IV RE,ACCORD VII Tourer CM,ACCORD VI CG, CK,CIVIC VI Fastback MA, MB,LOGO GA3,CIVIC VI Aerodeck MB, MC,STREAM RN,CR-V I RD,HR-V GH,CIVIC V Hatchback EG,PRELUDE V BB,CIVIC VII Coupe EM2,ACCORD VI Hatchback CH,ACCORD VI Coupe CG,CIVIC IV Hatchback EC, ED, EE,ACCORD V CE, CF,CIVIC VI Stufenheck EJ, EK,PRELUDE IV BB,CIVIC VI Coupe EJ, EM1,SHUTTLE RA,INTEGRA Coupe DC2, DC4,CIVIC V Coupe EJ,CIVIC VII Stufenheck ES,ACCORD IV CB,CIVIC V Stufenheck EG, EH,ACCORD V Aerodeck CE,ACCORD V CC, CD,ACCORD V Coupe CD,ODYSSEY RL3, RL4 US,CIVIC IV Stufenheck ED,STREAM,ACCORD IV Aerodeck CB,ACCORD VII CM,INSIGHT ZE,ODYSSEY RB_,ACCORD IV Coupe CB, CC,ACCORD VI Aerodeck CF,INTEGRA DC5,CIVIC II Shuttle EE,ODYSSEY RA_,CITY Stufenheck GM,PILOT YF1,STEPWGN RG; ROVER: 600 RH; DODGE: NITRO,DURANGO HB; 9807B5515W, 9807B5517W, 9807B5515W, 9807B5517W; Tulpat,Sytytystulppa<\/p>\n","protected":false},"excerpt":{"rendered":"<p>BOSCH Sytytystulpat 0 242 236 592 Tulpat,Sytytystulppa MAZDA,CHEVROLET,JEEP,323 F VI BJ,PREMACY CP,626 V Hatchback GF,MPV II LW,626 V GF<\/p>\n","protected":false},"featured_media":0,"template":"","meta":{"site-sidebar-layout":"default","site-content-layout":"default","ast-global-header-display":"","ast-main-header-display":"","ast-hfb-above-header-display":"","ast-hfb-below-header-display":"","ast-hfb-mobile-header-display":"","site-post-title":"","ast-breadcrumbs-content":"","ast-featured-img":"","footer-sml-layout":"","theme-transparent-header-meta":"","adv-header-id-meta":"","stick-header-meta":"","header-above-stick-meta":"","header-main-stick-meta":"","header-below-stick-meta":""},"pwb-brand":[534],"product_cat":[165],"product_tag":[],"class_list":{"0":"post-102837","1":"product","2":"type-product","3":"status-publish","5":"pwb-brand-bosch","6":"product_cat-sytytystulpat","7":"desktop-align-left","8":"tablet-align-left","9":"mobile-align-left","11":"first","12":"instock","13":"product-type-external"},"brands":[{"id":534,"name":"Bosch","slug":"bosch"}],"_links":{"self":[{"href":"https:\/\/www.autonvaraosahaku.fi\/index.php?rest_route=\/wp\/v2\/product\/102837","targetHints":{"allow":["GET"]}}],"collection":[{"href":"https:\/\/www.autonvaraosahaku.fi\/index.php?rest_route=\/wp\/v2\/product"}],"about":[{"href":"https:\/\/www.autonvaraosahaku.fi\/index.php?rest_route=\/wp\/v2\/types\/product"}],"wp:attachment":[{"href":"https:\/\/www.autonvaraosahaku.fi\/index.php?rest_route=%2Fwp%2Fv2%2Fmedia&parent=102837"}],"wp:term":[{"taxonomy":"pwb-brand","embeddable":true,"href":"https:\/\/www.autonvaraosahaku.fi\/index.php?rest_route=%2Fwp%2Fv2%2Fpwb-brand&post=102837"},{"taxonomy":"product_cat","embeddable":true,"href":"https:\/\/www.autonvaraosahaku.fi\/index.php?rest_route=%2Fwp%2Fv2%2Fproduct_cat&post=102837"},{"taxonomy":"product_tag","embeddable":true,"href":"https:\/\/www.autonvaraosahaku.fi\/index.php?rest_route=%2Fwp%2Fv2%2Fproduct_tag&post=102837"}],"curies":[{"name":"wp","href":"https:\/\/api.w.org\/{rel}","templated":true}]}}