{"id":102845,"date":"2021-02-21T22:52:45","date_gmt":"2021-02-21T22:52:45","guid":{"rendered":"https:\/\/www.autonvaraosahaku.fi\/?product=bosch-0-986-494-526-jarrupalat"},"modified":"2021-02-21T22:52:52","modified_gmt":"2021-02-21T22:52:52","slug":"bosch-0-986-494-526-jarrupalat","status":"publish","type":"product","link":"https:\/\/www.autonvaraosahaku.fi\/?product=bosch-0-986-494-526-jarrupalat","title":{"rendered":"Bosch 0 986 494 526 Jarrupalat"},"content":{"rendered":"<p>Kulumisenilmaisimen liitos: Sis. kulumisenilmaisimen; Korvaava tuote\/korvaava tiedote 2: M\u00e4nn\u00e4n lukoilla, Huudonvaimennuspellill\u00e4; Suositellun tarvikkeen tuotenumero: 1987474787; Materiaali: Low-Metallic; Tarkistuskilpi: ECE-R90; WVA-numero: 25069; Paksuus [mm]: 17; Leveys (mm): 180,4; Korkeus (mm): 74,9; M\u00e4\u00e4r\u00e4yksikk\u00f6: Akselisarja; Asennuspuoli: Vorderachse; CITRO\u00cbN: C5 III Break TD_,DS3,C5 III RD_,C6 TD_,DS4,DS5; PEUGEOT: 308 4A_, 4C_,508 SW,RCZ,308 CC,508,407 Coupe 6C_; DS: DS5,DS 4 \/ DS 4 CROSSBACK; 1610104080, 425473, 1610104080, 425473; Jarrupalasarja,Jarrupala, Levyjarru<\/p>\n","protected":false},"excerpt":{"rendered":"<p>BOSCH Jarrupalat 0 986 494 526 Jarrupalasarja,Jarrupala, Levyjarru CITRO\u00cbN,PEUGEOT,DS,C5 III Break TD_,DS3,C5 III RD_,C6 TD_,DS4,DS5,308 4A_, 4C_<\/p>\n","protected":false},"featured_media":0,"template":"","meta":{"site-sidebar-layout":"default","site-content-layout":"default","ast-global-header-display":"","ast-main-header-display":"","ast-hfb-above-header-display":"","ast-hfb-below-header-display":"","ast-hfb-mobile-header-display":"","site-post-title":"","ast-breadcrumbs-content":"","ast-featured-img":"","footer-sml-layout":"","theme-transparent-header-meta":"","adv-header-id-meta":"","stick-header-meta":"","header-above-stick-meta":"","header-main-stick-meta":"","header-below-stick-meta":""},"pwb-brand":[534],"product_cat":[100],"product_tag":[],"class_list":{"0":"post-102845","1":"product","2":"type-product","3":"status-publish","5":"pwb-brand-bosch","6":"product_cat-jarrupalat","7":"desktop-align-left","8":"tablet-align-left","9":"mobile-align-left","11":"first","12":"instock","13":"product-type-external"},"brands":[{"id":534,"name":"Bosch","slug":"bosch"}],"_links":{"self":[{"href":"https:\/\/www.autonvaraosahaku.fi\/index.php?rest_route=\/wp\/v2\/product\/102845","targetHints":{"allow":["GET"]}}],"collection":[{"href":"https:\/\/www.autonvaraosahaku.fi\/index.php?rest_route=\/wp\/v2\/product"}],"about":[{"href":"https:\/\/www.autonvaraosahaku.fi\/index.php?rest_route=\/wp\/v2\/types\/product"}],"wp:attachment":[{"href":"https:\/\/www.autonvaraosahaku.fi\/index.php?rest_route=%2Fwp%2Fv2%2Fmedia&parent=102845"}],"wp:term":[{"taxonomy":"pwb-brand","embeddable":true,"href":"https:\/\/www.autonvaraosahaku.fi\/index.php?rest_route=%2Fwp%2Fv2%2Fpwb-brand&post=102845"},{"taxonomy":"product_cat","embeddable":true,"href":"https:\/\/www.autonvaraosahaku.fi\/index.php?rest_route=%2Fwp%2Fv2%2Fproduct_cat&post=102845"},{"taxonomy":"product_tag","embeddable":true,"href":"https:\/\/www.autonvaraosahaku.fi\/index.php?rest_route=%2Fwp%2Fv2%2Fproduct_tag&post=102845"}],"curies":[{"name":"wp","href":"https:\/\/api.w.org\/{rel}","templated":true}]}}