{"id":102847,"date":"2021-02-21T22:52:45","date_gmt":"2021-02-21T22:52:45","guid":{"rendered":"https:\/\/www.autonvaraosahaku.fi\/?product=bosch-0-265-232-239-abs-ohjausyksikko"},"modified":"2021-02-21T22:52:52","modified_gmt":"2021-02-21T22:52:52","slug":"bosch-0-265-232-239-abs-ohjausyksikko","status":"publish","type":"product","link":"https:\/\/www.autonvaraosahaku.fi\/?product=bosch-0-265-232-239-abs-ohjausyksikko","title":{"rendered":"Bosch 0 265 232 239 ABS ohjausyksikk\u00f6"},"content":{"rendered":"<p>Jarru-\/ajodynamiikka: Autoihin, joissa ABS; Lis\u00e4tarvike\/lis\u00e4tieto: Ohjainlaitteella; Jarruj\u00e4rjestelm\u00e4: Hydraulinen; Pituus (mm): 120; Leveys (mm): 125; Korkeus (mm): 110; Valmistusvuoteen: 11\/2010; OPEL: CORSA D,CORSA D Van; VAUXHALL: CORSA Mk III D L_8,CORSAVAN Mk III D; 530178, 93192753, 93192753; ABS Pumppu,Jarruj\u00e4rjestelm\u00e4n Hydrauliyksikk\u00f6,ABS Yksikk\u00f6,Hydraulinen Yksikk\u00f6, Jarruj\u00e4rjestelm\u00e4<\/p>\n","protected":false},"excerpt":{"rendered":"<p>BOSCH ABS Ohjausyksikk\u00f6 0 265 232 239 ABS Pumppu,Jarruj\u00e4rjestelm\u00e4n Hydrauliyksikk\u00f6 OPEL,VAUXHALL,CORSA D,CORSA D Van,CORSA Mk III D L_8<\/p>\n","protected":false},"featured_media":0,"template":"","meta":{"site-sidebar-layout":"default","site-content-layout":"default","ast-global-header-display":"","ast-main-header-display":"","ast-hfb-above-header-display":"","ast-hfb-below-header-display":"","ast-hfb-mobile-header-display":"","site-post-title":"","ast-breadcrumbs-content":"","ast-featured-img":"","footer-sml-layout":"","theme-transparent-header-meta":"","adv-header-id-meta":"","stick-header-meta":"","header-above-stick-meta":"","header-main-stick-meta":"","header-below-stick-meta":""},"pwb-brand":[534],"product_cat":[428],"product_tag":[],"class_list":{"0":"post-102847","1":"product","2":"type-product","3":"status-publish","5":"pwb-brand-bosch","6":"product_cat-abs-ohjausyksikko","7":"desktop-align-left","8":"tablet-align-left","9":"mobile-align-left","11":"first","12":"instock","13":"product-type-external"},"brands":[{"id":534,"name":"Bosch","slug":"bosch"}],"_links":{"self":[{"href":"https:\/\/www.autonvaraosahaku.fi\/index.php?rest_route=\/wp\/v2\/product\/102847","targetHints":{"allow":["GET"]}}],"collection":[{"href":"https:\/\/www.autonvaraosahaku.fi\/index.php?rest_route=\/wp\/v2\/product"}],"about":[{"href":"https:\/\/www.autonvaraosahaku.fi\/index.php?rest_route=\/wp\/v2\/types\/product"}],"wp:attachment":[{"href":"https:\/\/www.autonvaraosahaku.fi\/index.php?rest_route=%2Fwp%2Fv2%2Fmedia&parent=102847"}],"wp:term":[{"taxonomy":"pwb-brand","embeddable":true,"href":"https:\/\/www.autonvaraosahaku.fi\/index.php?rest_route=%2Fwp%2Fv2%2Fpwb-brand&post=102847"},{"taxonomy":"product_cat","embeddable":true,"href":"https:\/\/www.autonvaraosahaku.fi\/index.php?rest_route=%2Fwp%2Fv2%2Fproduct_cat&post=102847"},{"taxonomy":"product_tag","embeddable":true,"href":"https:\/\/www.autonvaraosahaku.fi\/index.php?rest_route=%2Fwp%2Fv2%2Fproduct_tag&post=102847"}],"curies":[{"name":"wp","href":"https:\/\/api.w.org\/{rel}","templated":true}]}}