{"id":102870,"date":"2021-02-21T22:53:03","date_gmt":"2021-02-21T22:53:03","guid":{"rendered":"https:\/\/www.autonvaraosahaku.fi\/?product=bosch-0-250-202-040-hehkutulppa"},"modified":"2021-02-21T22:53:03","modified_gmt":"2021-02-21T22:53:03","slug":"bosch-0-250-202-040-hehkutulppa","status":"publish","type":"product","link":"https:\/\/www.autonvaraosahaku.fi\/?product=bosch-0-250-202-040-hehkutulppa","title":{"rendered":"Bosch 0 250 202 040 Hehkutulppa"},"content":{"rendered":"<p>Hehkutulppatyyppi: Hehkutulppa, puikko, j\u00e4lkihehkutuksenkest\u00e4v\u00e4; Pituus (mm): 125, 125; Kierre 1: M 10 x 1; Kartionousu: 93; Avainv\u00e4li: 10; Kiristysmomentti > [Nm]: 10; Kiristysmomentti enint\u00e4\u00e4n [Nm]: 15; Liittimet: M 4; Asennussyvyys (mm): 26; lis\u00e4tieto: Duraterm; TECDOC-moottorinumero: 20408; CHEVROLET: BLAZER S10,S10 Pick-up,COLORADO; NISSAN: NAVARA D22; LAND ROVER: DEFENDER Station Wagon LD,DEFENDER Cabrio LD,DISCOVERY I LJ, LG,RANGE ROVER I AE, AN, HAA, HAB, HAM, HBM, RE, RN; MERCEDES-BENZ: SPRINTER 3-t Kasten 903,SPRINTER 3-t Pritsche\/Fahrgestell 903,SPRINTER 4-t Pritsche\/Fahrgestell 904,SPRINTER 4-t Kasten 904; FORD: RANGER ER, EQ; GMC: 6; 93321136, MI074192, ETC8847, 0001500581, A0001500581, ETC8847<\/p>\n","protected":false},"excerpt":{"rendered":"<p>BOSCH Hehkutulppa 0 250 202 040  CHEVROLET,NISSAN,LAND ROVER,BLAZER S10,S10 Pick-up,COLORADO,NAVARA D22,DEFENDER Station Wagon LD,DEFENDER Cabrio LD<\/p>\n","protected":false},"featured_media":0,"template":"","meta":{"site-sidebar-layout":"default","site-content-layout":"default","ast-global-header-display":"","ast-main-header-display":"","ast-hfb-above-header-display":"","ast-hfb-below-header-display":"","ast-hfb-mobile-header-display":"","site-post-title":"","ast-breadcrumbs-content":"","ast-featured-img":"","footer-sml-layout":"","theme-transparent-header-meta":"","adv-header-id-meta":"","stick-header-meta":"","header-above-stick-meta":"","header-main-stick-meta":"","header-below-stick-meta":""},"pwb-brand":[534],"product_cat":[52],"product_tag":[],"class_list":{"0":"post-102870","1":"product","2":"type-product","3":"status-publish","5":"pwb-brand-bosch","6":"product_cat-hehkutulppa","7":"desktop-align-left","8":"tablet-align-left","9":"mobile-align-left","11":"first","12":"instock","13":"product-type-external"},"brands":[{"id":534,"name":"Bosch","slug":"bosch"}],"_links":{"self":[{"href":"https:\/\/www.autonvaraosahaku.fi\/index.php?rest_route=\/wp\/v2\/product\/102870","targetHints":{"allow":["GET"]}}],"collection":[{"href":"https:\/\/www.autonvaraosahaku.fi\/index.php?rest_route=\/wp\/v2\/product"}],"about":[{"href":"https:\/\/www.autonvaraosahaku.fi\/index.php?rest_route=\/wp\/v2\/types\/product"}],"wp:attachment":[{"href":"https:\/\/www.autonvaraosahaku.fi\/index.php?rest_route=%2Fwp%2Fv2%2Fmedia&parent=102870"}],"wp:term":[{"taxonomy":"pwb-brand","embeddable":true,"href":"https:\/\/www.autonvaraosahaku.fi\/index.php?rest_route=%2Fwp%2Fv2%2Fpwb-brand&post=102870"},{"taxonomy":"product_cat","embeddable":true,"href":"https:\/\/www.autonvaraosahaku.fi\/index.php?rest_route=%2Fwp%2Fv2%2Fproduct_cat&post=102870"},{"taxonomy":"product_tag","embeddable":true,"href":"https:\/\/www.autonvaraosahaku.fi\/index.php?rest_route=%2Fwp%2Fv2%2Fproduct_tag&post=102870"}],"curies":[{"name":"wp","href":"https:\/\/api.w.org\/{rel}","templated":true}]}}