{"id":102881,"date":"2021-02-21T22:53:03","date_gmt":"2021-02-21T22:53:03","guid":{"rendered":"https:\/\/www.autonvaraosahaku.fi\/?product=bosch-1-987-946-499-vesipumppu-jakohihnasarja"},"modified":"2021-02-21T22:53:07","modified_gmt":"2021-02-21T22:53:07","slug":"bosch-1-987-946-499-vesipumppu-jakohihnasarja","status":"publish","type":"product","link":"https:\/\/www.autonvaraosahaku.fi\/?product=bosch-1-987-946-499-vesipumppu-jakohihnasarja","title":{"rendered":"Bosch 1 987 946 499 Vesipumppu + jakohihnasarja"},"content":{"rendered":"<p>Pituus (mm): 1200; Hammasluku: 150; Leveys (mm): 23; Hammasv\u00e4li [mm]: 8; Sis\u00e4lt\u00e4\u00e4 rullat: 2; Korvaava tuote\/korvaava tiedote 2: Kiristysvaimentimella ja -rullalla; Alustanumeroon: 8L..Y..125 000; VW: GOLF IV 1J1,GOLF IV Variant 1J5,SHARAN 7M8, 7M9, 7M6,BORA 1J2,NEW BEETLE 9C1, 1C1,BORA Kombi 1J6; AUDI: A3 8L1,TT 8N3,TT Roadster 8N9; SKODA: OCTAVIA Combi 1U5,OCTAVIA 1U2; SEAT: LEON 1M1,ALHAMBRA 7V8, 7V9,TOLEDO II 1M2<\/p>\n","protected":false},"excerpt":{"rendered":"<p>BOSCH Vesipumppu + Jakohihnasarja 1 987 946 499  VW,AUDI,SKODA,GOLF IV 1J1,GOLF IV Variant 1J5,SHARAN 7M8, 7M9, 7M6,BORA 1J2,NEW BEETLE 9C1, 1C1<\/p>\n","protected":false},"featured_media":0,"template":"","meta":{"site-sidebar-layout":"default","site-content-layout":"default","ast-global-header-display":"","ast-main-header-display":"","ast-hfb-above-header-display":"","ast-hfb-below-header-display":"","ast-hfb-mobile-header-display":"","site-post-title":"","ast-breadcrumbs-content":"","ast-featured-img":"","footer-sml-layout":"","theme-transparent-header-meta":"","adv-header-id-meta":"","stick-header-meta":"","header-above-stick-meta":"","header-main-stick-meta":"","header-below-stick-meta":""},"pwb-brand":[534],"product_cat":[321],"product_tag":[],"class_list":{"0":"post-102881","1":"product","2":"type-product","3":"status-publish","5":"pwb-brand-bosch","6":"product_cat-vesipumppu-jakohihnasarja","7":"desktop-align-left","8":"tablet-align-left","9":"mobile-align-left","11":"first","12":"instock","13":"product-type-external"},"brands":[{"id":534,"name":"Bosch","slug":"bosch"}],"_links":{"self":[{"href":"https:\/\/www.autonvaraosahaku.fi\/index.php?rest_route=\/wp\/v2\/product\/102881","targetHints":{"allow":["GET"]}}],"collection":[{"href":"https:\/\/www.autonvaraosahaku.fi\/index.php?rest_route=\/wp\/v2\/product"}],"about":[{"href":"https:\/\/www.autonvaraosahaku.fi\/index.php?rest_route=\/wp\/v2\/types\/product"}],"wp:attachment":[{"href":"https:\/\/www.autonvaraosahaku.fi\/index.php?rest_route=%2Fwp%2Fv2%2Fmedia&parent=102881"}],"wp:term":[{"taxonomy":"pwb-brand","embeddable":true,"href":"https:\/\/www.autonvaraosahaku.fi\/index.php?rest_route=%2Fwp%2Fv2%2Fpwb-brand&post=102881"},{"taxonomy":"product_cat","embeddable":true,"href":"https:\/\/www.autonvaraosahaku.fi\/index.php?rest_route=%2Fwp%2Fv2%2Fproduct_cat&post=102881"},{"taxonomy":"product_tag","embeddable":true,"href":"https:\/\/www.autonvaraosahaku.fi\/index.php?rest_route=%2Fwp%2Fv2%2Fproduct_tag&post=102881"}],"curies":[{"name":"wp","href":"https:\/\/api.w.org\/{rel}","templated":true}]}}