{"id":10296,"date":"2021-02-21T14:08:22","date_gmt":"2021-02-21T14:08:22","guid":{"rendered":"https:\/\/www.autonvaraosahaku.fi\/?product=topran-409-245-oljytikku"},"modified":"2021-02-21T14:08:24","modified_gmt":"2021-02-21T14:08:24","slug":"topran-409-245-oljytikku","status":"publish","type":"product","link":"https:\/\/www.autonvaraosahaku.fi\/?product=topran-409-245-oljytikku","title":{"rendered":"TOPRAN 409 245 \u00d6ljytikku"},"content":{"rendered":"<p>Runkomateriaali: Ter\u00e4s; Materiaali: Muovi; V\u00e4ri: Punainen; Kokonaispituus (mm): 585; Lis\u00e4tarvike\/lis\u00e4tieto: Tiivisteill\u00e4; TECDOC-moottorinumero: 9417; MERCEDES-BENZ: C-CLASS W202,SLK R170,E-CLASS W210,VIANO W639,M-CLASS W163,E-CLASS Kombi S210,VITO Bus W639,CLK C208,SL R129,C-CLASS Kombi S202,S-CLASS W220,VITO \/ MIXTO Kasten W639,CLK Cabriolet A208; 1120100372, A1120100372; \u00d6ljyn Mittatikku<\/p>\n","protected":false},"excerpt":{"rendered":"<p>TOPRAN \u00d6ljytikku 409 245 \u00d6ljyn Mittatikku MERCEDES-BENZ,C-CLASS W202,SLK R170,E-CLASS W210,VIANO W639,M-CLASS W163,E-CLASS Kombi S210,VITO Bus W639<\/p>\n","protected":false},"featured_media":0,"template":"","meta":{"site-sidebar-layout":"default","site-content-layout":"default","ast-global-header-display":"","ast-main-header-display":"","ast-hfb-above-header-display":"","ast-hfb-below-header-display":"","ast-hfb-mobile-header-display":"","site-post-title":"","ast-breadcrumbs-content":"","ast-featured-img":"","footer-sml-layout":"","theme-transparent-header-meta":"","adv-header-id-meta":"","stick-header-meta":"","header-above-stick-meta":"","header-main-stick-meta":"","header-below-stick-meta":""},"pwb-brand":[18],"product_cat":[71],"product_tag":[],"class_list":{"0":"post-10296","1":"product","2":"type-product","3":"status-publish","5":"pwb-brand-topran","6":"product_cat-oljytikku","7":"desktop-align-left","8":"tablet-align-left","9":"mobile-align-left","11":"first","12":"instock","13":"product-type-external"},"brands":[{"id":18,"name":"TOPRAN","slug":"topran"}],"_links":{"self":[{"href":"https:\/\/www.autonvaraosahaku.fi\/index.php?rest_route=\/wp\/v2\/product\/10296","targetHints":{"allow":["GET"]}}],"collection":[{"href":"https:\/\/www.autonvaraosahaku.fi\/index.php?rest_route=\/wp\/v2\/product"}],"about":[{"href":"https:\/\/www.autonvaraosahaku.fi\/index.php?rest_route=\/wp\/v2\/types\/product"}],"wp:attachment":[{"href":"https:\/\/www.autonvaraosahaku.fi\/index.php?rest_route=%2Fwp%2Fv2%2Fmedia&parent=10296"}],"wp:term":[{"taxonomy":"pwb-brand","embeddable":true,"href":"https:\/\/www.autonvaraosahaku.fi\/index.php?rest_route=%2Fwp%2Fv2%2Fpwb-brand&post=10296"},{"taxonomy":"product_cat","embeddable":true,"href":"https:\/\/www.autonvaraosahaku.fi\/index.php?rest_route=%2Fwp%2Fv2%2Fproduct_cat&post=10296"},{"taxonomy":"product_tag","embeddable":true,"href":"https:\/\/www.autonvaraosahaku.fi\/index.php?rest_route=%2Fwp%2Fv2%2Fproduct_tag&post=10296"}],"curies":[{"name":"wp","href":"https:\/\/api.w.org\/{rel}","templated":true}]}}