{"id":10297,"date":"2021-02-21T14:08:22","date_gmt":"2021-02-21T14:08:22","guid":{"rendered":"https:\/\/www.autonvaraosahaku.fi\/?product=abakus-444-1120l-ldem1-ajovaloumpio"},"modified":"2021-02-21T14:08:24","modified_gmt":"2021-02-21T14:08:24","slug":"abakus-444-1120l-ldem1-ajovaloumpio","status":"publish","type":"product","link":"https:\/\/www.autonvaraosahaku.fi\/?product=abakus-444-1120l-ldem1-ajovaloumpio","title":{"rendered":"ABAKUS 444-1120L-LDEM1 Ajovaloumpio"},"content":{"rendered":"<p>Asennuspuoli: Vasen; V\u00e4ri: Kromi; Lamppumalli: H7; K\u00e4ytt\u00f6: S\u00e4hk\u00f6inen; Varusteet: Valonsuuntaimella varustetuile (s\u00e4hk\u00f6); Korvaava tuote\/korvaava tiedote 2: Valokorkeuss\u00e4\u00e4timen moottorilla, Valokorkeuss\u00e4\u00e4timen moottorilla; Linssiversio: Kirkas lasi; Rungon v\u00e4ri: Kromi; Rekister\u00f6ity tyyppi: E-hyv\u00e4ksytty; Valmistusvuosi alkaen: 08\/2001; BMW: 3 E46,3 Touring E46; 63126902745, 63126904275, 63126908215, 63126908223, 63128380175; Ajovalot,Etuvalot,Ajovalo<\/p>\n","protected":false},"excerpt":{"rendered":"<p>ABAKUS Ajovaloumpio 444-1120L-LDEM1 Ajovalot,Etuvalot BMW,3 E46,3 Touring E46<\/p>\n","protected":false},"featured_media":0,"template":"","meta":{"site-sidebar-layout":"default","site-content-layout":"default","ast-global-header-display":"","ast-main-header-display":"","ast-hfb-above-header-display":"","ast-hfb-below-header-display":"","ast-hfb-mobile-header-display":"","site-post-title":"","ast-breadcrumbs-content":"","ast-featured-img":"","footer-sml-layout":"","theme-transparent-header-meta":"","adv-header-id-meta":"","stick-header-meta":"","header-above-stick-meta":"","header-main-stick-meta":"","header-below-stick-meta":""},"pwb-brand":[148],"product_cat":[185],"product_tag":[],"class_list":{"0":"post-10297","1":"product","2":"type-product","3":"status-publish","5":"pwb-brand-abakus","6":"product_cat-ajovaloumpio","7":"desktop-align-left","8":"tablet-align-left","9":"mobile-align-left","11":"first","12":"instock","13":"product-type-external"},"brands":[{"id":148,"name":"ABAKUS","slug":"abakus"}],"_links":{"self":[{"href":"https:\/\/www.autonvaraosahaku.fi\/index.php?rest_route=\/wp\/v2\/product\/10297","targetHints":{"allow":["GET"]}}],"collection":[{"href":"https:\/\/www.autonvaraosahaku.fi\/index.php?rest_route=\/wp\/v2\/product"}],"about":[{"href":"https:\/\/www.autonvaraosahaku.fi\/index.php?rest_route=\/wp\/v2\/types\/product"}],"wp:attachment":[{"href":"https:\/\/www.autonvaraosahaku.fi\/index.php?rest_route=%2Fwp%2Fv2%2Fmedia&parent=10297"}],"wp:term":[{"taxonomy":"pwb-brand","embeddable":true,"href":"https:\/\/www.autonvaraosahaku.fi\/index.php?rest_route=%2Fwp%2Fv2%2Fpwb-brand&post=10297"},{"taxonomy":"product_cat","embeddable":true,"href":"https:\/\/www.autonvaraosahaku.fi\/index.php?rest_route=%2Fwp%2Fv2%2Fproduct_cat&post=10297"},{"taxonomy":"product_tag","embeddable":true,"href":"https:\/\/www.autonvaraosahaku.fi\/index.php?rest_route=%2Fwp%2Fv2%2Fproduct_tag&post=10297"}],"curies":[{"name":"wp","href":"https:\/\/api.w.org\/{rel}","templated":true}]}}