{"id":102973,"date":"2021-02-21T22:53:47","date_gmt":"2021-02-21T22:53:47","guid":{"rendered":"https:\/\/www.autonvaraosahaku.fi\/?product=castrol-14ffcf-vaihteistooljy"},"modified":"2021-02-21T22:53:49","modified_gmt":"2021-02-21T22:53:49","slug":"castrol-14ffcf-vaihteistooljy","status":"publish","type":"product","link":"https:\/\/www.autonvaraosahaku.fi\/?product=castrol-14ffcf-vaihteistooljy","title":{"rendered":"Castrol 14FFCF Vaihteisto\u00f6ljy"},"content":{"rendered":"<p>Tilavuus (litra): 1; Pakkaustyyppi: Rasia; Valmistajan hyv\u00e4ksym\u00e4: Meets FordWSSM2C936A, AudiS-TronDKG-D L501, gem. VW G 052 529, PSA mit Getrag-DKG, Volvo, Chrysler (Europe); Tuotelinja: ATF; Versio: MULTIVEHICLE; VW: GOLF V 1K1,POLO 9N_,TOURAN 1T1, 1T2,GOLF VI 5K1,PASSAT Variant 3C5,GOLF PLUS 5M1, 521,PASSAT 3C2,TIGUAN 5N_,TRANSPORTER V Bus 7HB, 7HJ, 7EB, 7EJ, 7EF,TOUAREG 7LA, 7L6, 7L7,GOLF VI Variant AJ5,GOLF V Variant 1K5,MULTIVAN V 7HM, 7HN, 7HF, 7EF, 7EM, 7EN,TRANSPORTER V Kasten 7HA, 7HH, 7EA, 7EH,PASSAT CC 357,NEW BEETLE 9C1, 1C1,NEW BEETLE Cabriolet 1Y7,JETTA III 1K2,CC 358,BEETLE 5C1,JETTA IV 162, 163,TRANSPORTER V Pritsche\/Fahrgestell 7JD, 7JE, 7JL, 7JY, 7JZ,,BEETLE Cabriolet 5C7; AUDI: A3 8P1,A3 Sportback 8PA,Q7 4L,TT 8N3,TT Roadster 8N9; MAZDA: 3 BK,6 Station Wagon GY,6 Kombi GH,2 DE,323 F VI BJ,PREMACY CP,CX-7 ER,6 Hatchback GG,6 GG,3 BL,MX-5 I NA,TRIBUTE EP,5 CW,MX-5 III NC,6 Schr\u00e4gheck GH,RX 8 SE17,626 V Hatchback GF,3 Stufenheck BK,6 GH,626 V GF,626 V Station Wagon GW,323 P V BA,3 Stufenheck BL,MX-3 EC,FAMILIA VI BJ,2 Stufenheck DE,BT-50 CD, UN,323 C IV BG,FAMILIA V BA,FAMILIA V BG8,121 II DB,FAMILIA IV BG,MPV I LV,RX 7 III FD,BT-50 Pritsche\/Fahrgestell CD, UN,MX-5 IV ND; NISSAN: QASHQAI \/ QASHQAI +2 J10, JJ10,MICRA III K12,X-TRAIL T30,NOTE E11,ALMERA TINO V10,ALMERA II Hatchback N16,NAVARA D40,PATHFINDER R51,X-TRAIL T31,PRIMERA Kombi WP12,PIXO UA0,PRIMERA P12,TERRANO II R20,350 Z Z33,MICRA C+C K12,NAVARA Pritsche\/Fahrgestell D40,PRIMERA Hatchback P12,PATROL GR II Wagon Y61,TIIDA Schr\u00e4gheck,ALMERA I Hatchback N15,PICK UP D22,ALMERA Mk II N16,ALMERA I N15,350 Z Roadster Z33,MAXIMA QX A33,MAXIMA QX A32,TIIDA Stufenheck SC11X,SKYLINE Coupe R33,SKYLINE Coupe R34,SKYLINE R34,SKYLINE Coupe R32,SENTRA B15,MAXIMA Station Wagon,TEANA I J31; JEEP: COMPASS MK49,PATRIOT MK74; SKODA: OCTAVIA Combi 1Z5,FABIA,FABIA Combi,ROOMSTER 5J,SUPERB Kombi 3T5,OCTAVIA 1Z3,SUPERB 3T4,RAPID Spaceback NH1,RAPID NH3,RAPID NA2; SUZUKI: SWIFT III MZ, EZ,SWIFT IV FZ, NZ,GRAND VITARA II JT,SX4 EY, GY,SPLASH,ALTO HA25, HA35,SX4 Stufenheck GY; SEAT: LEON 1P1,ALTEA 5P1,TOLEDO III 5P2,TOLEDO IV KG3; CHEVROLET: CAPTIVA C100, C140,NUBIRA Kombi,AVEO Schr\u00e4gheck T250, T255,LACETTI J200,AVEO Stufenheck T250, T255,MALIBU V300,NUBIRA Stufenheck,LACETTI Kombi J200,LACETTI Stufenheck; KIA: PICANTO BA,SPORTAGE SL,CEE&#8217;D SW ED,CEE&#8217;D Schr\u00e4gheck ED,SPORTAGE JE_, KM_,VENGA YN,SORENTO II XM,CARENS II FJ,RIO III UB,RIO II JB,CEE&#8217;D JD,CARENS III UN,CARNIVAL II GQ,CARNIVAL \/ GRAND CARNIVAL III VQ,PICANTO TA,CEE`D Sportswagon JD,CARENS IV,SOUL AM,CERATO LD,MAGENTIS GD,MAGENTIS MG,OPIRUS GH,SPORTAGE K00,CERATO Stufenheck LD,RIO II Stufenheck JB,OPTIMA,JOICE,RIO III Stufenheck UB,PRIDE DA,CLARUS K9A,CARNIVAL I UP,CLARUS Kombi GC,PRIDE Kombi,CERATO II Stufenheck TD,SORENTO III,SOUL II PS,CERATO YD Stufenheck,CERATO KOUP TD,CADENZA; Vaihdelaatikon \u00d6ljy<\/p>\n","protected":false},"excerpt":{"rendered":"<p>CASTROL Vaihteisto\u00f6ljy 14FFCF Vaihdelaatikon \u00d6ljy VW,AUDI,MAZDA,GOLF V 1K1,POLO 9N_,TOURAN 1T1, 1T2,GOLF VI 5K1,PASSAT Variant 3C5,GOLF PLUS 5M1, 521<\/p>\n","protected":false},"featured_media":0,"template":"","meta":{"site-sidebar-layout":"default","site-content-layout":"default","ast-global-header-display":"","ast-main-header-display":"","ast-hfb-above-header-display":"","ast-hfb-below-header-display":"","ast-hfb-mobile-header-display":"","site-post-title":"","ast-breadcrumbs-content":"","ast-featured-img":"","footer-sml-layout":"","theme-transparent-header-meta":"","adv-header-id-meta":"","stick-header-meta":"","header-above-stick-meta":"","header-main-stick-meta":"","header-below-stick-meta":""},"pwb-brand":[535],"product_cat":[58],"product_tag":[],"class_list":{"0":"post-102973","1":"product","2":"type-product","3":"status-publish","5":"pwb-brand-castrol","6":"product_cat-vaihteistooljy","7":"desktop-align-left","8":"tablet-align-left","9":"mobile-align-left","11":"first","12":"instock","13":"product-type-external"},"brands":[{"id":535,"name":"Castrol","slug":"castrol"}],"_links":{"self":[{"href":"https:\/\/www.autonvaraosahaku.fi\/index.php?rest_route=\/wp\/v2\/product\/102973","targetHints":{"allow":["GET"]}}],"collection":[{"href":"https:\/\/www.autonvaraosahaku.fi\/index.php?rest_route=\/wp\/v2\/product"}],"about":[{"href":"https:\/\/www.autonvaraosahaku.fi\/index.php?rest_route=\/wp\/v2\/types\/product"}],"wp:attachment":[{"href":"https:\/\/www.autonvaraosahaku.fi\/index.php?rest_route=%2Fwp%2Fv2%2Fmedia&parent=102973"}],"wp:term":[{"taxonomy":"pwb-brand","embeddable":true,"href":"https:\/\/www.autonvaraosahaku.fi\/index.php?rest_route=%2Fwp%2Fv2%2Fpwb-brand&post=102973"},{"taxonomy":"product_cat","embeddable":true,"href":"https:\/\/www.autonvaraosahaku.fi\/index.php?rest_route=%2Fwp%2Fv2%2Fproduct_cat&post=102973"},{"taxonomy":"product_tag","embeddable":true,"href":"https:\/\/www.autonvaraosahaku.fi\/index.php?rest_route=%2Fwp%2Fv2%2Fproduct_tag&post=102973"}],"curies":[{"name":"wp","href":"https:\/\/api.w.org\/{rel}","templated":true}]}}