{"id":103024,"date":"2021-02-21T22:54:05","date_gmt":"2021-02-21T22:54:05","guid":{"rendered":"https:\/\/www.autonvaraosahaku.fi\/?product=champion-oe223-sytytystulpat"},"modified":"2021-02-21T22:54:11","modified_gmt":"2021-02-21T22:54:11","slug":"champion-oe223-sytytystulpat","status":"publish","type":"product","link":"https:\/\/www.autonvaraosahaku.fi\/?product=champion-oe223-sytytystulpat","title":{"rendered":"Champion OE223 Sytytystulpat"},"content":{"rendered":"<p>K\u00e4rkiv\u00e4li (mm): 1,6; Liittimet: SAE; Kierremitta: M14x1.25; Avainv\u00e4li: 16 mm; Laatu \/ luokka: Nickel GE; Pakkaustyyppi: Laatikko; Sytytystulppa: 4-maaelektroodia, suoralla istukalla, Platina-keskielektrodi; Kierteen pituus (mm): 19; Teknisten tietojen numero: RC9QMP; Kipin\u00e4et\u00e4isyys [mm]: 3,6; Kiristysmomentti > [Nm]: 20; Kiristysmomentti enint\u00e4\u00e4n [Nm]: 30; Pakkauspituus [cm]: 8,85; Pakkausleveys [cm]: 2,6; Pakkauskorkeus [mm]: 2,35; Vastus alkaen [kOhm]: 3; Vastus asti [kOhm]: 9; Ulkonema [mm]: 3,6; lis\u00e4tieto: Aerovantage Hybrid; Tarvittava kappalem\u00e4\u00e4r\u00e4: 12; AUDI: A6 Avant 4B5, C5,A6 4B2, C5,A8 4D2, 4D8; BMW: 3 E46,5 E39,5 E60,5 Touring E61,3 Touring E46,X3 E83,5 Touring E39,3 Compact E46,3 Coupe E46,3 Compact E36,X5 E53,3 Cabriolet E46,7 E38,Z3 E36,Z4 E85,7 E65, E66, E67,8 E31,6 E63,Z3 Coupe E36,6 Cabriolet E64,Z8 E52; MINI: MINI R50, R53,MINI Cabriolet R52; ALFA ROMEO: 147 937,156 Sportwagon 932,156 932,GT 937,SPIDER 916S_,166 936,GTV 916C_,145 930,155 167,146 930; LAND ROVER: RANGE ROVER III LM; SAAB: 900 II Cabriolet,900 II,900 II Coupe; ALPINA: B3 E46,B10 E39,B3 Kombi E46,B3 Cabriolet E46,B10 Kombi E39,ROADSTER S Z4; MORGAN: AERO 8; ROLLS-ROYCE: PHANTOM VII RR1,SILVER SERAPH,PHANTOM VII Coupe RR3,PHANTOM VII Drophead Coupe RR2; 46449690, 46521529, 12120030548, 12120037607, 12120037608, 12120141871, 12121435955, 12121435956, 12129071003; Tulpat,Sytytystulppa<\/p>\n","protected":false},"excerpt":{"rendered":"<p>CHAMPION Sytytystulpat OE223 Tulpat,Sytytystulppa AUDI,BMW,MINI,A6 Avant 4B5, C5,A6 4B2, C5,A8 4D2, 4D8,3 E46,5 E39,5 E60,5 Touring E61,3 Touring E46<\/p>\n","protected":false},"featured_media":0,"template":"","meta":{"site-sidebar-layout":"default","site-content-layout":"default","ast-global-header-display":"","ast-main-header-display":"","ast-hfb-above-header-display":"","ast-hfb-below-header-display":"","ast-hfb-mobile-header-display":"","site-post-title":"","ast-breadcrumbs-content":"","ast-featured-img":"","footer-sml-layout":"","theme-transparent-header-meta":"","adv-header-id-meta":"","stick-header-meta":"","header-above-stick-meta":"","header-main-stick-meta":"","header-below-stick-meta":""},"pwb-brand":[536],"product_cat":[165],"product_tag":[],"class_list":{"0":"post-103024","1":"product","2":"type-product","3":"status-publish","5":"pwb-brand-champion","6":"product_cat-sytytystulpat","7":"desktop-align-left","8":"tablet-align-left","9":"mobile-align-left","11":"first","12":"instock","13":"product-type-external"},"brands":[{"id":536,"name":"Champion","slug":"champion"}],"_links":{"self":[{"href":"https:\/\/www.autonvaraosahaku.fi\/index.php?rest_route=\/wp\/v2\/product\/103024","targetHints":{"allow":["GET"]}}],"collection":[{"href":"https:\/\/www.autonvaraosahaku.fi\/index.php?rest_route=\/wp\/v2\/product"}],"about":[{"href":"https:\/\/www.autonvaraosahaku.fi\/index.php?rest_route=\/wp\/v2\/types\/product"}],"wp:attachment":[{"href":"https:\/\/www.autonvaraosahaku.fi\/index.php?rest_route=%2Fwp%2Fv2%2Fmedia&parent=103024"}],"wp:term":[{"taxonomy":"pwb-brand","embeddable":true,"href":"https:\/\/www.autonvaraosahaku.fi\/index.php?rest_route=%2Fwp%2Fv2%2Fpwb-brand&post=103024"},{"taxonomy":"product_cat","embeddable":true,"href":"https:\/\/www.autonvaraosahaku.fi\/index.php?rest_route=%2Fwp%2Fv2%2Fproduct_cat&post=103024"},{"taxonomy":"product_tag","embeddable":true,"href":"https:\/\/www.autonvaraosahaku.fi\/index.php?rest_route=%2Fwp%2Fv2%2Fproduct_tag&post=103024"}],"curies":[{"name":"wp","href":"https:\/\/api.w.org\/{rel}","templated":true}]}}