{"id":103025,"date":"2021-02-21T22:54:05","date_gmt":"2021-02-21T22:54:05","guid":{"rendered":"https:\/\/www.autonvaraosahaku.fi\/?product=champion-cof100128s-oljynsuodatin"},"modified":"2021-02-21T22:54:11","modified_gmt":"2021-02-21T22:54:11","slug":"champion-cof100128s-oljynsuodatin","status":"publish","type":"product","link":"https:\/\/www.autonvaraosahaku.fi\/?product=champion-cof100128s-oljynsuodatin","title":{"rendered":"Champion COF100128S \u00d6ljynsuodatin"},"content":{"rendered":"<p>Korkeus (mm): 85; Kierremitta: M20x1.5; Korkeus 1 (mm): 59; L\u00e4pimitta 1 [mm]: 65; Sis\u00e4l\u00e4pimitta [mm]: 53; Ulkol\u00e4pimitta [mm]: 67; Pakkaustyyppi: Laatikko; Suodatintyyppi: Ruuvattava suodatin; Sis\u00e4l\u00e4pimitta 1 [mm]: 60; Pakkauspituus [cm]: 7; Pakkausleveys [cm]: 7; Pakkauskorkeus [mm]: 9,5; Moottorinumero: 350A1000CNG; MAZDA: FAMILIA V BA,626 IV Hatchback GE,MX-3 EC,XEDOS 6 CA,XEDOS 9 TA,MX-6 GE,E-SERIE Kasten SR2,626 II GC,626 II Hatchback GC,929 III HC,MPV I LV,929 II Coupe HB,RX 7 II Cabriolet,929 II HB,626 I CB,929 I LA; KIA: SORENTO I JC,CARNIVAL II GQ,CARNIVAL I UP; HONDA: CIVIC VIII Hatchback FN, FK,JAZZ II GD,CR-V III RE,CIVIC VII Hatchback EU, EP, EV,JAZZ III GE,CR-V II RD_,ACCORD VII CL,FR-V BE,CR-V IV RE,ACCORD VIII CU,ACCORD VII Tourer CM,CIVIC IX FK,ACCORD VIII Kombi,STREAM RN,CIVIC VIII Stufenheck FD, FA,INSIGHT ZE_,S2000 AP,CR-Z ZF1,CIVIC IX Stufenheck FB, FG,LEGEND IV KB_,CIVIC IX Tourer FK,CIVIC II Shuttle EE,CITY Stufenheck GM; FORD USA: PROBE II ECP,PROBE I; LANCIA: YPSILON 843,Y 840A,MUSA 350,YPSILON 312, 846; OPEL: CORSA B 73_, 78_, 79_,VECTRA B 36_,ASTRA F CC 53_, 54_, 58_, 59_,ASTRA F Caravan 51_, 52_,FRONTERA B 6B_,VECTRA B CC 38_,VECTRA A 86_, 87_,ASTRA F 56_, 57_,CORSA A CC 93_, 94_, 98_, 99_,VECTRA A CC 88_, 89_,COMBO Kasten\/Kombi X12,COMBO 71_,COMBO Tour X12,CORSA A TR 91_, 92_, 96_, 97_,CORSA B Kasten 73_,MONTEREY B,ASTRA F Van 55_,CORSA A Kasten; HYUNDAI: GETZ TB,i10 PA,i20 PB, PBT,ATOS MX; VOLVO: V40 Kombi VW; FORD: KA RU8; ALFA ROMEO: MITO 955; 0055230822, 46544820, 46751179<\/p>\n","protected":false},"excerpt":{"rendered":"<p>CHAMPION \u00d6ljynsuodatin COF100128S  MAZDA,KIA,HONDA,FAMILIA V BA,626 IV Hatchback GE,MX-3 EC,XEDOS 6 CA,XEDOS 9 TA,MX-6 GE,E-SERIE Kasten SR2,626 II GC<\/p>\n","protected":false},"featured_media":0,"template":"","meta":{"site-sidebar-layout":"default","site-content-layout":"default","ast-global-header-display":"","ast-main-header-display":"","ast-hfb-above-header-display":"","ast-hfb-below-header-display":"","ast-hfb-mobile-header-display":"","site-post-title":"","ast-breadcrumbs-content":"","ast-featured-img":"","footer-sml-layout":"","theme-transparent-header-meta":"","adv-header-id-meta":"","stick-header-meta":"","header-above-stick-meta":"","header-main-stick-meta":"","header-below-stick-meta":""},"pwb-brand":[536],"product_cat":[30],"product_tag":[],"class_list":{"0":"post-103025","1":"product","2":"type-product","3":"status-publish","5":"pwb-brand-champion","6":"product_cat-oljynsuodatin","7":"desktop-align-left","8":"tablet-align-left","9":"mobile-align-left","11":"first","12":"instock","13":"product-type-external"},"brands":[{"id":536,"name":"Champion","slug":"champion"}],"_links":{"self":[{"href":"https:\/\/www.autonvaraosahaku.fi\/index.php?rest_route=\/wp\/v2\/product\/103025","targetHints":{"allow":["GET"]}}],"collection":[{"href":"https:\/\/www.autonvaraosahaku.fi\/index.php?rest_route=\/wp\/v2\/product"}],"about":[{"href":"https:\/\/www.autonvaraosahaku.fi\/index.php?rest_route=\/wp\/v2\/types\/product"}],"wp:attachment":[{"href":"https:\/\/www.autonvaraosahaku.fi\/index.php?rest_route=%2Fwp%2Fv2%2Fmedia&parent=103025"}],"wp:term":[{"taxonomy":"pwb-brand","embeddable":true,"href":"https:\/\/www.autonvaraosahaku.fi\/index.php?rest_route=%2Fwp%2Fv2%2Fpwb-brand&post=103025"},{"taxonomy":"product_cat","embeddable":true,"href":"https:\/\/www.autonvaraosahaku.fi\/index.php?rest_route=%2Fwp%2Fv2%2Fproduct_cat&post=103025"},{"taxonomy":"product_tag","embeddable":true,"href":"https:\/\/www.autonvaraosahaku.fi\/index.php?rest_route=%2Fwp%2Fv2%2Fproduct_tag&post=103025"}],"curies":[{"name":"wp","href":"https:\/\/api.w.org\/{rel}","templated":true}]}}