{"id":103027,"date":"2021-02-21T22:54:05","date_gmt":"2021-02-21T22:54:05","guid":{"rendered":"https:\/\/www.autonvaraosahaku.fi\/?product=champion-cof100525e-oljynsuodatin"},"modified":"2021-02-21T22:54:12","modified_gmt":"2021-02-21T22:54:12","slug":"champion-cof100525e-oljynsuodatin","status":"publish","type":"product","link":"https:\/\/www.autonvaraosahaku.fi\/?product=champion-cof100525e-oljynsuodatin","title":{"rendered":"Champion COF100525E \u00d6ljynsuodatin"},"content":{"rendered":"<p>Korkeus (mm): 141; Sis\u00e4l\u00e4pimitta [mm]: 16; Ulkol\u00e4pimitta [mm]: 72; Pakkaustyyppi: Laatikko; Suodatintyyppi: Suodatinpanos; Pakkauspituus [cm]: 8,7; Pakkausleveys [cm]: 8,7; Pakkauskorkeus [mm]: 15,5; Tiivisterenkaan halkaisija alkaen [mm]: 29,5; Tiivisterenkaan halkaisija p\u00e4\u00e4ttyen [mm]: 53; Tuotelinja: EON TITAN; TECDOC-moottorinumero: 18224; VW: GOLF IV 1J1,GOLF V 1K1,POLO 9N_,TOURAN 1T1, 1T2,GOLF VI 5K1,PASSAT Variant 3C5,GOLF PLUS 5M1, 521,PASSAT Variant 3B6,TRANSPORTER IV Bus 70XB, 70XC, 7DB, 7DW,LUPO 6X1, 6E1,PASSAT 3C2,TIGUAN 5N_,GOLF IV Variant 1J5,SHARAN 7M8, 7M9, 7M6,POLO 6N2,CADDY III Kombi 2KB, 2KJ, 2CB, 2CJ,TRANSPORTER V Bus 7HB, 7HJ, 7EB, 7EJ, 7EF,FOX 5Z1, 5Z3,TOUAREG 7LA, 7L6, 7L7,GOLF VI Variant AJ5,GOLF V Variant 1K5,MULTIVAN V 7HM, 7HN, 7HF, 7EF, 7EM, 7EN,CADDY III Kasten 2KA, 2KH, 2CA, 2CH,BORA 1J2,TRANSPORTER IV Kasten 70XA,EOS 1F7, 1F8,SCIROCCO 137, 138,TRANSPORTER V Kasten 7HA, 7HH, 7EA, 7EH,PASSAT CC 357,NEW BEETLE 9C1, 1C1,PASSAT 3B3,PHAETON 3D_,BORA Kombi 1J6,JETTA III 1K2,TRANSPORTER IV Pritsche\/Fahrgestell 70XD,BEETLE 5C1,JETTA IV 162, 163,TRANSPORTER V Pritsche\/Fahrgestell 7JD, 7JE, 7JL, 7JY, 7JZ,,POLO Stufenheck 9A4,BEETLE Cabriolet 5C7; AUDI: A4 Avant 8K5, B8,A6 Avant 4F5, C6,A3 8P1,A3 Sportback 8PA,A4 Avant 8ED, B7,A4 8K2, B8,A2 8Z0,Q5 8R,A6 4F2, C6,A5 8T3,A4 Cabriolet 8H7, B6, 8HE, B7,A5 Sportback 8TA,A4 8EC, B7,TT 8N3,A8 4E_,TT 8J3,TT Roadster 8N9,A4 Allroad 8KH, B8,A5 Cabriolet 8F7,TT Roadster 8J9,A3 Cabriolet 8P7; JEEP: COMPASS MK49,PATRIOT MK74; SKODA: OCTAVIA Combi 1Z5,FABIA Combi 6Y5,FABIA,FABIA 6Y2,FABIA Combi,ROOMSTER 5J,YETI 5L,SUPERB Kombi 3T5,OCTAVIA 1Z3,SUPERB 3U4,SUPERB 3T4,FABIA Stufenheck 6Y3,ROOMSTER Praktik 5J,FABIA Praktik; SEAT: IBIZA IV 6L1,LEON 1P1,IBIZA V 6J5, 6P5,ALTEA 5P1,AROSA 6H,ALHAMBRA 7V8, 7V9,ALTEA XL 5P5, 5P8,EXEO ST 3R5,TOLEDO II 1M2,IBIZA V SPORTCOUPE 6J1, 6P1,EXEO 3R2,CORDOBA 6L2,TOLEDO III 5P2; FORD: GALAXY WGR; MITSUBISHI: OUTLANDER XL II CW_W,GRANDIS NA_W,LANCER SPORTBACK CX_A,LANCER Stufenheck CY\/Z_A; DODGE: CALIBER,AVENGER; 1118184, 1250679, 045115466, 045115466A, 045115466B, 045118466, 071115562, 071115562A, 071115562B, 071115562C<\/p>\n","protected":false},"excerpt":{"rendered":"<p>CHAMPION \u00d6ljynsuodatin COF100525E  VW,AUDI,JEEP,GOLF IV 1J1,GOLF V 1K1,POLO 9N_,TOURAN 1T1, 1T2,GOLF VI 5K1,PASSAT Variant 3C5,GOLF PLUS 5M1, 521<\/p>\n","protected":false},"featured_media":0,"template":"","meta":{"site-sidebar-layout":"default","site-content-layout":"default","ast-global-header-display":"","ast-main-header-display":"","ast-hfb-above-header-display":"","ast-hfb-below-header-display":"","ast-hfb-mobile-header-display":"","site-post-title":"","ast-breadcrumbs-content":"","ast-featured-img":"","footer-sml-layout":"","theme-transparent-header-meta":"","adv-header-id-meta":"","stick-header-meta":"","header-above-stick-meta":"","header-main-stick-meta":"","header-below-stick-meta":""},"pwb-brand":[536],"product_cat":[30],"product_tag":[],"class_list":{"0":"post-103027","1":"product","2":"type-product","3":"status-publish","5":"pwb-brand-champion","6":"product_cat-oljynsuodatin","7":"desktop-align-left","8":"tablet-align-left","9":"mobile-align-left","11":"first","12":"instock","13":"product-type-external"},"brands":[{"id":536,"name":"Champion","slug":"champion"}],"_links":{"self":[{"href":"https:\/\/www.autonvaraosahaku.fi\/index.php?rest_route=\/wp\/v2\/product\/103027","targetHints":{"allow":["GET"]}}],"collection":[{"href":"https:\/\/www.autonvaraosahaku.fi\/index.php?rest_route=\/wp\/v2\/product"}],"about":[{"href":"https:\/\/www.autonvaraosahaku.fi\/index.php?rest_route=\/wp\/v2\/types\/product"}],"wp:attachment":[{"href":"https:\/\/www.autonvaraosahaku.fi\/index.php?rest_route=%2Fwp%2Fv2%2Fmedia&parent=103027"}],"wp:term":[{"taxonomy":"pwb-brand","embeddable":true,"href":"https:\/\/www.autonvaraosahaku.fi\/index.php?rest_route=%2Fwp%2Fv2%2Fpwb-brand&post=103027"},{"taxonomy":"product_cat","embeddable":true,"href":"https:\/\/www.autonvaraosahaku.fi\/index.php?rest_route=%2Fwp%2Fv2%2Fproduct_cat&post=103027"},{"taxonomy":"product_tag","embeddable":true,"href":"https:\/\/www.autonvaraosahaku.fi\/index.php?rest_route=%2Fwp%2Fv2%2Fproduct_tag&post=103027"}],"curies":[{"name":"wp","href":"https:\/\/api.w.org\/{rel}","templated":true}]}}