{"id":103034,"date":"2021-02-21T22:54:13","date_gmt":"2021-02-21T22:54:13","guid":{"rendered":"https:\/\/www.autonvaraosahaku.fi\/?product=champion-oe005-t10-sytytystulpat"},"modified":"2021-02-21T22:54:15","modified_gmt":"2021-02-21T22:54:15","slug":"champion-oe005-t10-sytytystulpat","status":"publish","type":"product","link":"https:\/\/www.autonvaraosahaku.fi\/?product=champion-oe005-t10-sytytystulpat","title":{"rendered":"Champion OE005\/T10 Sytytystulpat"},"content":{"rendered":"<p>K\u00e4rkiv\u00e4li (mm): 0,9; Liittimet: M4\/SAE; Kierremitta: M14x1.25; Avainv\u00e4li: 16 mm; Laatu \/ luokka: Nickel GE; Pakkaustyyppi: Laatikko; Sytytystulppa: 1-maaelektroodi, suoralla istukalla, Kuparikeskielektrodi; Kierteen pituus (mm): 19; Teknisten tietojen numero: RC9YC; Kipin\u00e4et\u00e4isyys [mm]: 3; Kiristysmomentti > [Nm]: 20; Kiristysmomentti enint\u00e4\u00e4n [Nm]: 30; Pakkauspituus [cm]: 8,85; Pakkausleveys [cm]: 2,6; Pakkauskorkeus [mm]: 2,35; Vastus alkaen [kOhm]: 3; Vastus asti [kOhm]: 9; Ulkonema [mm]: 1,5; Tuotelinja: Powersport; Tarvittava kappalem\u00e4\u00e4r\u00e4: 4; VW: CADDY III Kombi 2KB, 2KJ, 2CB, 2CJ; MAZDA: 323 F VI BJ,626 V Hatchback GF,626 V GF,626 V Station Wagon GW,323 P V BA,626 IV Hatchback GE,FAMILIA VI BJ,323 C IV BG,FAMILIA IV BF,XEDOS 9 TA,626 IV GE,323 III Hatchback BF,626 III GD,FAMILIA IV BG,626 III Hatchback GD,626 III Coupe GD,626 III Station Wagon GV,MPV I LV; NISSAN: 100 NX B13,PRIMERA P10,MAXIMA QX A32,SUNNY III N14,PULSAR V Schr\u00e4gheck N14,PRIMERA Hatchback P10,BLUEBIRD T72 , T12,SUNNY III Traveller Y10,BLUEBIRD Station Wagon WU11,MAXIMA Station Wagon; DAEWOO: KALOS KLAS,LACETTI Schr\u00e4gheck KLAN,NUBIRA Stufenheck KLAN,KALOS Stufenheck KLAS,MUSSO FJ,KORANDO KJ,REXTON GAB_,KORANDO Cabrio KJ; SKODA: FELICIA I 6U1,FELICIA II 6U1,FELICIA I Fun 797,FELICIA I Kombi 6U5,FAVORIT 781,FAVORIT Forman 785,FAVORIT Pick-up 787; SUZUKI: JIMNY FJ,WAGON R+ MM,VITARA ET, TA,VITARA Cabrio ET, TA,BALENO Kombi EG,BALENO EG,BALENO Schr\u00e4gheck EG,ALTO HA12, HA23,CARRY Kasten FD; CHEVROLET: KALOS,LACETTI J200,AVEO Stufenheck T250, T255,NUBIRA Stufenheck,AVEO Stufenheck T200; MERCEDES-BENZ: A-CLASS W169,B-CLASS W245; KIA: SPORTAGE K00,SHUMA II FB,SHUMA FB,SEPHIA Stufenheck FA,SEPHIA FA,SEPHIA FB; SUBARU: JUSTY II JMA, MS,LEGACY II Station Wagon BD, BG,LEGACY II BD, BG; 71711638, 71711806, 7546519, 7760383, 96024614, 96040824, ZB9000064U, 6001544293, 12NE, 46480362, 46480363, 71711638, 7546519, 7760383, 5099721, EBL11480, EBL2230, 71711638, 7546519, 7760383, 0031596003, 0041592603, 0041593003, 0041593603, A0041592603, A0041593003, A004159300326, A0041593603, 2240110F16, 2240120J05, 1214144, 1214804, 5960J3, 59626W, 5962C6, 5962F8, 5962H9, 5962J1, 5962K0, 5962K4, 224018651R, 6001544293, 7433517980, 7700101401, 7700273462, 7700273490, 7700274004, 7700500180, 7701042816, 7701414039, 7701414040, 7701414110, 7701414111, 7701414112, 7701414139, 7701414145, 8933003862, BBC057011, BBC057012, 2716363, 2717270, 3517980; Tulpat,Sytytystulppa<\/p>\n","protected":false},"excerpt":{"rendered":"<p>CHAMPION Sytytystulpat OE005\/T10 Tulpat,Sytytystulppa VW,MAZDA,NISSAN,CADDY III Kombi 2KB, 2KJ, 2CB, 2CJ,323 F VI BJ,626 V Hatchback GF,626 V GF<\/p>\n","protected":false},"featured_media":0,"template":"","meta":{"site-sidebar-layout":"default","site-content-layout":"default","ast-global-header-display":"","ast-main-header-display":"","ast-hfb-above-header-display":"","ast-hfb-below-header-display":"","ast-hfb-mobile-header-display":"","site-post-title":"","ast-breadcrumbs-content":"","ast-featured-img":"","footer-sml-layout":"","theme-transparent-header-meta":"","adv-header-id-meta":"","stick-header-meta":"","header-above-stick-meta":"","header-main-stick-meta":"","header-below-stick-meta":""},"pwb-brand":[536],"product_cat":[165],"product_tag":[],"class_list":{"0":"post-103034","1":"product","2":"type-product","3":"status-publish","5":"pwb-brand-champion","6":"product_cat-sytytystulpat","7":"desktop-align-left","8":"tablet-align-left","9":"mobile-align-left","11":"first","12":"instock","13":"product-type-external"},"brands":[{"id":536,"name":"Champion","slug":"champion"}],"_links":{"self":[{"href":"https:\/\/www.autonvaraosahaku.fi\/index.php?rest_route=\/wp\/v2\/product\/103034","targetHints":{"allow":["GET"]}}],"collection":[{"href":"https:\/\/www.autonvaraosahaku.fi\/index.php?rest_route=\/wp\/v2\/product"}],"about":[{"href":"https:\/\/www.autonvaraosahaku.fi\/index.php?rest_route=\/wp\/v2\/types\/product"}],"wp:attachment":[{"href":"https:\/\/www.autonvaraosahaku.fi\/index.php?rest_route=%2Fwp%2Fv2%2Fmedia&parent=103034"}],"wp:term":[{"taxonomy":"pwb-brand","embeddable":true,"href":"https:\/\/www.autonvaraosahaku.fi\/index.php?rest_route=%2Fwp%2Fv2%2Fpwb-brand&post=103034"},{"taxonomy":"product_cat","embeddable":true,"href":"https:\/\/www.autonvaraosahaku.fi\/index.php?rest_route=%2Fwp%2Fv2%2Fproduct_cat&post=103034"},{"taxonomy":"product_tag","embeddable":true,"href":"https:\/\/www.autonvaraosahaku.fi\/index.php?rest_route=%2Fwp%2Fv2%2Fproduct_tag&post=103034"}],"curies":[{"name":"wp","href":"https:\/\/api.w.org\/{rel}","templated":true}]}}