{"id":103044,"date":"2021-02-21T22:54:13","date_gmt":"2021-02-21T22:54:13","guid":{"rendered":"https:\/\/www.autonvaraosahaku.fi\/?product=champion-oe230-sytytystulpat"},"modified":"2021-02-21T22:54:19","modified_gmt":"2021-02-21T22:54:19","slug":"champion-oe230-sytytystulpat","status":"publish","type":"product","link":"https:\/\/www.autonvaraosahaku.fi\/?product=champion-oe230-sytytystulpat","title":{"rendered":"Champion OE230 Sytytystulpat"},"content":{"rendered":"<p>K\u00e4rkiv\u00e4li (mm): 0,9; Liittimet: SAE; Kierremitta: M12x1.25; Avainv\u00e4li: 16 mm; Laatu \/ luokka: Nickel GE; Pakkaustyyppi: Laatikko; Sytytystulppa: 1-maaelektroodi, suoralla istukalla, Kuparikeskielektrodi; Kierteen pituus (mm): 19; Teknisten tietojen numero: RA4YC; Kipin\u00e4et\u00e4isyys [mm]: 3; Kiristysmomentti > [Nm]: 15; Kiristysmomentti enint\u00e4\u00e4n [Nm]: 25; Pakkauspituus [cm]: 8,85; Pakkausleveys [cm]: 2,6; Pakkauskorkeus [mm]: 2,35; Vastus alkaen [kOhm]: 3; Vastus asti [kOhm]: 9; Ulkonema [mm]: 1,6; lis\u00e4tieto: Powersport; Tarvittava kappalem\u00e4\u00e4r\u00e4: 4; OPEL: AGILA B H08; FORD: KA RU8; FIAT: PUNTO 188,PANDA 169,500 312,STILO 192,BRAVO II 198,500 C 312,STILO Multi Wagon 192,DOBLO Kasten\/Kombi 263,PANDA Van 169,IDEA,STRADA Pick-up 178E,500L,DOBLO Gro\u00dfraumlimousine 152, 263,BRAVO I 182,BRAVA 182,PALIO Weekend 178DX,DOBLO Pritsche\/Fahrgestell 263,PALIO 178BX,SIENA 178_; NISSAN: PIXO UA0; SUZUKI: SWIFT IV FZ, NZ,SPLASH,ALTO HA25, HA35; CHEVROLET: MATIZ M200, M250,SPARK M300,AVEO Schr\u00e4gheck T250, T255,AVEO Stufenheck T250, T255; LANCIA: MUSA 350; Tulpat,Sytytystulppa<\/p>\n","protected":false},"excerpt":{"rendered":"<p>CHAMPION Sytytystulpat OE230 Tulpat,Sytytystulppa OPEL,FORD,FIAT,AGILA B H08,KA RU8,PUNTO 188,PANDA 169,500 312,STILO 192,BRAVO II 198,500 C 312<\/p>\n","protected":false},"featured_media":0,"template":"","meta":{"site-sidebar-layout":"default","site-content-layout":"default","ast-global-header-display":"","ast-main-header-display":"","ast-hfb-above-header-display":"","ast-hfb-below-header-display":"","ast-hfb-mobile-header-display":"","site-post-title":"","ast-breadcrumbs-content":"","ast-featured-img":"","footer-sml-layout":"","theme-transparent-header-meta":"","adv-header-id-meta":"","stick-header-meta":"","header-above-stick-meta":"","header-main-stick-meta":"","header-below-stick-meta":""},"pwb-brand":[536],"product_cat":[165],"product_tag":[],"class_list":{"0":"post-103044","1":"product","2":"type-product","3":"status-publish","5":"pwb-brand-champion","6":"product_cat-sytytystulpat","7":"desktop-align-left","8":"tablet-align-left","9":"mobile-align-left","11":"first","12":"instock","13":"product-type-external"},"brands":[{"id":536,"name":"Champion","slug":"champion"}],"_links":{"self":[{"href":"https:\/\/www.autonvaraosahaku.fi\/index.php?rest_route=\/wp\/v2\/product\/103044","targetHints":{"allow":["GET"]}}],"collection":[{"href":"https:\/\/www.autonvaraosahaku.fi\/index.php?rest_route=\/wp\/v2\/product"}],"about":[{"href":"https:\/\/www.autonvaraosahaku.fi\/index.php?rest_route=\/wp\/v2\/types\/product"}],"wp:attachment":[{"href":"https:\/\/www.autonvaraosahaku.fi\/index.php?rest_route=%2Fwp%2Fv2%2Fmedia&parent=103044"}],"wp:term":[{"taxonomy":"pwb-brand","embeddable":true,"href":"https:\/\/www.autonvaraosahaku.fi\/index.php?rest_route=%2Fwp%2Fv2%2Fpwb-brand&post=103044"},{"taxonomy":"product_cat","embeddable":true,"href":"https:\/\/www.autonvaraosahaku.fi\/index.php?rest_route=%2Fwp%2Fv2%2Fproduct_cat&post=103044"},{"taxonomy":"product_tag","embeddable":true,"href":"https:\/\/www.autonvaraosahaku.fi\/index.php?rest_route=%2Fwp%2Fv2%2Fproduct_tag&post=103044"}],"curies":[{"name":"wp","href":"https:\/\/api.w.org\/{rel}","templated":true}]}}