{"id":103046,"date":"2021-02-21T22:54:13","date_gmt":"2021-02-21T22:54:13","guid":{"rendered":"https:\/\/www.autonvaraosahaku.fi\/?product=champion-oe035-t10-sytytystulpat"},"modified":"2021-02-21T22:54:20","modified_gmt":"2021-02-21T22:54:20","slug":"champion-oe035-t10-sytytystulpat","status":"publish","type":"product","link":"https:\/\/www.autonvaraosahaku.fi\/?product=champion-oe035-t10-sytytystulpat","title":{"rendered":"Champion OE035\/T10 Sytytystulpat"},"content":{"rendered":"<p>K\u00e4rkiv\u00e4li (mm): 0,9; Liittimet: SAE; Kierremitta: M14x1.25; Avainv\u00e4li: 16 mm; Laatu \/ luokka: Cu-core GE; Pakkaustyyppi: Laatikko; Sytytystulppa: 1-maaelektroodi, suoralla istukalla, Kuparikeskielektrodi; Kierteen pituus (mm): 26,5; Teknisten tietojen numero: REC9YCL; Kipin\u00e4et\u00e4isyys [mm]: 3; Kiristysmomentti > [Nm]: 20; Kiristysmomentti enint\u00e4\u00e4n [Nm]: 30; Pakkauspituus [cm]: 8,85; Pakkausleveys [cm]: 2,6; Pakkauskorkeus [mm]: 2,35; Vastus alkaen [kOhm]: 3; Vastus asti [kOhm]: 9; Ulkonema [mm]: 1,5; Tuotelinja: Powersport; Tarvittava kappalem\u00e4\u00e4r\u00e4: 4; SUBARU: LEGACY IV Station Wagon BL, BP, B13_,OUTBACK BL, BP,IMPREZA Station Wagon GG,LEGACY IV BL, BP,TRIBECA B9; TOYOTA: YARIS SCP9_, NSP9_, KSP9_, NCP9_, ZSP9_,AYGO WNB1_, KGB1_,LAND CRUISER KDJ12_, GRJ12_,HILUX III Pick-up TGN1_, GGN2_, GGN1_, KUN2_, KUN1_,VIOS\/YARIS Stufenheck ZSP9_, NCP9_,LAND CRUISER 150 KDJ15_, GRJ15_,HILUX III Pritsche\/Fahrgestell KUN1_, TGN3_, TGN2_, TGN1_,,FJ CRUISER GSJ1_,HIACE IV Kasten TRH2_, KDH2_,HIACE \/ COMMUTER IV TRH2_, KDH2_,DYNA Pritsche\/Fahrgestell KD_, LY_, TRY2_, KDY2_, XZU4_, XZ,FORTUNER Gel\u00e4ndewagen geschlossen TGN6_, KUN6_, GGN6_, TGN5; SMART: FORFOUR 454; VOLVO: V50 MW,S80 II AS; CITRO\u00cbN: C1 PM_, PN_,BERLINGO MF,XSARA PICASSO N68,C2 JM_,C3 I FC_,BERLINGO B9,C4 I LC_,SAXO S0, S1,BERLINGO Kasten M_,XSARA N1,C4 Coupe LA_,C3 Pluriel HB_,XSARA Break N2,BERLINGO Kasten B9,XSARA Coupe N0,C4 Stufenheck L,C-ELYSEE; PEUGEOT: 206 Schr\u00e4gheck 2A\/C,206 CC 2D,207 WA_, WC_,307 SW 3H,307 CC 3B,307 3A\/C,107,308 SW,206 SW 2E\/K,308 4A_, 4C_,307 Break 3E,PARTNER Tepee,1007 KM_,PARTNER Combispace 5F,PARTNER Kasten 5,PARTNER Kasten,207 Stufenheck,206 Stufenheck,301; MITSUBISHI: COLT VI Z3_A, Z2_A,LANCER SPORTBACK CX_A,COLT CZC Cabriolet RG,LANCER Stufenheck CY\/Z_A,COLT PLUS VII Z2_W; 596014, 596090, 596091, 596097, 596098, 5960K8, 5960L2, 59625C, 59627X, 9636393380, 224018H514, 224018H515, 224018H516, 596013, 596016, 596017, 59607X, 596090, 596091, 596097, 596098, 5960F3, 5960K8, 5960L2, 59625C, 59625E, 96363933, 9636393380, 9650684480, 9661959180, 9091901235, 9091901236, 9091901258, 90919W1001; Tulpat,Sytytystulppa<\/p>\n","protected":false},"excerpt":{"rendered":"<p>CHAMPION Sytytystulpat OE035\/T10 Tulpat,Sytytystulppa SUBARU,TOYOTA,SMART,LEGACY IV Station Wagon BL, BP, B13_,OUTBACK BL, BP,IMPREZA Station Wagon GG<\/p>\n","protected":false},"featured_media":0,"template":"","meta":{"site-sidebar-layout":"default","site-content-layout":"default","ast-global-header-display":"","ast-main-header-display":"","ast-hfb-above-header-display":"","ast-hfb-below-header-display":"","ast-hfb-mobile-header-display":"","site-post-title":"","ast-breadcrumbs-content":"","ast-featured-img":"","footer-sml-layout":"","theme-transparent-header-meta":"","adv-header-id-meta":"","stick-header-meta":"","header-above-stick-meta":"","header-main-stick-meta":"","header-below-stick-meta":""},"pwb-brand":[536],"product_cat":[165],"product_tag":[],"class_list":{"0":"post-103046","1":"product","2":"type-product","3":"status-publish","5":"pwb-brand-champion","6":"product_cat-sytytystulpat","7":"desktop-align-left","8":"tablet-align-left","9":"mobile-align-left","11":"first","12":"instock","13":"product-type-external"},"brands":[{"id":536,"name":"Champion","slug":"champion"}],"_links":{"self":[{"href":"https:\/\/www.autonvaraosahaku.fi\/index.php?rest_route=\/wp\/v2\/product\/103046","targetHints":{"allow":["GET"]}}],"collection":[{"href":"https:\/\/www.autonvaraosahaku.fi\/index.php?rest_route=\/wp\/v2\/product"}],"about":[{"href":"https:\/\/www.autonvaraosahaku.fi\/index.php?rest_route=\/wp\/v2\/types\/product"}],"wp:attachment":[{"href":"https:\/\/www.autonvaraosahaku.fi\/index.php?rest_route=%2Fwp%2Fv2%2Fmedia&parent=103046"}],"wp:term":[{"taxonomy":"pwb-brand","embeddable":true,"href":"https:\/\/www.autonvaraosahaku.fi\/index.php?rest_route=%2Fwp%2Fv2%2Fpwb-brand&post=103046"},{"taxonomy":"product_cat","embeddable":true,"href":"https:\/\/www.autonvaraosahaku.fi\/index.php?rest_route=%2Fwp%2Fv2%2Fproduct_cat&post=103046"},{"taxonomy":"product_tag","embeddable":true,"href":"https:\/\/www.autonvaraosahaku.fi\/index.php?rest_route=%2Fwp%2Fv2%2Fproduct_tag&post=103046"}],"curies":[{"name":"wp","href":"https:\/\/api.w.org\/{rel}","templated":true}]}}