{"id":103050,"date":"2021-02-21T22:54:22","date_gmt":"2021-02-21T22:54:22","guid":{"rendered":"https:\/\/www.autonvaraosahaku.fi\/?product=champion-oe009-t10-sytytystulpat"},"modified":"2021-02-21T22:54:23","modified_gmt":"2021-02-21T22:54:23","slug":"champion-oe009-t10-sytytystulpat","status":"publish","type":"product","link":"https:\/\/www.autonvaraosahaku.fi\/?product=champion-oe009-t10-sytytystulpat","title":{"rendered":"Champion OE009\/T10 Sytytystulpat"},"content":{"rendered":"<p>K\u00e4rkiv\u00e4li (mm): 0,9; Liittimet: M4\/SAE; Kierremitta: M14x1.25; Avainv\u00e4li: 16 mm; Laatu \/ luokka: Nickel GE; Pakkaustyyppi: Laatikko; Sytytystulppa: 1-maaelektroodi, kartioistukalla, Kuparikeskielektrodi; Kierteen pituus (mm): 17,5; Teknisten tietojen numero: S9YC; Kipin\u00e4et\u00e4isyys [mm]: 3; Kiristysmomentti > [Nm]: 10; Kiristysmomentti enint\u00e4\u00e4n [Nm]: 20; Pakkauspituus [cm]: 8,65; Pakkausleveys [cm]: 2,45; Pakkauskorkeus [mm]: 2,45; Ulkonema [mm]: 1,5; Tuotelinja: Powersport; Tarvittava kappalem\u00e4\u00e4r\u00e4: 4; AUDI: A6 Avant 4A, C4,A6 4A, C4,V8 44_, 4C_; MERCEDES-BENZ: 190 W201,Stufenheck W124,Stufenheck W123,KOMBI Kombi S124,G-CLASS W463,COUPE C124,G-CLASS W460,COUPE C123,G-CLASS W461,KOMBI Kombi S123,T1 Bus 601,T1 Pritsche\/Fahrgestell 602,T2\/L Kasten\/Kombi,T1 Kasten 602,T1 Pritsche\/Fahrgestell 601,T2\/LN1 Kasten\/Kombi,HECKFLOSSE W111, W112,T1 Kasten 601,T2\/L Pritsche\/Fahrgestell,T1\/TN Pritsche\/Fahrgestell,G-CLASS Cabrio W463,T2\/LN1 Pritsche\/Fahrgestell,T1\/TN Kasten\/Kombi,T2\/L Kipper; OPEL: MANTA B 58_, 59_,ASCONA B 81_, 86_, 87_, 88_; VOLVO: 240 Kombi P245,240 P242, P244,760 704, 764,960 Kombi 965,760 Kombi 704, 765,960 964,260 P262, P264,260 Coupe P262,260 Kombi P265,780; RENAULT: ESPACE II J\/S63_,5 122_,TRAFIC Kasten TXX,TRAFIC Bus TXW,SAFRANE I B54_,21 Stufenheck L48_,25 B29_,MASTER I Kasten T__,21 Kombi K48_,18 Variable 135_,30 127_,FUEGO 136_,21 B48_,MASTER I Bus T__,20 127_,14 121_; CITRO\u00cbN: BX XB-_,CX II,CX I MA,DS,BX Break XB-_,VISA Cabriolet,CX II Break,CX I Break MA,OLTCIT,DS Break,DS Cabriolet; PEUGEOT: 205 II 20A\/C,205 I Cabriolet 741B, 20D,205 I 741A\/C,304 Cabriolet _04B_,309 I 10C, 10A,505 551A,504 Coupe,204,104,305 II 581M,505 Break 551D,604 561A_,304 _04M_,104 Coupe,305 II Break 581E,305 I 581A,204 Break,304 Coupe _04C_,304 Break _04D_,305 I Break 581D; PUCH: G-MODELL W 460,G-MODELL W 463; ALPINE: A310; TALBOT: SAMBA Cabriolet 51E,SAMBA 51A,TAGORA; 75492406, 75492438, 7910012996, 7910012998, 7910032920, 91506338, 91517007, 91517008, 91517013, 91517014, 95492862, 95611941, 97533994, 97535383, ZB9000061, ZB9000061U, ZB9000062U, ZC9862094U, ZC9862095U, 0001629401, 001635400, 001690400, 0021593503, 0021593603, 0021593703, 0021594303, 0021594903, 0021595403, 0021595603, 0021595703, 0021595803, 0021596403, 0021596503, 0021596603, 0021596703, 0021596803, 0021596903, 0021597803, 0031590603, 0031590703, 0031590803, 0031592303, 0031592403, 0031592503, 0031592803, 0031593303, 0031593403, 0031593503, 0031593603, 0031595903, 1021590003, 1021590103, 1021590303, 1021590403, 1021590603, 1021590903, 1021591103, 1021591203, 1031590001, 1031590003, A0031593303, A0031593503, A0031593603, 026903, 596130, 596133, 596144, 596149, 596150, 596152, 596160, 596192, 596205, 596207, 596209, 596214, 596215, 596230, 596231, 596236, 596237, 596246, 596247, 596248, 596249, 596250, 596257, 596259, 596261, 596263, 596268, 596269, 596272, 596287, 5962C0, 5962H1, &#8230;; Tulpat,Sytytystulppa<\/p>\n","protected":false},"excerpt":{"rendered":"<p>CHAMPION Sytytystulpat OE009\/T10 Tulpat,Sytytystulppa AUDI,MERCEDES-BENZ,OPEL,A6 Avant 4A, C4,A6 4A, C4,V8 44_, 4C_,190 W201,Stufenheck W124<\/p>\n","protected":false},"featured_media":0,"template":"","meta":{"site-sidebar-layout":"default","site-content-layout":"default","ast-global-header-display":"","ast-main-header-display":"","ast-hfb-above-header-display":"","ast-hfb-below-header-display":"","ast-hfb-mobile-header-display":"","site-post-title":"","ast-breadcrumbs-content":"","ast-featured-img":"","footer-sml-layout":"","theme-transparent-header-meta":"","adv-header-id-meta":"","stick-header-meta":"","header-above-stick-meta":"","header-main-stick-meta":"","header-below-stick-meta":""},"pwb-brand":[536],"product_cat":[165],"product_tag":[],"class_list":{"0":"post-103050","1":"product","2":"type-product","3":"status-publish","5":"pwb-brand-champion","6":"product_cat-sytytystulpat","7":"desktop-align-left","8":"tablet-align-left","9":"mobile-align-left","11":"first","12":"instock","13":"product-type-external"},"brands":[{"id":536,"name":"Champion","slug":"champion"}],"_links":{"self":[{"href":"https:\/\/www.autonvaraosahaku.fi\/index.php?rest_route=\/wp\/v2\/product\/103050","targetHints":{"allow":["GET"]}}],"collection":[{"href":"https:\/\/www.autonvaraosahaku.fi\/index.php?rest_route=\/wp\/v2\/product"}],"about":[{"href":"https:\/\/www.autonvaraosahaku.fi\/index.php?rest_route=\/wp\/v2\/types\/product"}],"wp:attachment":[{"href":"https:\/\/www.autonvaraosahaku.fi\/index.php?rest_route=%2Fwp%2Fv2%2Fmedia&parent=103050"}],"wp:term":[{"taxonomy":"pwb-brand","embeddable":true,"href":"https:\/\/www.autonvaraosahaku.fi\/index.php?rest_route=%2Fwp%2Fv2%2Fpwb-brand&post=103050"},{"taxonomy":"product_cat","embeddable":true,"href":"https:\/\/www.autonvaraosahaku.fi\/index.php?rest_route=%2Fwp%2Fv2%2Fproduct_cat&post=103050"},{"taxonomy":"product_tag","embeddable":true,"href":"https:\/\/www.autonvaraosahaku.fi\/index.php?rest_route=%2Fwp%2Fv2%2Fproduct_tag&post=103050"}],"curies":[{"name":"wp","href":"https:\/\/api.w.org\/{rel}","templated":true}]}}