{"id":103053,"date":"2021-02-21T22:54:22","date_gmt":"2021-02-21T22:54:22","guid":{"rendered":"https:\/\/www.autonvaraosahaku.fi\/?product=champion-l82c-t10-sytytystulpat"},"modified":"2021-02-21T22:54:24","modified_gmt":"2021-02-21T22:54:24","slug":"champion-l82c-t10-sytytystulpat","status":"publish","type":"product","link":"https:\/\/www.autonvaraosahaku.fi\/?product=champion-l82c-t10-sytytystulpat","title":{"rendered":"Champion L82C\/T10 Sytytystulpat"},"content":{"rendered":"<p>K\u00e4rkiv\u00e4li (mm): 0,6; Liittimet: M4\/SAE; Kierremitta: M14x1.25; Avainv\u00e4li: 21 mm; Laatu \/ luokka: Nickel GE; Pakkaustyyppi: Laatikko; Sytytystulppa: 1-maaelektroodi, suoralla istukalla, Kuparikeskielektrodi; Kierteen pituus (mm): 12,7; Teknisten tietojen numero: L82C; Kipin\u00e4et\u00e4isyys [mm]: 1,5; Kiristysmomentti > [Nm]: 20; Kiristysmomentti enint\u00e4\u00e4n [Nm]: 30; Pakkauspituus [cm]: 8,85; Pakkausleveys [cm]: 2,6; Pakkauskorkeus [mm]: 2,35; Tuotelinja: Powersport; Tarvittava kappalem\u00e4\u00e4r\u00e4: 4; VW: TRANSPORTER III Bus,KAEFER,KAEFER Cabriolet 15,TRANSPORTER III Kasten,TRANSPORTER II Bus,1500,1600 Variant 36,1500,1600 31,TRANSPORTER I Bus 22, 24, 25, 28,KARMANN GHIA Coupe 14, 34,TRANSPORTER II Kasten,KARMANN GHIA Cabriolet 14, 34,TRANSPORTER I Pritsche\/Fahrgestell 26,TRANSPORTER II Pritsche\/Fahrgestell,TRANSPORTER I Kasten 21, 23; SKODA: 100,110,110 Coupe; MERCEDES-BENZ: 170 W170; ROVER: 200 RF; FORD: TAUNUS 12M P4,TAUNUS 12M Coupe P4; RENAULT: 8 113_; PORSCHE: 356 Coupe,356 Cabriolet\/Speedster; WARTBURG: 353,353 Tourist; BORGWARD: ISABELLA; TRIUMPH: TR 3,TR 4A; 0111800068000, 5416222D, 95605398, 95619038, AM212207A, DX2127B, ZB9000065U, 225190, 1S3, 4113022, 4401586, 414, 415, 416, 0001591203, 0001597903, 0011592903, 0011596003, 0031596203, 111700068, 1214020, 1214046, 1105693600, 596108, 596109, 596258, 596267, 596296, Super147, P82M, 99902080210, 99917002390, 0851798700, 0854407100, 0854864700, 7700619329, 7700647269, 7700647275, 7700647280, 7700647284, 7700659262, 7701392263, 7701414037, 23412600, 9020724, 9020726, 000057015, 239446, 3104124, 570306, 7072153, 72153, 000057001, 000057001A, 000057003, 000057004, 000057015, N0178011, N01780111, N01780113, N0178012, N0178017, N0178018, N0178021, N01780213, N0178039, Z057003, Z057060, Z057064, 24707106, 25007604, 26507101; Tulpat,Sytytystulppa<\/p>\n","protected":false},"excerpt":{"rendered":"<p>CHAMPION Sytytystulpat L82C\/T10 Tulpat,Sytytystulppa VW,SKODA,MERCEDES-BENZ,TRANSPORTER III Bus,KAEFER,KAEFER Cabriolet 15,TRANSPORTER III Kasten<\/p>\n","protected":false},"featured_media":0,"template":"","meta":{"site-sidebar-layout":"default","site-content-layout":"default","ast-global-header-display":"","ast-main-header-display":"","ast-hfb-above-header-display":"","ast-hfb-below-header-display":"","ast-hfb-mobile-header-display":"","site-post-title":"","ast-breadcrumbs-content":"","ast-featured-img":"","footer-sml-layout":"","theme-transparent-header-meta":"","adv-header-id-meta":"","stick-header-meta":"","header-above-stick-meta":"","header-main-stick-meta":"","header-below-stick-meta":""},"pwb-brand":[536],"product_cat":[165],"product_tag":[],"class_list":{"0":"post-103053","1":"product","2":"type-product","3":"status-publish","5":"pwb-brand-champion","6":"product_cat-sytytystulpat","7":"desktop-align-left","8":"tablet-align-left","9":"mobile-align-left","11":"first","12":"instock","13":"product-type-external"},"brands":[{"id":536,"name":"Champion","slug":"champion"}],"_links":{"self":[{"href":"https:\/\/www.autonvaraosahaku.fi\/index.php?rest_route=\/wp\/v2\/product\/103053","targetHints":{"allow":["GET"]}}],"collection":[{"href":"https:\/\/www.autonvaraosahaku.fi\/index.php?rest_route=\/wp\/v2\/product"}],"about":[{"href":"https:\/\/www.autonvaraosahaku.fi\/index.php?rest_route=\/wp\/v2\/types\/product"}],"wp:attachment":[{"href":"https:\/\/www.autonvaraosahaku.fi\/index.php?rest_route=%2Fwp%2Fv2%2Fmedia&parent=103053"}],"wp:term":[{"taxonomy":"pwb-brand","embeddable":true,"href":"https:\/\/www.autonvaraosahaku.fi\/index.php?rest_route=%2Fwp%2Fv2%2Fpwb-brand&post=103053"},{"taxonomy":"product_cat","embeddable":true,"href":"https:\/\/www.autonvaraosahaku.fi\/index.php?rest_route=%2Fwp%2Fv2%2Fproduct_cat&post=103053"},{"taxonomy":"product_tag","embeddable":true,"href":"https:\/\/www.autonvaraosahaku.fi\/index.php?rest_route=%2Fwp%2Fv2%2Fproduct_tag&post=103053"}],"curies":[{"name":"wp","href":"https:\/\/api.w.org\/{rel}","templated":true}]}}