{"id":103059,"date":"2021-02-21T22:54:22","date_gmt":"2021-02-21T22:54:22","guid":{"rendered":"https:\/\/www.autonvaraosahaku.fi\/?product=champion-oe016-t10-sytytystulpat"},"modified":"2021-02-21T22:54:27","modified_gmt":"2021-02-21T22:54:27","slug":"champion-oe016-t10-sytytystulpat","status":"publish","type":"product","link":"https:\/\/www.autonvaraosahaku.fi\/?product=champion-oe016-t10-sytytystulpat","title":{"rendered":"Champion OE016\/T10 Sytytystulpat"},"content":{"rendered":"<p>K\u00e4rkiv\u00e4li (mm): 0,9; Liittimet: SAE; Kierremitta: M14x1.25; Avainv\u00e4li: 16 mm; Laatu \/ luokka: Cu-core GE; Pakkaustyyppi: Laatikko; Sytytystulppa: 1-maaelektroodi, suoralla istukalla, Kuparikeskielektrodi; Kierteen pituus (mm): 19; Teknisten tietojen numero: RC10YCC; Kipin\u00e4et\u00e4isyys [mm]: 3; Kiristysmomentti > [Nm]: 20; Kiristysmomentti enint\u00e4\u00e4n [Nm]: 30; Pakkauspituus [cm]: 8,85; Pakkausleveys [cm]: 2,6; Pakkauskorkeus [mm]: 2,35; Vastus alkaen [kOhm]: 3; Vastus asti [kOhm]: 9; Ulkonema [mm]: 1,5; Tuotelinja: Powersport; Tarvittava kappalem\u00e4\u00e4r\u00e4: 4; VW: BORA 1J2; SUZUKI: GRAND VITARA II JT,SX4 EY, GY,LIANA Schr\u00e4gheck,SX4 S-Cross,LIANA ER,SX4 Stufenheck GY; HONDA: CIVIC VI Hatchback EJ, EK,CIVIC VI Fastback MA, MB,CIVIC VI Stufenheck EJ, EK; LANCIA: LYBRA SW 839BX,LYBRA 839AX,DELTA II 836,DEDRA 835,DEDRA SW 835; SSANGYONG: MUSSO FJ; FIAT: PUNTO 188,PANDA 169,STILO 192,BARCHETTA 183,DOBLO Cargo 223,STILO Multi Wagon 192,DOBLO 119,PANDA 141A_,SEDICI,STRADA Pick-up 178E,MULTIPLA 186,PUNTO Van 188AX,PALIO Weekend 178DX,PANDA Van 141_,MAREA 185,PALIO 178BX,SIENA 178_; AIXAM: 500,CROSSLINE,A.751; 96070663, 46531918, 46551935, 71719244, 2240174B00, 2240174B07, 5962J1, 7700273462, 101000049AF; Tulpat,Sytytystulppa<\/p>\n","protected":false},"excerpt":{"rendered":"<p>CHAMPION Sytytystulpat OE016\/T10 Tulpat,Sytytystulppa VW,SUZUKI,HONDA,BORA 1J2,GRAND VITARA II JT,SX4 EY, GY,LIANA Schr\u00e4gheck,SX4 S-Cross,LIANA ER<\/p>\n","protected":false},"featured_media":0,"template":"","meta":{"site-sidebar-layout":"default","site-content-layout":"default","ast-global-header-display":"","ast-main-header-display":"","ast-hfb-above-header-display":"","ast-hfb-below-header-display":"","ast-hfb-mobile-header-display":"","site-post-title":"","ast-breadcrumbs-content":"","ast-featured-img":"","footer-sml-layout":"","theme-transparent-header-meta":"","adv-header-id-meta":"","stick-header-meta":"","header-above-stick-meta":"","header-main-stick-meta":"","header-below-stick-meta":""},"pwb-brand":[536],"product_cat":[165],"product_tag":[],"class_list":{"0":"post-103059","1":"product","2":"type-product","3":"status-publish","5":"pwb-brand-champion","6":"product_cat-sytytystulpat","7":"desktop-align-left","8":"tablet-align-left","9":"mobile-align-left","11":"first","12":"instock","13":"product-type-external"},"brands":[{"id":536,"name":"Champion","slug":"champion"}],"_links":{"self":[{"href":"https:\/\/www.autonvaraosahaku.fi\/index.php?rest_route=\/wp\/v2\/product\/103059","targetHints":{"allow":["GET"]}}],"collection":[{"href":"https:\/\/www.autonvaraosahaku.fi\/index.php?rest_route=\/wp\/v2\/product"}],"about":[{"href":"https:\/\/www.autonvaraosahaku.fi\/index.php?rest_route=\/wp\/v2\/types\/product"}],"wp:attachment":[{"href":"https:\/\/www.autonvaraosahaku.fi\/index.php?rest_route=%2Fwp%2Fv2%2Fmedia&parent=103059"}],"wp:term":[{"taxonomy":"pwb-brand","embeddable":true,"href":"https:\/\/www.autonvaraosahaku.fi\/index.php?rest_route=%2Fwp%2Fv2%2Fpwb-brand&post=103059"},{"taxonomy":"product_cat","embeddable":true,"href":"https:\/\/www.autonvaraosahaku.fi\/index.php?rest_route=%2Fwp%2Fv2%2Fproduct_cat&post=103059"},{"taxonomy":"product_tag","embeddable":true,"href":"https:\/\/www.autonvaraosahaku.fi\/index.php?rest_route=%2Fwp%2Fv2%2Fproduct_tag&post=103059"}],"curies":[{"name":"wp","href":"https:\/\/api.w.org\/{rel}","templated":true}]}}