{"id":103062,"date":"2021-02-21T22:54:22","date_gmt":"2021-02-21T22:54:22","guid":{"rendered":"https:\/\/www.autonvaraosahaku.fi\/?product=champion-cof100505e-oljynsuodatin"},"modified":"2021-02-21T22:54:28","modified_gmt":"2021-02-21T22:54:28","slug":"champion-cof100505e-oljynsuodatin","status":"publish","type":"product","link":"https:\/\/www.autonvaraosahaku.fi\/?product=champion-cof100505e-oljynsuodatin","title":{"rendered":"Champion COF100505E \u00d6ljynsuodatin"},"content":{"rendered":"<p>Korkeus (mm): 155; Sis\u00e4l\u00e4pimitta [mm]: 26; Ulkol\u00e4pimitta [mm]: 65; Pakkaustyyppi: Laatikko; Suodatintyyppi: Suodatinpanos; Pakkauspituus [cm]: 6,8; Pakkausleveys [cm]: 6,8; Pakkauskorkeus [mm]: 16; Tuotelinja: EON TITAN; Valmistusvuosi alkaen: 04\/2000; VW: GOLF IV 1J1,PASSAT Variant 3B6,GOLF IV Variant 1J5,SHARAN 7M8, 7M9, 7M6,PASSAT Variant 3B5,BORA 1J2,PASSAT 3B2,NEW BEETLE 9C1, 1C1,PASSAT 3B3,BORA Kombi 1J6,CRAFTER 30-50 Kasten 2E_,NEW BEETLE Cabriolet 1Y7,CADDY II Kasten 9K9A,POLO Variant 6KV5,POLO CLASSIC 6KV2,LT 28-46 II Kasten 2DA, 2DD, 2DH,CRAFTER 30-35 Bus 2E_,LT 28-35 II Bus 2DB, 2DE, 2DK,LT 28-46 II Pritsche\/Fahrgestell 2DC, 2DF, 2DG, 2DL, 2DM,CADDY II Kombi 9K9B,CRAFTER 30-50 Pritsche\/Fahrgestell 2F_,GOLF IV Van 1J1; AUDI: A3 8L1,A4 8D2, B5,A4 Avant 8ED, B7,A4 Avant 8E5, B6,A6 Avant 4B5, C5,A4 Avant 8D5, B5,A4 8E2, B6,A6 4B2, C5,A4 Cabriolet 8H7, B6, 8HE, B7,A4 8EC, B7; SKODA: OCTAVIA Combi 1U5,OCTAVIA 1U2,SUPERB 3U4; SEAT: IBIZA IV 6L1,LEON 1M1,ALHAMBRA 7V8, 7V9,IBIZA II 6K1,TOLEDO II 1M2,CORDOBA 6K1, 6K2,CORDOBA Vario 6K1,INCA 6K9; FORD: GALAXY WGR; 1100696<\/p>\n","protected":false},"excerpt":{"rendered":"<p>CHAMPION \u00d6ljynsuodatin COF100505E  VW,AUDI,SKODA,GOLF IV 1J1,PASSAT Variant 3B6,GOLF IV Variant 1J5,SHARAN 7M8, 7M9, 7M6,PASSAT Variant 3B5,BORA 1J2<\/p>\n","protected":false},"featured_media":0,"template":"","meta":{"site-sidebar-layout":"default","site-content-layout":"default","ast-global-header-display":"","ast-main-header-display":"","ast-hfb-above-header-display":"","ast-hfb-below-header-display":"","ast-hfb-mobile-header-display":"","site-post-title":"","ast-breadcrumbs-content":"","ast-featured-img":"","footer-sml-layout":"","theme-transparent-header-meta":"","adv-header-id-meta":"","stick-header-meta":"","header-above-stick-meta":"","header-main-stick-meta":"","header-below-stick-meta":""},"pwb-brand":[536],"product_cat":[30],"product_tag":[],"class_list":{"0":"post-103062","1":"product","2":"type-product","3":"status-publish","5":"pwb-brand-champion","6":"product_cat-oljynsuodatin","7":"desktop-align-left","8":"tablet-align-left","9":"mobile-align-left","11":"first","12":"instock","13":"product-type-external"},"brands":[{"id":536,"name":"Champion","slug":"champion"}],"_links":{"self":[{"href":"https:\/\/www.autonvaraosahaku.fi\/index.php?rest_route=\/wp\/v2\/product\/103062","targetHints":{"allow":["GET"]}}],"collection":[{"href":"https:\/\/www.autonvaraosahaku.fi\/index.php?rest_route=\/wp\/v2\/product"}],"about":[{"href":"https:\/\/www.autonvaraosahaku.fi\/index.php?rest_route=\/wp\/v2\/types\/product"}],"wp:attachment":[{"href":"https:\/\/www.autonvaraosahaku.fi\/index.php?rest_route=%2Fwp%2Fv2%2Fmedia&parent=103062"}],"wp:term":[{"taxonomy":"pwb-brand","embeddable":true,"href":"https:\/\/www.autonvaraosahaku.fi\/index.php?rest_route=%2Fwp%2Fv2%2Fpwb-brand&post=103062"},{"taxonomy":"product_cat","embeddable":true,"href":"https:\/\/www.autonvaraosahaku.fi\/index.php?rest_route=%2Fwp%2Fv2%2Fproduct_cat&post=103062"},{"taxonomy":"product_tag","embeddable":true,"href":"https:\/\/www.autonvaraosahaku.fi\/index.php?rest_route=%2Fwp%2Fv2%2Fproduct_tag&post=103062"}],"curies":[{"name":"wp","href":"https:\/\/api.w.org\/{rel}","templated":true}]}}