{"id":103074,"date":"2021-02-21T22:54:31","date_gmt":"2021-02-21T22:54:31","guid":{"rendered":"https:\/\/www.autonvaraosahaku.fi\/?product=champion-oe120-t10-sytytystulpat"},"modified":"2021-02-21T22:54:33","modified_gmt":"2021-02-21T22:54:33","slug":"champion-oe120-t10-sytytystulpat","status":"publish","type":"product","link":"https:\/\/www.autonvaraosahaku.fi\/?product=champion-oe120-t10-sytytystulpat","title":{"rendered":"Champion OE120\/T10 Sytytystulpat"},"content":{"rendered":"<p>K\u00e4rkiv\u00e4li (mm): 0,6; Liittimet: SAE; Kierremitta: M14x1.25; Avainv\u00e4li: 16 mm; Laatu \/ luokka: Nickel GE; Pakkaustyyppi: Laatikko; Sytytystulppa: 3-maaelektroodia, suoralla istukalla, Kuparikeskielektrodi; Kierteen pituus (mm): 19; Teknisten tietojen numero: RC89TMC; Kipin\u00e4et\u00e4isyys [mm]: 5; Kiristysmomentti > [Nm]: 20; Kiristysmomentti enint\u00e4\u00e4n [Nm]: 30; Pakkauspituus [cm]: 8,85; Pakkausleveys [cm]: 2,6; Pakkauskorkeus [mm]: 2,35; Vastus alkaen [kOhm]: 3; Vastus asti [kOhm]: 9; Ulkonema [mm]: 3; Tuotelinja: Igniter Industrial; TECDOC-moottorinumero: 25836; SEAT: IBIZA II 6K1; MERCEDES-BENZ: A-CLASS W168; OPEL: VECTRA C Caravan; BMW: 1 E87,1 E81,7 E65, E66, E67,5 E28; VOLVO: V40 Kombi VW,V70 II SW,V70 I LV,S60 I,850 Kombi LW,S80 I TS, XY,S40 I VS,C70 I Cabriolet,C70 I Coupe,850 LS,960 II Kombi 965,S70 LS,960 II 964,V90 Kombi,960 Kombi 965,960 964,S90; RENAULT: LAGUNA I B56_, 556_,LAGUNA I Grandtour K56_; PIAGGIO: PORTER Kasten; VAUXHALL: ZAFIRA Mk II B M75,VECTRA Mk II C CC,VECTRA Mk II C Estate,VECTRA Mk II C,SIGNUM,OMEGA B,VECTRA B CC,VECTRA B Estate,VECTRA B,OMEGA B Estate; 12120032136, 46471078, 1H4Z12405CB, LR021006, MN119942, 1214011, 99917020490, 99917020491, 99917021890, 99917021990, NLP000030, 272207, 8642660, 8642661, 9146775, 9202064, RF80H3, X9146775; Tulpat,Sytytystulppa<\/p>\n","protected":false},"excerpt":{"rendered":"<p>CHAMPION Sytytystulpat OE120\/T10 Tulpat,Sytytystulppa SEAT,MERCEDES-BENZ,OPEL,IBIZA II 6K1,A-CLASS W168,VECTRA C Caravan,1 E87,1 E81,7 E65, E66, E67<\/p>\n","protected":false},"featured_media":0,"template":"","meta":{"site-sidebar-layout":"default","site-content-layout":"default","ast-global-header-display":"","ast-main-header-display":"","ast-hfb-above-header-display":"","ast-hfb-below-header-display":"","ast-hfb-mobile-header-display":"","site-post-title":"","ast-breadcrumbs-content":"","ast-featured-img":"","footer-sml-layout":"","theme-transparent-header-meta":"","adv-header-id-meta":"","stick-header-meta":"","header-above-stick-meta":"","header-main-stick-meta":"","header-below-stick-meta":""},"pwb-brand":[536],"product_cat":[165],"product_tag":[],"class_list":{"0":"post-103074","1":"product","2":"type-product","3":"status-publish","5":"pwb-brand-champion","6":"product_cat-sytytystulpat","7":"desktop-align-left","8":"tablet-align-left","9":"mobile-align-left","11":"first","12":"instock","13":"product-type-external"},"brands":[{"id":536,"name":"Champion","slug":"champion"}],"_links":{"self":[{"href":"https:\/\/www.autonvaraosahaku.fi\/index.php?rest_route=\/wp\/v2\/product\/103074","targetHints":{"allow":["GET"]}}],"collection":[{"href":"https:\/\/www.autonvaraosahaku.fi\/index.php?rest_route=\/wp\/v2\/product"}],"about":[{"href":"https:\/\/www.autonvaraosahaku.fi\/index.php?rest_route=\/wp\/v2\/types\/product"}],"wp:attachment":[{"href":"https:\/\/www.autonvaraosahaku.fi\/index.php?rest_route=%2Fwp%2Fv2%2Fmedia&parent=103074"}],"wp:term":[{"taxonomy":"pwb-brand","embeddable":true,"href":"https:\/\/www.autonvaraosahaku.fi\/index.php?rest_route=%2Fwp%2Fv2%2Fpwb-brand&post=103074"},{"taxonomy":"product_cat","embeddable":true,"href":"https:\/\/www.autonvaraosahaku.fi\/index.php?rest_route=%2Fwp%2Fv2%2Fproduct_cat&post=103074"},{"taxonomy":"product_tag","embeddable":true,"href":"https:\/\/www.autonvaraosahaku.fi\/index.php?rest_route=%2Fwp%2Fv2%2Fproduct_tag&post=103074"}],"curies":[{"name":"wp","href":"https:\/\/api.w.org\/{rel}","templated":true}]}}