{"id":103106,"date":"2021-02-21T22:54:40","date_gmt":"2021-02-21T22:54:40","guid":{"rendered":"https:\/\/www.autonvaraosahaku.fi\/?product=champion-oe018-t10-sytytystulpat"},"modified":"2021-02-21T22:54:47","modified_gmt":"2021-02-21T22:54:47","slug":"champion-oe018-t10-sytytystulpat","status":"publish","type":"product","link":"https:\/\/www.autonvaraosahaku.fi\/?product=champion-oe018-t10-sytytystulpat","title":{"rendered":"Champion OE018\/T10 Sytytystulpat"},"content":{"rendered":"<p>K\u00e4rkiv\u00e4li (mm): 1; Liittimet: M4\/SAE; Kierremitta: M14x1.25; Avainv\u00e4li: 21 mm; Laatu \/ luokka: Nickel GE; Pakkaustyyppi: Laatikko; Sytytystulppa: 1-maaelektroodi, suoralla istukalla, Kuparikeskielektrodi; Kierteen pituus (mm): 19; Teknisten tietojen numero: RN7YC; Kipin\u00e4et\u00e4isyys [mm]: 3; Kiristysmomentti > [Nm]: 20; Kiristysmomentti enint\u00e4\u00e4n [Nm]: 30; Pakkauspituus [cm]: 8,65; Pakkausleveys [cm]: 2,45; Pakkauskorkeus [mm]: 2,45; Vastus alkaen [kOhm]: 6; Vastus asti [kOhm]: 15; Ulkonema [mm]: 1,6; Tuotelinja: Powersport; Tarvittava kappalem\u00e4\u00e4r\u00e4: 4; VW: GOLF II 19E, 1G1,GOLF I Cabriolet 155,POLO 86C, 80,POLO Coupe 86C, 80,SCIROCCO 53B,GOLF I 17,JETTA II 19E, 1G2, 165,PASSAT Variant 32B,POLO CLASSIC 86C, 80,PASSAT 32B,POLO 86,SCIROCCO 53,JETTA I 16,DERBY 86C, 80,PASSAT 32,DERBY 86,PASSAT Variant 33,SANTANA 32B; AUDI: 100 44, 44Q, C3,80 81, 85, B2,100 Avant 44, 44Q, C3,COUPE 81, 85,QUATTRO 85,80 80, 82, B1,90 81, 85, B2,100 C1,100 Coupe C1,100 43, C2,50 86,100 Avant 43, C2; JEEP: CJ5 &#8211; CJ8; SEAT: 124,133,131,132,RONDA 022A; MERCEDES-BENZ: SL R107,Stufenheck W123,COUPE C123,S-CLASS W108, W109,COUPE W111,KOMBI Kombi S123,SL Coupe C107; SUBARU: XT Coupe XT,LEONE II Station Wagon,LEONE II; JAGUAR: XJ; LANCIA: DELTA I 831AB0,THEMA 834,DELTA II 836,BETA Spider 828BS,BETA Coupe 828BC,DEDRA 835,BETA MONTE CARLO 137AS, 137BS,A 112,FULVIA Coupe,DEDRA SW 835,BETA  H.P.E. 828BF,GAMMA Coupe,THEMA SW 834,BETA 828_B_,PRISMA 831AB0,TREVI 828DB; OPEL: FRONTERA A Sport 5_SUD2; ROVER: 800 XS,MONTEGO Estate XE,MONTEGO; 5894585, 60800325, 71711639, 7554436, 7760381, 14NC, 1L45JR, 4346797, 4347776, 4401552, 60800325, 71711639, 71736278, 7554436, 7554437, 7760381, 7772515, 7FYSR, 7FYSSR, 9FYSR, V45LSR, 1518878, 5099962, 6073379, 78GB12405CA, 78GB12405HA, 78IF12405BA, 78TF12405AA, 79OF12405ACA, 79OF12405YA, 81GB12405AA, 5894585, 60800325, 71711639, 7554436, 7760381, 0001595403, 0001599403, 1214108, 1214119, 1214122, 1214132, 1214702, 1214802, 1214806, 7700500120, 7700742094, 7700868864, 7701414143, 7701742094, 0000VSP120, 0079227044, 1367015, 1367529, 1467015, 2707479, 2714152; Tulpat,Sytytystulppa<\/p>\n","protected":false},"excerpt":{"rendered":"<p>CHAMPION Sytytystulpat OE018\/T10 Tulpat,Sytytystulppa VW,AUDI,JEEP,GOLF II 19E, 1G1,GOLF I Cabriolet 155,POLO 86C, 80,POLO Coupe 86C, 80,SCIROCCO 53B<\/p>\n","protected":false},"featured_media":0,"template":"","meta":{"site-sidebar-layout":"default","site-content-layout":"default","ast-global-header-display":"","ast-main-header-display":"","ast-hfb-above-header-display":"","ast-hfb-below-header-display":"","ast-hfb-mobile-header-display":"","site-post-title":"","ast-breadcrumbs-content":"","ast-featured-img":"","footer-sml-layout":"","theme-transparent-header-meta":"","adv-header-id-meta":"","stick-header-meta":"","header-above-stick-meta":"","header-main-stick-meta":"","header-below-stick-meta":""},"pwb-brand":[536],"product_cat":[165],"product_tag":[],"class_list":{"0":"post-103106","1":"product","2":"type-product","3":"status-publish","5":"pwb-brand-champion","6":"product_cat-sytytystulpat","7":"desktop-align-left","8":"tablet-align-left","9":"mobile-align-left","11":"first","12":"instock","13":"product-type-external"},"brands":[{"id":536,"name":"Champion","slug":"champion"}],"_links":{"self":[{"href":"https:\/\/www.autonvaraosahaku.fi\/index.php?rest_route=\/wp\/v2\/product\/103106","targetHints":{"allow":["GET"]}}],"collection":[{"href":"https:\/\/www.autonvaraosahaku.fi\/index.php?rest_route=\/wp\/v2\/product"}],"about":[{"href":"https:\/\/www.autonvaraosahaku.fi\/index.php?rest_route=\/wp\/v2\/types\/product"}],"wp:attachment":[{"href":"https:\/\/www.autonvaraosahaku.fi\/index.php?rest_route=%2Fwp%2Fv2%2Fmedia&parent=103106"}],"wp:term":[{"taxonomy":"pwb-brand","embeddable":true,"href":"https:\/\/www.autonvaraosahaku.fi\/index.php?rest_route=%2Fwp%2Fv2%2Fpwb-brand&post=103106"},{"taxonomy":"product_cat","embeddable":true,"href":"https:\/\/www.autonvaraosahaku.fi\/index.php?rest_route=%2Fwp%2Fv2%2Fproduct_cat&post=103106"},{"taxonomy":"product_tag","embeddable":true,"href":"https:\/\/www.autonvaraosahaku.fi\/index.php?rest_route=%2Fwp%2Fv2%2Fproduct_tag&post=103106"}],"curies":[{"name":"wp","href":"https:\/\/api.w.org\/{rel}","templated":true}]}}