{"id":10311,"date":"2021-02-21T14:08:26","date_gmt":"2021-02-21T14:08:26","guid":{"rendered":"https:\/\/www.autonvaraosahaku.fi\/?product=jp-group-1450301900-tukivarren-hela"},"modified":"2021-02-21T14:08:27","modified_gmt":"2021-02-21T14:08:27","slug":"jp-group-1450301900-tukivarren-hela","status":"publish","type":"product","link":"https:\/\/www.autonvaraosahaku.fi\/?product=jp-group-1450301900-tukivarren-hela","title":{"rendered":"JP GROUP 1450301900 Tukivarren hela"},"content":{"rendered":"<p>Asennuspuoli: Taka-akseli, molemminpuolinen; Kiinnitysmalli: Kumimetallilaakeri; Sis\u00e4l\u00e4pimitta [mm]: 10; Ulkol\u00e4pimitta [mm]: 48; Valmistusvuoteen: 12\/2001; BMW: 5 E39,5 E60,5 Touring E61,5 Touring E39,7 E38,7 E65, E66, E67; 33321090102, 33321090745, 33321097264, 33326768791<\/p>\n","protected":false},"excerpt":{"rendered":"<p>JP GROUP Tukivarren Hela JP Group 1450301900  BMW,5 E39,5 E60,5 Touring E61,5 Touring E39,7 E38,7 E65, E66, E67<\/p>\n","protected":false},"featured_media":0,"template":"","meta":{"site-sidebar-layout":"default","site-content-layout":"default","ast-global-header-display":"","ast-main-header-display":"","ast-hfb-above-header-display":"","ast-hfb-below-header-display":"","ast-hfb-mobile-header-display":"","site-post-title":"","ast-breadcrumbs-content":"","ast-featured-img":"","footer-sml-layout":"","theme-transparent-header-meta":"","adv-header-id-meta":"","stick-header-meta":"","header-above-stick-meta":"","header-main-stick-meta":"","header-below-stick-meta":""},"pwb-brand":[131],"product_cat":[115],"product_tag":[],"class_list":{"0":"post-10311","1":"product","2":"type-product","3":"status-publish","5":"pwb-brand-jp-group","6":"product_cat-tukivarren-hela","7":"desktop-align-left","8":"tablet-align-left","9":"mobile-align-left","11":"first","12":"instock","13":"product-type-external"},"brands":[{"id":131,"name":"JP GROUP","slug":"jp-group"}],"_links":{"self":[{"href":"https:\/\/www.autonvaraosahaku.fi\/index.php?rest_route=\/wp\/v2\/product\/10311","targetHints":{"allow":["GET"]}}],"collection":[{"href":"https:\/\/www.autonvaraosahaku.fi\/index.php?rest_route=\/wp\/v2\/product"}],"about":[{"href":"https:\/\/www.autonvaraosahaku.fi\/index.php?rest_route=\/wp\/v2\/types\/product"}],"wp:attachment":[{"href":"https:\/\/www.autonvaraosahaku.fi\/index.php?rest_route=%2Fwp%2Fv2%2Fmedia&parent=10311"}],"wp:term":[{"taxonomy":"pwb-brand","embeddable":true,"href":"https:\/\/www.autonvaraosahaku.fi\/index.php?rest_route=%2Fwp%2Fv2%2Fpwb-brand&post=10311"},{"taxonomy":"product_cat","embeddable":true,"href":"https:\/\/www.autonvaraosahaku.fi\/index.php?rest_route=%2Fwp%2Fv2%2Fproduct_cat&post=10311"},{"taxonomy":"product_tag","embeddable":true,"href":"https:\/\/www.autonvaraosahaku.fi\/index.php?rest_route=%2Fwp%2Fv2%2Fproduct_tag&post=10311"}],"curies":[{"name":"wp","href":"https:\/\/api.w.org\/{rel}","templated":true}]}}