{"id":103113,"date":"2021-02-21T22:54:49","date_gmt":"2021-02-21T22:54:49","guid":{"rendered":"https:\/\/www.autonvaraosahaku.fi\/?product=champion-oe038-t10-sytytystulpat"},"modified":"2021-02-21T22:54:50","modified_gmt":"2021-02-21T22:54:50","slug":"champion-oe038-t10-sytytystulpat","status":"publish","type":"product","link":"https:\/\/www.autonvaraosahaku.fi\/?product=champion-oe038-t10-sytytystulpat","title":{"rendered":"Champion OE038\/T10 Sytytystulpat"},"content":{"rendered":"<p>K\u00e4rkiv\u00e4li (mm): 0,9; Liittimet: M4\/SAE; Kierremitta: M14x1.25; Avainv\u00e4li: 21 mm; Laatu \/ luokka: Nickel GE; Pakkaustyyppi: Laatikko; Sytytystulppa: 1-maaelektroodi, suoralla istukalla, Kuparikeskielektrodi; Kierteen pituus (mm): 12,7; Teknisten tietojen numero: L82YC; Kipin\u00e4et\u00e4isyys [mm]: 3; Kiristysmomentti > [Nm]: 20; Kiristysmomentti enint\u00e4\u00e4n [Nm]: 30; Pakkauspituus [cm]: 8,85; Pakkausleveys [cm]: 2,6; Pakkauskorkeus [mm]: 2,35; Ulkonema [mm]: 1,5; lis\u00e4tieto: Powersport; Tarvittava kappalem\u00e4\u00e4r\u00e4: 4; FORD: TRANSIT Kasten 81E,TRANSIT Bus 72E, 73E,TRANSIT &#8217;55- Bus,TRANSIT &#8217;55- Kasten,TAUNUS 17M Turnier 21,TAUNUS 17M Turnier 35F,TAUNUS 20M 41F,TAUNUS 12M 11G,TAUNUS 17M Turnier 36F,TAUNUS 12M 12G,TAUNUS 12M Turnier 15G,TAUNUS 12M Coupe 13G; RENAULT: 4 112_,12,12 Variable 117_,RODEO 6,RODEO 4,RODEO 5; FIAT: 500,600,500 A \/ B Berlina,500 Kombi; SKODA: 105,120 742,105,120 744,130; SEAT: 600 D; CITRO\u00cbN: CX II,CX I MA,DS,CX II Break,CX I Break MA; VOLVO: 240 Kombi P245,240 P242, P244,P 544,P 1800,P 121,164,140 142, 144,66,P 122 S AMAZON,140 Kombi 145,P 122 S AMAZON Kombi,66 Kombi,P 2200 Kombi; DACIA: 1310 Stufenheck U, X; PORSCHE: 356 Coupe,356 Cabriolet\/Speedster; TRIUMPH: TR 4; 7554445, 5403277, 5403277X, 5433737, 5433737J, 5433738, 5433738V, 5451444, 5451444B, 75492437, 95496692, 95618380, DS2127G, DV212207A, DX2127A, DX2127C, DY212207A, GX06188061, 1S5J, 4361799, 4361800, 4401547, 4425057, 5882087, 7554445, 7554447, 7554448, 273, 274, 275, 7544445, 0001591503, 0001594303, 0001596503, 0001597203, 0021597203, 1214019, 1214021, 1214023, 5962A3, 99917000290, 99917016790, 0851798800, 0855836400, 0855836500, 7700529980, 7700546241, 7700558395, 7700571635, 7700580479, 7700616459, 7700621029, 7700647263, 7700647267, 7700647270, 7700647276, 7700647278, 7700647279, 7700647285, 7700647286, 7700662849, 7700683772, 7701023391, 7701366057, 7701366267, 7701366515, 7701414036, 7701414144, 7702125001, 23413800, 23415300, BBC057008, BBC057009, 9040784, 0013695600, 1357828, 135827, 1457826, 241402, 241627, 241946, 271410, 271411, 271412, 273525, 273558, 3104530, 3576753, 3576846, 460540; Tulpat,Sytytystulppa<\/p>\n","protected":false},"excerpt":{"rendered":"<p>CHAMPION Sytytystulpat OE038\/T10 Tulpat,Sytytystulppa FORD,RENAULT,FIAT,TRANSIT Kasten 81E,TRANSIT Bus 72E, 73E,TRANSIT &#8217;55- Bus,TRANSIT &#8217;55- Kasten<\/p>\n","protected":false},"featured_media":0,"template":"","meta":{"site-sidebar-layout":"default","site-content-layout":"default","ast-global-header-display":"","ast-main-header-display":"","ast-hfb-above-header-display":"","ast-hfb-below-header-display":"","ast-hfb-mobile-header-display":"","site-post-title":"","ast-breadcrumbs-content":"","ast-featured-img":"","footer-sml-layout":"","theme-transparent-header-meta":"","adv-header-id-meta":"","stick-header-meta":"","header-above-stick-meta":"","header-main-stick-meta":"","header-below-stick-meta":""},"pwb-brand":[536],"product_cat":[165],"product_tag":[],"class_list":{"0":"post-103113","1":"product","2":"type-product","3":"status-publish","5":"pwb-brand-champion","6":"product_cat-sytytystulpat","7":"desktop-align-left","8":"tablet-align-left","9":"mobile-align-left","11":"first","12":"instock","13":"product-type-external"},"brands":[{"id":536,"name":"Champion","slug":"champion"}],"_links":{"self":[{"href":"https:\/\/www.autonvaraosahaku.fi\/index.php?rest_route=\/wp\/v2\/product\/103113","targetHints":{"allow":["GET"]}}],"collection":[{"href":"https:\/\/www.autonvaraosahaku.fi\/index.php?rest_route=\/wp\/v2\/product"}],"about":[{"href":"https:\/\/www.autonvaraosahaku.fi\/index.php?rest_route=\/wp\/v2\/types\/product"}],"wp:attachment":[{"href":"https:\/\/www.autonvaraosahaku.fi\/index.php?rest_route=%2Fwp%2Fv2%2Fmedia&parent=103113"}],"wp:term":[{"taxonomy":"pwb-brand","embeddable":true,"href":"https:\/\/www.autonvaraosahaku.fi\/index.php?rest_route=%2Fwp%2Fv2%2Fpwb-brand&post=103113"},{"taxonomy":"product_cat","embeddable":true,"href":"https:\/\/www.autonvaraosahaku.fi\/index.php?rest_route=%2Fwp%2Fv2%2Fproduct_cat&post=103113"},{"taxonomy":"product_tag","embeddable":true,"href":"https:\/\/www.autonvaraosahaku.fi\/index.php?rest_route=%2Fwp%2Fv2%2Fproduct_tag&post=103113"}],"curies":[{"name":"wp","href":"https:\/\/api.w.org\/{rel}","templated":true}]}}