{"id":103126,"date":"2021-02-21T22:54:49","date_gmt":"2021-02-21T22:54:49","guid":{"rendered":"https:\/\/www.autonvaraosahaku.fi\/?product=champion-oe002-sytytystulpat"},"modified":"2021-02-21T22:54:55","modified_gmt":"2021-02-21T22:54:55","slug":"champion-oe002-sytytystulpat","status":"publish","type":"product","link":"https:\/\/www.autonvaraosahaku.fi\/?product=champion-oe002-sytytystulpat","title":{"rendered":"Champion OE002 Sytytystulpat"},"content":{"rendered":"<p>K\u00e4rkiv\u00e4li (mm): 0,9; Liittimet: M4\/SAE; Kierremitta: M14x1.25; Avainv\u00e4li: 16 mm; Laatu \/ luokka: Cu-core GE; Pakkaustyyppi: Laatikko; Sytytystulppa: 1-maaelektroodi, suoralla istukalla, Kuparikeskielektrodi; Kierteen pituus (mm): 19; Teknisten tietojen numero: RC9YCC; Kipin\u00e4et\u00e4isyys [mm]: 3; Kiristysmomentti > [Nm]: 20; Kiristysmomentti enint\u00e4\u00e4n [Nm]: 30; Pakkauspituus [cm]: 8,85; Pakkausleveys [cm]: 2,6; Pakkauskorkeus [mm]: 2,35; Vastus alkaen [kOhm]: 3; Vastus asti [kOhm]: 9; Ulkonema [mm]: 1,5; lis\u00e4tieto: Powersport; Tarvittava kappalem\u00e4\u00e4r\u00e4: 4; SKODA: FAVORIT 781,FAVORIT Forman 785; NISSAN: PRIMERA Traveller WP11; HONDA: CIVIC VI Fastback MA, MB,CIVIC V Hatchback EG,CIVIC V Stufenheck EG, EH; LAND ROVER: DISCOVERY I LJ, LG; ROVER: 200 RF,600 RH,400 RT,CABRIOLET XW,400 Hatchback RT,800 XS,200 Hatchback XW,200 Coupe XW,800 Hatchback XS,400 Tourer XW,100 \/ METRO XP,400 XW,100 Cabriolet XP,COUPE; CHRYSLER: VOYAGER III GS,NEON II,NEON PL; JAGUAR: XJ X300,XJ XJ 40, 81,XJ Coupe; LANCIA: Y 840A,DELTA II 836,Y10 156; TOYOTA: CARINA E _T19_,CARINA E Stufenheck _T19_,HILUX VI Pick-up _N1_; FIAT: SEICENTO 187,DUCATO Pritsche\/Fahrgestell 230,DUCATO Bus 230,DUCATO Kasten 244,PUNTO 176,DUCATO Pritsche\/Fahrgestell 244,DUCATO Kasten 230L,CINQUECENTO 170,PANDA 141A_,DUCATO Bus 244, Z_,PUNTO Cabriolet 176C,UNO 146A\/E,SEICENTO Van 187,PANDA Van 141_,PUNTO Van 176L,SIENA 178_; 96089220, 5894586, EBC11480, MS851368, 2240120J06, 2240153J06, 2240170J19, 2240170J22, NLP10003; Tulpat,Sytytystulppa<\/p>\n","protected":false},"excerpt":{"rendered":"<p>CHAMPION Sytytystulpat OE002 Tulpat,Sytytystulppa SKODA,NISSAN,HONDA,FAVORIT 781,FAVORIT Forman 785,PRIMERA Traveller WP11,CIVIC VI Fastback MA, MB<\/p>\n","protected":false},"featured_media":0,"template":"","meta":{"site-sidebar-layout":"default","site-content-layout":"default","ast-global-header-display":"","ast-main-header-display":"","ast-hfb-above-header-display":"","ast-hfb-below-header-display":"","ast-hfb-mobile-header-display":"","site-post-title":"","ast-breadcrumbs-content":"","ast-featured-img":"","footer-sml-layout":"","theme-transparent-header-meta":"","adv-header-id-meta":"","stick-header-meta":"","header-above-stick-meta":"","header-main-stick-meta":"","header-below-stick-meta":""},"pwb-brand":[536],"product_cat":[165],"product_tag":[],"class_list":{"0":"post-103126","1":"product","2":"type-product","3":"status-publish","5":"pwb-brand-champion","6":"product_cat-sytytystulpat","7":"desktop-align-left","8":"tablet-align-left","9":"mobile-align-left","11":"first","12":"instock","13":"product-type-external"},"brands":[{"id":536,"name":"Champion","slug":"champion"}],"_links":{"self":[{"href":"https:\/\/www.autonvaraosahaku.fi\/index.php?rest_route=\/wp\/v2\/product\/103126","targetHints":{"allow":["GET"]}}],"collection":[{"href":"https:\/\/www.autonvaraosahaku.fi\/index.php?rest_route=\/wp\/v2\/product"}],"about":[{"href":"https:\/\/www.autonvaraosahaku.fi\/index.php?rest_route=\/wp\/v2\/types\/product"}],"wp:attachment":[{"href":"https:\/\/www.autonvaraosahaku.fi\/index.php?rest_route=%2Fwp%2Fv2%2Fmedia&parent=103126"}],"wp:term":[{"taxonomy":"pwb-brand","embeddable":true,"href":"https:\/\/www.autonvaraosahaku.fi\/index.php?rest_route=%2Fwp%2Fv2%2Fpwb-brand&post=103126"},{"taxonomy":"product_cat","embeddable":true,"href":"https:\/\/www.autonvaraosahaku.fi\/index.php?rest_route=%2Fwp%2Fv2%2Fproduct_cat&post=103126"},{"taxonomy":"product_tag","embeddable":true,"href":"https:\/\/www.autonvaraosahaku.fi\/index.php?rest_route=%2Fwp%2Fv2%2Fproduct_tag&post=103126"}],"curies":[{"name":"wp","href":"https:\/\/api.w.org\/{rel}","templated":true}]}}