{"id":103147,"date":"2021-02-21T22:54:57","date_gmt":"2021-02-21T22:54:57","guid":{"rendered":"https:\/\/www.autonvaraosahaku.fi\/?product=champion-cof100030s-oljynsuodatin"},"modified":"2021-02-21T22:55:06","modified_gmt":"2021-02-21T22:55:06","slug":"champion-cof100030s-oljynsuodatin","status":"publish","type":"product","link":"https:\/\/www.autonvaraosahaku.fi\/?product=champion-cof100030s-oljynsuodatin","title":{"rendered":"Champion COF100030S \u00d6ljynsuodatin"},"content":{"rendered":"<p>Korkeus (mm): 70; Kierremitta: 3\/4-16 UNF; Sis\u00e4l\u00e4pimitta [mm]: 62; Ulkol\u00e4pimitta [mm]: 94; Pakkaustyyppi: Laatikko; Suodatintyyppi: Ruuvattava suodatin; Sis\u00e4l\u00e4pimitta 1 [mm]: 72; Pakkauspituus [cm]: 9,5; Pakkausleveys [cm]: 9,5; Pakkauskorkeus [mm]: 7,8; Vasen \/ oikea liikenne: f\u00fcr Rechtslenker; LADA: NIVA 2121,NIVA II 2123,1200-1600,KALINA Kombi 1117,KALINA Schr\u00e4gheck 1119,111 2111,110 2110,1200-1500 Kombi,SAMARA 2108, 2109, 2115, 2113, 2114,PRIORA Kombi 2171,NOVA 2105,KALINA Stufenheck 1118,GRANTA 2190,112 2112,PRIORA Schr\u00e4gheck 2172,NOVA Kombi 2104,SAMARA Stufenheck 21099, 2115; LANCIA: DELTA I 831AB0,BETA Coupe 828BC,Y10 156,BETA  H.P.E. 828BF,TREVI 828DB; OPEL: OMEGA A 16_, 17_, 19_,MONZA A 22_,SENATOR B 29_,SENATOR A 29_,OMEGA A Caravan 66_, 67_; DACIA: 1310 Stufenheck U, X,1410 Kombi; FORD: SIERRA GBG, GB4,SIERRA Schr\u00e4gheck GBC, GBG,SCORPIO I GAE, GGE,SIERRA Schr\u00e4gheck GBC,SCORPIO I Stufenheck GGE,SIERRA Kombi BNG,SCORPIO I Kombi GGE,SIERRA Kombi BNC; ALFA ROMEO: 155 167; RENAULT: 12,16 115_,8 113_,18 134_,18 Variable 135_,10 119_,FUEGO 136_,MASTER I Bus T__,ESTAFETTE 213_,MASTER I Pritsche\/Fahrgestell P__; ALPINE: A310,A110; AUTOBIANCHI: Y10; VAUXHALL: CARLTON Mk III; 224788, 5951891, 7032389, 0855823800, 7700542086, 7700545868, 7700643818, 7700651432, 7701348107, 7701415049, 7897321, 897321<\/p>\n","protected":false},"excerpt":{"rendered":"<p>CHAMPION \u00d6ljynsuodatin COF100030S  LADA,LANCIA,OPEL,NIVA 2121,NIVA II 2123,1200-1600,KALINA Kombi 1117,KALINA Schr\u00e4gheck 1119,111 2111,110 2110<\/p>\n","protected":false},"featured_media":0,"template":"","meta":{"site-sidebar-layout":"default","site-content-layout":"default","ast-global-header-display":"","ast-main-header-display":"","ast-hfb-above-header-display":"","ast-hfb-below-header-display":"","ast-hfb-mobile-header-display":"","site-post-title":"","ast-breadcrumbs-content":"","ast-featured-img":"","footer-sml-layout":"","theme-transparent-header-meta":"","adv-header-id-meta":"","stick-header-meta":"","header-above-stick-meta":"","header-main-stick-meta":"","header-below-stick-meta":""},"pwb-brand":[536],"product_cat":[30],"product_tag":[],"class_list":{"0":"post-103147","1":"product","2":"type-product","3":"status-publish","5":"pwb-brand-champion","6":"product_cat-oljynsuodatin","7":"desktop-align-left","8":"tablet-align-left","9":"mobile-align-left","11":"first","12":"instock","13":"product-type-external"},"brands":[{"id":536,"name":"Champion","slug":"champion"}],"_links":{"self":[{"href":"https:\/\/www.autonvaraosahaku.fi\/index.php?rest_route=\/wp\/v2\/product\/103147","targetHints":{"allow":["GET"]}}],"collection":[{"href":"https:\/\/www.autonvaraosahaku.fi\/index.php?rest_route=\/wp\/v2\/product"}],"about":[{"href":"https:\/\/www.autonvaraosahaku.fi\/index.php?rest_route=\/wp\/v2\/types\/product"}],"wp:attachment":[{"href":"https:\/\/www.autonvaraosahaku.fi\/index.php?rest_route=%2Fwp%2Fv2%2Fmedia&parent=103147"}],"wp:term":[{"taxonomy":"pwb-brand","embeddable":true,"href":"https:\/\/www.autonvaraosahaku.fi\/index.php?rest_route=%2Fwp%2Fv2%2Fpwb-brand&post=103147"},{"taxonomy":"product_cat","embeddable":true,"href":"https:\/\/www.autonvaraosahaku.fi\/index.php?rest_route=%2Fwp%2Fv2%2Fproduct_cat&post=103147"},{"taxonomy":"product_tag","embeddable":true,"href":"https:\/\/www.autonvaraosahaku.fi\/index.php?rest_route=%2Fwp%2Fv2%2Fproduct_tag&post=103147"}],"curies":[{"name":"wp","href":"https:\/\/api.w.org\/{rel}","templated":true}]}}