{"id":103154,"date":"2021-02-21T22:55:08","date_gmt":"2021-02-21T22:55:08","guid":{"rendered":"https:\/\/www.autonvaraosahaku.fi\/?product=champion-oe180-t10-sytytystulpat"},"modified":"2021-02-21T22:55:10","modified_gmt":"2021-02-21T22:55:10","slug":"champion-oe180-t10-sytytystulpat","status":"publish","type":"product","link":"https:\/\/www.autonvaraosahaku.fi\/?product=champion-oe180-t10-sytytystulpat","title":{"rendered":"Champion OE180\/T10 Sytytystulpat"},"content":{"rendered":"<p>K\u00e4rkiv\u00e4li (mm): 1; Liittimet: M4\/SAE; Kierremitta: M14x1.25; Avainv\u00e4li: 16 mm; Laatu \/ luokka: Pt GE; Pakkaustyyppi: Laatikko; Sytytystulppa: 1-maaelektroodi, suoralla istukalla, Iridium-keskielektrodi; Kierteen pituus (mm): 19; Teknisten tietojen numero: RC11WYPB4; Kipin\u00e4et\u00e4isyys [mm]: 3; Kiristysmomentti > [Nm]: 20; Kiristysmomentti enint\u00e4\u00e4n [Nm]: 30; Pakkauspituus [cm]: 8,65; Pakkausleveys [cm]: 2,45; Pakkauskorkeus [mm]: 2,45; Vastus alkaen [kOhm]: 3; Vastus asti [kOhm]: 10; Ulkonema [mm]: 1,5; Tuotelinja: Platinum CT; Tarvittava kappalem\u00e4\u00e4r\u00e4: 4; VW: TRANSPORTER IV Bus 70XB, 70XC, 7DB, 7DW,GOLF III 1H1,SHARAN 7M8, 7M9, 7M6,PASSAT Variant 3A5, 35I,BORA 1J2,TRANSPORTER IV Kasten 70XA,GOLF III Variant 1H5,PASSAT 3A2, 35I,TRANSPORTER IV Pritsche\/Fahrgestell 70XD,VENTO 1H2; MAZDA: 3 BK,MX-5 II NB,2 DY,2 DE,323 F VI BJ,PREMACY CP,3 BL,MX-5 I NA,DEMIO DW,626 V Hatchback GF,3 Stufenheck BK,626 V GF,626 V Station Wagon GW,323 P V BA,3 Stufenheck BL,626 IV Hatchback GE,MX-3 EC,FAMILIA VI BJ,XEDOS 6 CA,323 C IV BG,FAMILIA IV BF,XEDOS 9 TA,121 III JASM, JBSM,626 IV GE,FAMILIA V BA,FAMILIA V BG8,323 III Hatchback BF,121 II DB,MX-6 GE,626 III GD,FAMILIA IV BG,626 III Hatchback GD,626 III Coupe GD,E-SERIE Kasten SR2,626 III Station Wagon GV,929 III HC,323 III BF,MPV I LV,323 III Station Wagon BW,121 I DA; NISSAN: MICRA II K11,ALMERA TINO V10,ALMERA II Hatchback N16,PRIMERA P11,PRIMERA Traveller WP11,PRIMERA Hatchback P11,ALMERA I Hatchback N15,ALMERA Mk II N16,ALMERA I N15,100 NX B13,SERENA C23M,PRIMERA P10,MAXIMA QX A33,TERRANO I WD21,MAXIMA QX A32,SUNNY II Coupe B12,SKYLINE Coupe R34,SUNNY III N14,PULSAR V Schr\u00e4gheck N14,SUNNY III Liftback N14,PRIMERA Hatchback P10,SUNNY II Hatchback N13,BLUEBIRD T72 , T12,SUNNY III Traveller Y10,SKYLINE R34,SKYLINE Coupe R32,BLUEBIRD Hatchback T72, T12,SUNNY II N13,BLUEBIRD Station Wagon WU11,PRAIRIE PRO M11,BLUEBIRD U11,SUNNY Kasten Y10,SUNNY II Traveller B12,MAXIMA Station Wagon,BLUEBIRD SYLPHY N16; JEEP: CHEROKEE XJ; DAEWOO: NEXIA KLETN,ESPERO KLEJ,MUSSO FJ,KORANDO KJ,NEXIA Stufenheck KLETN,REXTON GAB_,KORANDO Cabrio KJ; LADA: 111 2111,110 2110,112 2112; SKODA: FELICIA I 6U1,FELICIA II 6U1,FELICIA I Fun 797,FELICIA I Kombi 6U5,FAVORIT 781,FAVORIT Forman 785,FAVORIT Pick-up 787; SUZUKI: JIMNY FJ,GRAND VITARA II JT,SX4 EY, GY,GRAND VITARA I FT,WAGON R+ MM,IGNIS FH,SWIFT II Schr\u00e4gheck EA, MA,VITARA ET, TA,VITARA Cabrio ET, TA,LIANA Schr\u00e4gheck,SX4 S-Cross,LIANA ER,BALENO Kombi EG,BALENO EG,SX4 Stufenheck GY,BALENO Schr\u00e4gheck EG,ALTO HA12, HA23,SWIFT II Stufenheck AH, AJ,CARRY Kasten FD; SEAT: IBIZA I 021A; MERCEDES-BENZ: C-CLASS W203,E-CLASS W211,A-CLASS W169,B-CLASS W245,C-CLASS T-Model S203,C-CLASS W202,E-CLASS T-Model S211,SLK R170,E-CLASS W210,VIANO W639,M-CLASS W164,C-CLASS Coupe CL203,M-CLASS W163,Stufenheck W124,E-CLASS Kombi S210,VITO Bus W639,SLK R171,CLK C208,SL R129,CLK C209,C-CLASS Kombi S202,S-CLASS W220,VITO \/ MIXTO Kasten W639,CLS C219,SL R230,KOMBI Kombi S124,E-CLASS W124,R-CLASS W251, V251,G-CLASS W463,CLK Cabriolet A208,COUPE C124,CLK Cabriolet A209,S-CLASS W140,E-CLASS Kombi S124,S-CLASS W108, W109,SPRINTER 3-t Kasten 903,SPRINTER 2-t Bus 901, 902,SPRINTER 2-t Kasten 901, 902,SPRINTER 3-t Bus 903,SPRINTER 3-t Pritsche\/Fahrgestell 903,S-CLASS Coupe C215,E-CLASS Cabriolet A124,E-CLASS Coupe C124,SPRINTER 4-t Pritsche\/Fahrgestell 904,SPRINTER 2-t Pritsche\/Fahrgestell 901, 902,S-CLASS Coupe C140,SPRINTER 4-t Kasten 904,CABRIOLET A124,SL R231,G-CLASS Cabrio W463,SPRINTER 4-t Bus 904; 2W9312405CAB, 980795515V, 980795517V, 1771012930, 2741023700, C2A1535, 1771012930, 2741023700, 4550157, LR005253, ZJY618110, 9091901218; Tulpat,Sytytystulppa<\/p>\n","protected":false},"excerpt":{"rendered":"<p>CHAMPION Sytytystulpat OE180\/T10 Tulpat,Sytytystulppa VW,MAZDA,NISSAN,TRANSPORTER IV Bus 70XB, 70XC, 7DB, 7DW,GOLF III 1H1,SHARAN 7M8, 7M9, 7M6<\/p>\n","protected":false},"featured_media":0,"template":"","meta":{"site-sidebar-layout":"default","site-content-layout":"default","ast-global-header-display":"","ast-main-header-display":"","ast-hfb-above-header-display":"","ast-hfb-below-header-display":"","ast-hfb-mobile-header-display":"","site-post-title":"","ast-breadcrumbs-content":"","ast-featured-img":"","footer-sml-layout":"","theme-transparent-header-meta":"","adv-header-id-meta":"","stick-header-meta":"","header-above-stick-meta":"","header-main-stick-meta":"","header-below-stick-meta":""},"pwb-brand":[536],"product_cat":[165],"product_tag":[],"class_list":{"0":"post-103154","1":"product","2":"type-product","3":"status-publish","5":"pwb-brand-champion","6":"product_cat-sytytystulpat","7":"desktop-align-left","8":"tablet-align-left","9":"mobile-align-left","11":"first","12":"instock","13":"product-type-external"},"brands":[{"id":536,"name":"Champion","slug":"champion"}],"_links":{"self":[{"href":"https:\/\/www.autonvaraosahaku.fi\/index.php?rest_route=\/wp\/v2\/product\/103154","targetHints":{"allow":["GET"]}}],"collection":[{"href":"https:\/\/www.autonvaraosahaku.fi\/index.php?rest_route=\/wp\/v2\/product"}],"about":[{"href":"https:\/\/www.autonvaraosahaku.fi\/index.php?rest_route=\/wp\/v2\/types\/product"}],"wp:attachment":[{"href":"https:\/\/www.autonvaraosahaku.fi\/index.php?rest_route=%2Fwp%2Fv2%2Fmedia&parent=103154"}],"wp:term":[{"taxonomy":"pwb-brand","embeddable":true,"href":"https:\/\/www.autonvaraosahaku.fi\/index.php?rest_route=%2Fwp%2Fv2%2Fpwb-brand&post=103154"},{"taxonomy":"product_cat","embeddable":true,"href":"https:\/\/www.autonvaraosahaku.fi\/index.php?rest_route=%2Fwp%2Fv2%2Fproduct_cat&post=103154"},{"taxonomy":"product_tag","embeddable":true,"href":"https:\/\/www.autonvaraosahaku.fi\/index.php?rest_route=%2Fwp%2Fv2%2Fproduct_tag&post=103154"}],"curies":[{"name":"wp","href":"https:\/\/api.w.org\/{rel}","templated":true}]}}