{"id":103157,"date":"2021-02-21T22:55:08","date_gmt":"2021-02-21T22:55:08","guid":{"rendered":"https:\/\/www.autonvaraosahaku.fi\/?product=champion-oe010-t10-sytytystulpat"},"modified":"2021-02-21T22:55:11","modified_gmt":"2021-02-21T22:55:11","slug":"champion-oe010-t10-sytytystulpat","status":"publish","type":"product","link":"https:\/\/www.autonvaraosahaku.fi\/?product=champion-oe010-t10-sytytystulpat","title":{"rendered":"Champion OE010\/T10 Sytytystulpat"},"content":{"rendered":"<p>K\u00e4rkiv\u00e4li (mm): 0,9; Liittimet: M4\/SAE; Kierremitta: M14x1.25; Avainv\u00e4li: 21 mm; Laatu \/ luokka: Nickel GE; Pakkaustyyppi: Laatikko; Sytytystulppa: 1-maaelektroodi, suoralla istukalla, Kuparikeskielektrodi; Kierteen pituus (mm): 19; Teknisten tietojen numero: N7YC; Kipin\u00e4et\u00e4isyys [mm]: 3; Kiristysmomentti > [Nm]: 20; Kiristysmomentti enint\u00e4\u00e4n [Nm]: 30; Pakkauspituus [cm]: 8,65; Pakkausleveys [cm]: 2,45; Pakkauskorkeus [mm]: 2,45; Ulkonema [mm]: 1,5; Tuotelinja: Powersport; Tarvittava kappalem\u00e4\u00e4r\u00e4: 4; VW: GOLF II 19E, 1G1,GOLF I Cabriolet 155,POLO 86C, 80,POLO Coupe 86C, 80,SCIROCCO 53B,GOLF I 17,JETTA II 19E, 1G2, 165,PASSAT Variant 32B,POLO CLASSIC 86C, 80,PASSAT 32B,POLO 86,SCIROCCO 53,JETTA I 16,DERBY 86C, 80,PASSAT 32,DERBY 86,PASSAT Variant 33,SANTANA 32B; AUDI: 100 44, 44Q, C3,80 81, 85, B2,100 Avant 44, 44Q, C3,COUPE 81, 85,80 80, 82, B1,90 81, 85, B2,100 C1,100 Coupe C1,100 43, C2,50 86,100 Avant 43, C2; MERCEDES-BENZ: SL R107,Stufenheck W123,COUPE C123,S-CLASS W108, W109,COUPE W111,KOMBI Kombi S123,SL Coupe C107; JAGUAR: XJ; LANCIA: FULVIA Coupe,FULVIA Berlina; BMW: 02 E10,5 E12,02 Touring E6,02 Cabriolet E10; VOLVO: 240 Kombi P245,740 Kombi 745,740 744,240 P242, P244; SAAB: 99 Combi Coupe; RENAULT: CLIO I B\/C57_, 5\/357_,19 II B\/C53_,19 II Cabriolet D53_, 853_,TRAFIC Kasten TXX,9 L42_,TRAFIC Bus TXW,19 II Chamade L53_,11 B\/C37_,16 115_,21 Stufenheck L48_,TRAFIC Kasten T1, T3, T4,TRAFIC Bus T5, T6, T7,18 134_,21 Kombi K48_,17,18 Variable 135_,FUEGO 136_,21 B48_,20 127_,TRAFIC Pritsche\/Fahrgestell P6,TRAFIC Pritsche\/Fahrgestell PXX,21 Kasten S48_; FIAT: 850 Spider,850 Coupe,125; 0012700517009, N01781120, N01781213, 12121257081, 12121257082, 12121338145, 12121353286, 12128353286, 12128636166, 12128636168, 75491694, 75491695, 75491697, GX0618808A, ZA3406176, ZA4233922, ZCT000012, 1L45J, 2284662, 2301711, 3233922, 4249164, 4345041, 7554419, 7554453, 1506413, 5099961, 53, 2284662, 2301711, 4233922, 4249164, 4345040, 4345041, 51259230020, 51259230022, 51259230023, 0011594703, 0011595103, 0011596803, 0011597103, 0011598403, 0011598503, 0011599403, 0021590803, 0021590903, 0021591403, 0021591503, 0021594103, 0021594203, 0031591303, 0031595703, 0031595803, 1101590003, A0031595703, 1214025, 1214039, 1214110, 596127, 596143, 596216, 596245, 596265, 5962A1, 9561837880, AOP, 99917013890, 99917013990, 99917016890, 7700647273, 7700659152, 7700861471, 7701366086, 7701366087, 7701366138, 7701366268, 7701414044, 0003901171, 0003910649, 9050711, 0004345600, 0013112000, 0016631600, 000057022, 000057023A, 1276514, 1306604, 273546, 273591, 273596, 463512, 000057022, 000057023A, 1&#8230;; Tulpat,Sytytystulppa<\/p>\n","protected":false},"excerpt":{"rendered":"<p>CHAMPION Sytytystulpat OE010\/T10 Tulpat,Sytytystulppa VW,AUDI,MERCEDES-BENZ,GOLF II 19E, 1G1,GOLF I Cabriolet 155,POLO 86C, 80,POLO Coupe 86C, 80<\/p>\n","protected":false},"featured_media":0,"template":"","meta":{"site-sidebar-layout":"default","site-content-layout":"default","ast-global-header-display":"","ast-main-header-display":"","ast-hfb-above-header-display":"","ast-hfb-below-header-display":"","ast-hfb-mobile-header-display":"","site-post-title":"","ast-breadcrumbs-content":"","ast-featured-img":"","footer-sml-layout":"","theme-transparent-header-meta":"","adv-header-id-meta":"","stick-header-meta":"","header-above-stick-meta":"","header-main-stick-meta":"","header-below-stick-meta":""},"pwb-brand":[536],"product_cat":[165],"product_tag":[],"class_list":{"0":"post-103157","1":"product","2":"type-product","3":"status-publish","5":"pwb-brand-champion","6":"product_cat-sytytystulpat","7":"desktop-align-left","8":"tablet-align-left","9":"mobile-align-left","11":"first","12":"instock","13":"product-type-external"},"brands":[{"id":536,"name":"Champion","slug":"champion"}],"_links":{"self":[{"href":"https:\/\/www.autonvaraosahaku.fi\/index.php?rest_route=\/wp\/v2\/product\/103157","targetHints":{"allow":["GET"]}}],"collection":[{"href":"https:\/\/www.autonvaraosahaku.fi\/index.php?rest_route=\/wp\/v2\/product"}],"about":[{"href":"https:\/\/www.autonvaraosahaku.fi\/index.php?rest_route=\/wp\/v2\/types\/product"}],"wp:attachment":[{"href":"https:\/\/www.autonvaraosahaku.fi\/index.php?rest_route=%2Fwp%2Fv2%2Fmedia&parent=103157"}],"wp:term":[{"taxonomy":"pwb-brand","embeddable":true,"href":"https:\/\/www.autonvaraosahaku.fi\/index.php?rest_route=%2Fwp%2Fv2%2Fpwb-brand&post=103157"},{"taxonomy":"product_cat","embeddable":true,"href":"https:\/\/www.autonvaraosahaku.fi\/index.php?rest_route=%2Fwp%2Fv2%2Fproduct_cat&post=103157"},{"taxonomy":"product_tag","embeddable":true,"href":"https:\/\/www.autonvaraosahaku.fi\/index.php?rest_route=%2Fwp%2Fv2%2Fproduct_tag&post=103157"}],"curies":[{"name":"wp","href":"https:\/\/api.w.org\/{rel}","templated":true}]}}