{"id":103166,"date":"2021-02-21T22:55:08","date_gmt":"2021-02-21T22:55:08","guid":{"rendered":"https:\/\/www.autonvaraosahaku.fi\/?product=champion-cof100599e-oljynsuodatin"},"modified":"2021-02-21T22:55:14","modified_gmt":"2021-02-21T22:55:14","slug":"champion-cof100599e-oljynsuodatin","status":"publish","type":"product","link":"https:\/\/www.autonvaraosahaku.fi\/?product=champion-cof100599e-oljynsuodatin","title":{"rendered":"Champion COF100599E \u00d6ljynsuodatin"},"content":{"rendered":"<p>Korkeus (mm): 115; Sis\u00e4l\u00e4pimitta [mm]: 32; Ulkol\u00e4pimitta [mm]: 64; Pakkaustyyppi: Laatikko; Suodatintyyppi: Suodatinpanos; Pakkauspituus [cm]: 6,5; Pakkausleveys [cm]: 6,5; Pakkauskorkeus [mm]: 12; lis\u00e4tieto: TITAN; Moottorinumero: 651924; JEEP: COMPASS MK49,PATRIOT MK74; LAND ROVER: RANGE ROVER III LM,RANGE ROVER SPORT LW,RANGE ROVER IV LG; INFINITI: Q50,Q70 Y51,Q30,QX30; MERCEDES-BENZ: C-CLASS W204,C-CLASS T-Model S204,E-CLASS W212,VIANO W639,B-CLASS W246, W242,E-CLASS T-Model S212,GLK-CLASS X204,VITO Bus W639,A-CLASS W176,VITO \/ MIXTO Kasten W639,SPRINTER 3,5-t Kasten 906,S-CLASS W221,M-CLASS W166,E-CLASS Coupe C207,CLA Coupe C117,C-CLASS Coupe C204,SPRINTER 3,5-t Bus 906,SPRINTER 3-t Kasten 906,SLK R172,E-CLASS Cabriolet A207,CLS C218,SPRINTER 3,5-t Pritsche\/Fahrgestell 906,SPRINTER 3-t Bus 906,CLS Shooting Brake X218,S-CLASS W222, V222, X222,SPRINTER 5-t Kasten 906,SPRINTER 5-t Pritsche\/Fahrgestell 906,SPRINTER 3-t Pritsche\/Fahrgestell 906,SPRINTER 4,6-t Pritsche\/Fahrgestell 906,C-CLASS T-Model S205,SPRINTER 4,6-t Kasten 906,C-CLASS W205,V-CLASS W447,SPRINTER 5-t Bus,GLA-CLASS X156,VITO Tourer W447,CLA Shooting Brake X117,GLC X253,VITO Kasten W447,GLE W166,C-CLASS Coupe C205,VITO Mixto W447,GLC Coupe C253,SLC R172,C-CLASS Cabriolet A205; DODGE: CALIBER; 68091826AA, 68091827AA, LR022896, 6511800009, 6511800109, 6511800309, 6511840025, A6511800009<\/p>\n","protected":false},"excerpt":{"rendered":"<p>CHAMPION \u00d6ljynsuodatin COF100599E  JEEP,LAND ROVER,INFINITI,COMPASS MK49,PATRIOT MK74,RANGE ROVER III LM,RANGE ROVER SPORT LW,RANGE ROVER IV LG,Q50<\/p>\n","protected":false},"featured_media":0,"template":"","meta":{"site-sidebar-layout":"default","site-content-layout":"default","ast-global-header-display":"","ast-main-header-display":"","ast-hfb-above-header-display":"","ast-hfb-below-header-display":"","ast-hfb-mobile-header-display":"","site-post-title":"","ast-breadcrumbs-content":"","ast-featured-img":"","footer-sml-layout":"","theme-transparent-header-meta":"","adv-header-id-meta":"","stick-header-meta":"","header-above-stick-meta":"","header-main-stick-meta":"","header-below-stick-meta":""},"pwb-brand":[536],"product_cat":[30],"product_tag":[],"class_list":{"0":"post-103166","1":"product","2":"type-product","3":"status-publish","5":"pwb-brand-champion","6":"product_cat-oljynsuodatin","7":"desktop-align-left","8":"tablet-align-left","9":"mobile-align-left","11":"first","12":"instock","13":"product-type-external"},"brands":[{"id":536,"name":"Champion","slug":"champion"}],"_links":{"self":[{"href":"https:\/\/www.autonvaraosahaku.fi\/index.php?rest_route=\/wp\/v2\/product\/103166","targetHints":{"allow":["GET"]}}],"collection":[{"href":"https:\/\/www.autonvaraosahaku.fi\/index.php?rest_route=\/wp\/v2\/product"}],"about":[{"href":"https:\/\/www.autonvaraosahaku.fi\/index.php?rest_route=\/wp\/v2\/types\/product"}],"wp:attachment":[{"href":"https:\/\/www.autonvaraosahaku.fi\/index.php?rest_route=%2Fwp%2Fv2%2Fmedia&parent=103166"}],"wp:term":[{"taxonomy":"pwb-brand","embeddable":true,"href":"https:\/\/www.autonvaraosahaku.fi\/index.php?rest_route=%2Fwp%2Fv2%2Fpwb-brand&post=103166"},{"taxonomy":"product_cat","embeddable":true,"href":"https:\/\/www.autonvaraosahaku.fi\/index.php?rest_route=%2Fwp%2Fv2%2Fproduct_cat&post=103166"},{"taxonomy":"product_tag","embeddable":true,"href":"https:\/\/www.autonvaraosahaku.fi\/index.php?rest_route=%2Fwp%2Fv2%2Fproduct_tag&post=103166"}],"curies":[{"name":"wp","href":"https:\/\/api.w.org\/{rel}","templated":true}]}}