{"id":103173,"date":"2021-02-21T22:55:16","date_gmt":"2021-02-21T22:55:16","guid":{"rendered":"https:\/\/www.autonvaraosahaku.fi\/?product=champion-cof100168s-oljynsuodatin"},"modified":"2021-02-21T22:55:18","modified_gmt":"2021-02-21T22:55:18","slug":"champion-cof100168s-oljynsuodatin","status":"publish","type":"product","link":"https:\/\/www.autonvaraosahaku.fi\/?product=champion-cof100168s-oljynsuodatin","title":{"rendered":"Champion COF100168S \u00d6ljynsuodatin"},"content":{"rendered":"<p>Korkeus (mm): 120; Kierremitta: 3\/4-16 UNF; L\u00e4pimitta 1 [mm]: 77; Sis\u00e4l\u00e4pimitta [mm]: 62; Ulkol\u00e4pimitta [mm]: 76; Pakkaustyyppi: Laatikko; Suodatintyyppi: Ruuvattava suodatin; Sis\u00e4l\u00e4pimitta 1 [mm]: 72; Pakkauspituus [cm]: 7,8; Pakkausleveys [cm]: 7,8; Pakkauskorkeus [mm]: 12,2; Varusteet: f\u00fcr Fahrzeuge mit Klimaanlage; VW: GOLF III 1H1,SHARAN 7M8, 7M9, 7M6,PASSAT Variant 3A5, 35I,GOLF III Cabriolet 1E7,GOLF Mk III Cabriolet 1E7,GOLF III Variant 1H5,PASSAT 3A2, 35I,POLO CLASSIC 6KV2; JEEP: CHEROKEE KJ,GRAND CHEROKEE I ZJ,CHEROKEE XJ; SEAT: ALHAMBRA 7V8, 7V9; CHRYSLER: VOYAGER IV RG, RS,VOYAGER III GS,VOYAGER II ES; BMW: 3 E30,5 E34,3 Cabriolet E30,5 E28,3 E21,3 Touring E30,5 E12,Z1; FORD: GALAXY WGR; ALFA ROMEO: 164 164,155 167,33 907A,33 905,33 Sportwagon 905A; CITRO\u00cbN: SM; BERTONE: FREECLIMBER; LDV: MAXUS Bus,MAXUS Kasten,MAXUS Pritsche\/Fahrgestell; 11421287836<\/p>\n","protected":false},"excerpt":{"rendered":"<p>CHAMPION \u00d6ljynsuodatin COF100168S  VW,JEEP,SEAT,GOLF III 1H1,SHARAN 7M8, 7M9, 7M6,PASSAT Variant 3A5, 35I,GOLF III Cabriolet 1E7<\/p>\n","protected":false},"featured_media":0,"template":"","meta":{"site-sidebar-layout":"default","site-content-layout":"default","ast-global-header-display":"","ast-main-header-display":"","ast-hfb-above-header-display":"","ast-hfb-below-header-display":"","ast-hfb-mobile-header-display":"","site-post-title":"","ast-breadcrumbs-content":"","ast-featured-img":"","footer-sml-layout":"","theme-transparent-header-meta":"","adv-header-id-meta":"","stick-header-meta":"","header-above-stick-meta":"","header-main-stick-meta":"","header-below-stick-meta":""},"pwb-brand":[536],"product_cat":[30],"product_tag":[],"class_list":{"0":"post-103173","1":"product","2":"type-product","3":"status-publish","5":"pwb-brand-champion","6":"product_cat-oljynsuodatin","7":"desktop-align-left","8":"tablet-align-left","9":"mobile-align-left","11":"first","12":"instock","13":"product-type-external"},"brands":[{"id":536,"name":"Champion","slug":"champion"}],"_links":{"self":[{"href":"https:\/\/www.autonvaraosahaku.fi\/index.php?rest_route=\/wp\/v2\/product\/103173","targetHints":{"allow":["GET"]}}],"collection":[{"href":"https:\/\/www.autonvaraosahaku.fi\/index.php?rest_route=\/wp\/v2\/product"}],"about":[{"href":"https:\/\/www.autonvaraosahaku.fi\/index.php?rest_route=\/wp\/v2\/types\/product"}],"wp:attachment":[{"href":"https:\/\/www.autonvaraosahaku.fi\/index.php?rest_route=%2Fwp%2Fv2%2Fmedia&parent=103173"}],"wp:term":[{"taxonomy":"pwb-brand","embeddable":true,"href":"https:\/\/www.autonvaraosahaku.fi\/index.php?rest_route=%2Fwp%2Fv2%2Fpwb-brand&post=103173"},{"taxonomy":"product_cat","embeddable":true,"href":"https:\/\/www.autonvaraosahaku.fi\/index.php?rest_route=%2Fwp%2Fv2%2Fproduct_cat&post=103173"},{"taxonomy":"product_tag","embeddable":true,"href":"https:\/\/www.autonvaraosahaku.fi\/index.php?rest_route=%2Fwp%2Fv2%2Fproduct_tag&post=103173"}],"curies":[{"name":"wp","href":"https:\/\/api.w.org\/{rel}","templated":true}]}}