{"id":103176,"date":"2021-02-21T22:55:16","date_gmt":"2021-02-21T22:55:16","guid":{"rendered":"https:\/\/www.autonvaraosahaku.fi\/?product=champion-oe039-t10-sytytystulpat"},"modified":"2021-02-21T22:55:19","modified_gmt":"2021-02-21T22:55:19","slug":"champion-oe039-t10-sytytystulpat","status":"publish","type":"product","link":"https:\/\/www.autonvaraosahaku.fi\/?product=champion-oe039-t10-sytytystulpat","title":{"rendered":"Champion OE039\/T10 Sytytystulpat"},"content":{"rendered":"<p>K\u00e4rkiv\u00e4li (mm): 1; Liittimet: M4\/SAE; Kierremitta: M14x1.25; Avainv\u00e4li: 16; Laatu \/ luokka: Nickel GE; Pakkaustyyppi: Laatikko; Sytytystulppa: 1-maaelektroodi, suoralla istukalla, Kuparikeskielektrodi; Kierteen pituus (mm): 19; Teknisten tietojen numero: RC9YC4; Kipin\u00e4et\u00e4isyys [mm]: 3; Kiristysmomentti > [Nm]: 20; Kiristysmomentti enint\u00e4\u00e4n [Nm]: 30; Pakkauspituus [cm]: 8,85; Pakkausleveys [cm]: 2,6; Pakkauskorkeus [mm]: 2,35; Vastus alkaen [kOhm]: 3; Vastus asti [kOhm]: 9; Ulkonema [mm]: 1,5; Tuotelinja: Powersport; Tarvittava kappalem\u00e4\u00e4r\u00e4: 4; MAZDA: MX-5 II NB,PREMACY CP,MX-5 I NA,626 V Hatchback GF,626 V GF,626 V Station Wagon GW,FAMILIA VI BJ,B-SERIE UN,323 C IV BG,FAMILIA IV BF,121 III JASM, JBSM,FAMILIA V BA,FAMILIA V BG8,323 III Hatchback BF,121 II DB,MX-6 GE,626 III GD,FAMILIA IV BG,626 III Hatchback GD,626 III Coupe GD,E-SERIE Kasten SR2,626 III Station Wagon GV,929 III HC,B-SERIE UF,323 III BF; NISSAN: SUNNY II Coupe B12,SUNNY II Hatchback N13,BLUEBIRD T72 , T12,BLUEBIRD Hatchback T72, T12,SUNNY II N13,BLUEBIRD Station Wagon WU11,PRAIRIE PRO M11,BLUEBIRD U11,PRAIRIE M10, NM10,SUNNY II Traveller B12; JEEP: CHEROKEE XJ; DAEWOO: REZZO KLAU,LANOS KLAT,LACETTI Schr\u00e4gheck KLAN,NUBIRA Stufenheck KLAN,NUBIRA Wagon KLAN,NUBIRA Wagon KLAJ,LANOS Stufenheck KLAT,NEXIA KLETN,NUBIRA Stufenheck KLAJ,ESPERO KLEJ,NEXIA Stufenheck KLETN,NEXIA Stufenheck; LADA: KALINA Kombi 1117,KALINA Schr\u00e4gheck 1119,111 2111,110 2110,PRIORA Kombi 2171,KALINA Stufenheck 1118,GRANTA 2190,112 2112,PRIORA Schr\u00e4gheck 2172,VESTA,KALINA Kombi 2194,KALINA Schr\u00e4gheck 2192,VESTA SW; SUZUKI: JIMNY FJ,GRAND VITARA I FT,SWIFT II Schr\u00e4gheck EA, MA,VITARA ET, TA,BALENO Kombi EG,BALENO EG,BALENO Schr\u00e4gheck EG,SWIFT II Stufenheck AH, AJ; CHEVROLET: NUBIRA Kombi,CRUZE J300,CRUZE Schr\u00e4gheck J305,LACETTI J200,AVEO Stufenheck T250, T255,REZZO,NUBIRA Stufenheck,AVEO Stufenheck T200,LACETTI Kombi J200,CRUZE; KIA: RIO Stufenheck DC_,RETONA CE,CLARUS K9A,CLARUS Kombi GC,SEPHIA FB; HONDA: JAZZ II GD,CRX III EH, EG,CRX II ED, EE,CIVIC V Hatchback EG,JAZZ Stufenheck,CIVIC IV Hatchback EC, ED, EE,CIVIC VI Stufenheck EJ, EK,CIVIC VI Coupe EJ, EM1,CIVIC V Coupe EJ,CIVIC V Stufenheck EG, EH,CONCERTO HW,CIVIC IV Stufenheck ED,ACCORD III CA,CONCERTO Stufenheck HWW,LEGEND I Coupe KA3,ACCORD VI Aerodeck CF,CIVIC II Shuttle EE,CITY Stufenheck GD8\/GD9,LEGEND I HS, KA; SUBARU: IMPREZA Stufenheck GC,JUSTY I KAD,SVX CX,LEGACY I Station Wagon BC, BJF,LEGACY I BC; 5962H8, 9004851106, 46417010, 46531935, 7571541, 12290PNE004, 980795614E, 980795615E, 9807B5615P, 21123707010, BP0118110, BP0218110, BP0318110, BP0418110, F22018110, MS851357, MS851358, MS851728, 2240101P15, 2240101P16, 2240120J06, 2240199B19, 22401V5016, 1214009, 1214148, 5962H8, MS851237E, 22401KA210; Tulpat,Sytytystulppa<\/p>\n","protected":false},"excerpt":{"rendered":"<p>CHAMPION Sytytystulpat OE039\/T10 Tulpat,Sytytystulppa MAZDA,NISSAN,JEEP,MX-5 II NB,PREMACY CP,MX-5 I NA,626 V Hatchback GF,626 V GF<\/p>\n","protected":false},"featured_media":0,"template":"","meta":{"site-sidebar-layout":"default","site-content-layout":"default","ast-global-header-display":"","ast-main-header-display":"","ast-hfb-above-header-display":"","ast-hfb-below-header-display":"","ast-hfb-mobile-header-display":"","site-post-title":"","ast-breadcrumbs-content":"","ast-featured-img":"","footer-sml-layout":"","theme-transparent-header-meta":"","adv-header-id-meta":"","stick-header-meta":"","header-above-stick-meta":"","header-main-stick-meta":"","header-below-stick-meta":""},"pwb-brand":[536],"product_cat":[165],"product_tag":[],"class_list":{"0":"post-103176","1":"product","2":"type-product","3":"status-publish","5":"pwb-brand-champion","6":"product_cat-sytytystulpat","7":"desktop-align-left","8":"tablet-align-left","9":"mobile-align-left","11":"first","12":"instock","13":"product-type-external"},"brands":[{"id":536,"name":"Champion","slug":"champion"}],"_links":{"self":[{"href":"https:\/\/www.autonvaraosahaku.fi\/index.php?rest_route=\/wp\/v2\/product\/103176","targetHints":{"allow":["GET"]}}],"collection":[{"href":"https:\/\/www.autonvaraosahaku.fi\/index.php?rest_route=\/wp\/v2\/product"}],"about":[{"href":"https:\/\/www.autonvaraosahaku.fi\/index.php?rest_route=\/wp\/v2\/types\/product"}],"wp:attachment":[{"href":"https:\/\/www.autonvaraosahaku.fi\/index.php?rest_route=%2Fwp%2Fv2%2Fmedia&parent=103176"}],"wp:term":[{"taxonomy":"pwb-brand","embeddable":true,"href":"https:\/\/www.autonvaraosahaku.fi\/index.php?rest_route=%2Fwp%2Fv2%2Fpwb-brand&post=103176"},{"taxonomy":"product_cat","embeddable":true,"href":"https:\/\/www.autonvaraosahaku.fi\/index.php?rest_route=%2Fwp%2Fv2%2Fproduct_cat&post=103176"},{"taxonomy":"product_tag","embeddable":true,"href":"https:\/\/www.autonvaraosahaku.fi\/index.php?rest_route=%2Fwp%2Fv2%2Fproduct_tag&post=103176"}],"curies":[{"name":"wp","href":"https:\/\/api.w.org\/{rel}","templated":true}]}}