{"id":103196,"date":"2021-02-21T22:55:25","date_gmt":"2021-02-21T22:55:25","guid":{"rendered":"https:\/\/www.autonvaraosahaku.fi\/?product=champion-cof100110s-oljynsuodatin"},"modified":"2021-02-21T22:55:28","modified_gmt":"2021-02-21T22:55:28","slug":"champion-cof100110s-oljynsuodatin","status":"publish","type":"product","link":"https:\/\/www.autonvaraosahaku.fi\/?product=champion-cof100110s-oljynsuodatin","title":{"rendered":"Champion COF100110S \u00d6ljynsuodatin"},"content":{"rendered":"<p>Korkeus (mm): 76; Kierremitta: M20x1.5; L\u00e4pimitta 1 [mm]: 81,5; Sis\u00e4l\u00e4pimitta [mm]: 61; Ulkol\u00e4pimitta [mm]: 80; Pakkaustyyppi: Laatikko; Suodatintyyppi: Ruuvattava suodatin; Pakkauspituus [cm]: 7,8; Pakkausleveys [cm]: 7,8; Pakkauskorkeus [mm]: 7,8; Valmistusvuoteen: 05\/1990; MAZDA: 5 CR19,6 Station Wagon GY,6 Kombi GH,323 F VI BJ,PREMACY CP,6 Hatchback GG,6 GG,626 V Hatchback GF,MPV II LW,626 V GF,626 V Station Wagon GW,FAMILIA V BG8,323 III Hatchback BF,E-SERIE Kasten SR2,626 II GC,626 II Hatchback GC,B-SERIE UF,323 III BF,323 III Station Wagon BW,1300; KIA: CEE&#8217;D SW ED,CEE&#8217;D Schr\u00e4gheck ED,SPORTAGE JE_, KM_,CARENS II FJ,RIO II JB,CARENS III UN,CARNIVAL \/ GRAND CARNIVAL III VQ,PRO CEE&#8217;D ED,SOUL AM,CERATO LD,MAGENTIS GD,MAGENTIS MG,OPIRUS GH,CERATO Stufenheck LD,RIO II Stufenheck JB,JOICE,RETONA CE; HONDA: CIVIC I Hatchback SB,ACCORD I SJ, SY; OPEL: CAMPO TF_,MONTEREY A UBS_,MONTEREY B; SMART: FORFOUR 454; HYUNDAI: i30 FD,GETZ TB,i20 PB, PBT,TUCSON JM,i30 CW FD,i40 CW VF,SANTA F\u00c9 I SM,SANTA F\u00c9 II CM,MATRIX FC,TERRACAN HP,COUPE GK,TRAJET FO,SONATA V NF,GALLOPER II JK-01,SONATA IV EF,GENESIS Coupe,ACCENT II LC,COUPE RD,VELOSTER FS,H-1 Kasten,ACCENT III MC,H-1 \/ STAREX,ELANTRA XD,ACCENT III Stufenheck MC,ELANTRA Stufenheck XD,ACCENT I X-3,ACCENT II Stufenheck LC,GRANDEUR TG,XG XG,LANTRA II Wagon J-2,LANTRA II J-2,SANTAMO,ACCENT Stufenheck X-3,SONATA III Y-3,GALLOPER I,PONY X-2,LANTRA I J-1,S COUPE SLC,ELANTRA Stufenheck MD, UD,H100 Bus P,ACCENT IV RB,HIGHWAY VAN,SONATA VI YF,ELANTRA Stufenheck HD,PONY \/ EXCEL Stufenheck X-2,SONATA II Y-2,ACCENT IV Stufenheck RB,PONY,PONY Stufenheck X-1,STELLAR F31_, SF2_,PONY Wagon; MITSUBISHI: CARISMA DA_,COLT V CJ_, CP_,OUTLANDER I CU_W,COLT CZC Cabriolet RG,CARISMA Stufenheck DA_,GALANT VI EA_,L 200 K7_T, K6_T,PAJERO II V3_W, V2_W, V4_W,LANCER Stufenheck CS_A, CT0,L 300 Bus P0_W, P1_W, P2_W,PAJERO SPORT K90,SPACE RUNNER N6_W,PAJERO I L04_G, L14_G,SPACE RUNNER N1_W, N2_W,COLT III C5_A,GALLOPER JK-01,LANCER VI CJ-CP_,3000 GT Z16A,L 300 Pritsche\/Fahrgestell L03_P,L 300 Kasten L03_P,SIGMA F2_A, F1_A,GALANT IV E3_A,LANCER V CB\/D_A,GALANT IV Stufenheck E3_A,LANCER IV C6_A, C7_A,PAJERO III Gel\u00e4ndewagen offen V6_W, V7_W,L 300 Kasten P0_W, P1_W,L 300 Bus LO3_P\/G, L0_2P,PAJERO I Canvas Top L04_G,L 200 K3_T, K2_T, K1_T, K0_T,SIGMA Station Wagon F0_W,STARION A18_A,PAJERO II Canvas Top V2_W, V4_W,COLT II C1_A,LANCER III Station Wagon C1_V, C3_V,GALANT III E1_A,COLT I A15_A,LANCER IV Stufenheck C6_A,SANTAMO,SPACE WAGON D0_V\/W,LANCER I A17_,GALANT II A16_,GALANT I A12_,COLT LANCER Station Wagon A7_K,L 300 Pritsche\/Fahrgestell P1_T,SAPPORO II A16_A,SAPPORO III E16A;; ASIA MOTORS: ROCSTA; LOTUS: ELAN; VAUXHALL: MONTEREY,BRAVA Pick-up; 2630011100, 2630021010, 2630021A00, 2630035054, 2630035056, 2630035500, 2630035501, 2630035502, 2630035503, S2630035503<\/p>\n","protected":false},"excerpt":{"rendered":"<p>CHAMPION \u00d6ljynsuodatin COF100110S  MAZDA,KIA,HONDA,5 CR19,6 Station Wagon GY,6 Kombi GH,323 F VI BJ,PREMACY CP,6 Hatchback GG,6 GG,626 V Hatchback GF<\/p>\n","protected":false},"featured_media":0,"template":"","meta":{"site-sidebar-layout":"default","site-content-layout":"default","ast-global-header-display":"","ast-main-header-display":"","ast-hfb-above-header-display":"","ast-hfb-below-header-display":"","ast-hfb-mobile-header-display":"","site-post-title":"","ast-breadcrumbs-content":"","ast-featured-img":"","footer-sml-layout":"","theme-transparent-header-meta":"","adv-header-id-meta":"","stick-header-meta":"","header-above-stick-meta":"","header-main-stick-meta":"","header-below-stick-meta":""},"pwb-brand":[536],"product_cat":[30],"product_tag":[],"class_list":{"0":"post-103196","1":"product","2":"type-product","3":"status-publish","5":"pwb-brand-champion","6":"product_cat-oljynsuodatin","7":"desktop-align-left","8":"tablet-align-left","9":"mobile-align-left","11":"first","12":"instock","13":"product-type-external"},"brands":[{"id":536,"name":"Champion","slug":"champion"}],"_links":{"self":[{"href":"https:\/\/www.autonvaraosahaku.fi\/index.php?rest_route=\/wp\/v2\/product\/103196","targetHints":{"allow":["GET"]}}],"collection":[{"href":"https:\/\/www.autonvaraosahaku.fi\/index.php?rest_route=\/wp\/v2\/product"}],"about":[{"href":"https:\/\/www.autonvaraosahaku.fi\/index.php?rest_route=\/wp\/v2\/types\/product"}],"wp:attachment":[{"href":"https:\/\/www.autonvaraosahaku.fi\/index.php?rest_route=%2Fwp%2Fv2%2Fmedia&parent=103196"}],"wp:term":[{"taxonomy":"pwb-brand","embeddable":true,"href":"https:\/\/www.autonvaraosahaku.fi\/index.php?rest_route=%2Fwp%2Fv2%2Fpwb-brand&post=103196"},{"taxonomy":"product_cat","embeddable":true,"href":"https:\/\/www.autonvaraosahaku.fi\/index.php?rest_route=%2Fwp%2Fv2%2Fproduct_cat&post=103196"},{"taxonomy":"product_tag","embeddable":true,"href":"https:\/\/www.autonvaraosahaku.fi\/index.php?rest_route=%2Fwp%2Fv2%2Fproduct_tag&post=103196"}],"curies":[{"name":"wp","href":"https:\/\/api.w.org\/{rel}","templated":true}]}}