{"id":103200,"date":"2021-02-21T22:55:25","date_gmt":"2021-02-21T22:55:25","guid":{"rendered":"https:\/\/www.autonvaraosahaku.fi\/?product=champion-oe190-t10-sytytystulpat"},"modified":"2021-02-21T22:55:30","modified_gmt":"2021-02-21T22:55:30","slug":"champion-oe190-t10-sytytystulpat","status":"publish","type":"product","link":"https:\/\/www.autonvaraosahaku.fi\/?product=champion-oe190-t10-sytytystulpat","title":{"rendered":"Champion OE190\/T10 Sytytystulpat"},"content":{"rendered":"<p>K\u00e4rkiv\u00e4li (mm): 1; Liittimet: M4\/SAE; Kierremitta: M14x1.25; Avainv\u00e4li: 16 mm; Laatu \/ luokka: Pt GE; Pakkaustyyppi: Laatikko; Sytytystulppa: 1-maaelektroodi, suoralla istukalla, Iridium-keskielektrodi; Kierteen pituus (mm): 26,5; Teknisten tietojen numero: REC10WYPB4; Kipin\u00e4et\u00e4isyys [mm]: 3; Kiristysmomentti > [Nm]: 20; Kiristysmomentti enint\u00e4\u00e4n [Nm]: 30; Pakkauspituus [cm]: 8,65; Pakkausleveys [cm]: 2,45; Pakkauskorkeus [mm]: 2,45; Vastus alkaen [kOhm]: 3; Vastus asti [kOhm]: 10; Ulkonema [mm]: 1,5; Tuotelinja: Platinum CT; Tarvittava kappalem\u00e4\u00e4r\u00e4: 4; NISSAN: MICRA III K12,X-TRAIL T30,NOTE E11,ALMERA TINO V10,ALMERA II Hatchback N16,PATHFINDER R51,PRIMERA Kombi WP12,PRIMERA P12,TERRANO II R20,350 Z Z33,MICRA C+C K12,MURANO Z50,PRIMERA Hatchback P12,PATHFINDER R50,ALMERA Mk II N16,350 Z Roadster Z33,MAXIMA QX A33,ALMERA Classic B10,ALTIMA,SENTRA B15,TEANA I J31; SUZUKI: SWIFT IV FZ, NZ,GRAND VITARA II JT,SX4 EY, GY,KIZASHI FR; MERCEDES-BENZ: CLK C209,CLS C219,G-CLASS W463,CLK Cabriolet A209; KIA: SPORTAGE SL,SORENTO II XM,CARNIVAL \/ GRAND CARNIVAL III VQ,MAGENTIS MG,OPIRUS GH,CERATO II Stufenheck TD,SORENTO III,CERATO KOUP TD,CADENZA; HONDA: JAZZ III GE,CIVIC VIII Stufenheck FD, FA,INSIGHT ZE_,INSIGHT ZE; LAND ROVER: FREELANDER 2 FA_; LEXUS: IS II GSE2_, ALE2_, USE2_,RX MHU3_, GSU3_, MCU3_,GS GRS19_, UZS19_, GWS19_,RX GYL1_, GGL15, AGL10,IS III GSE3_, AVE3_,LS UVF4_, USF4_,GS GRL1_, GWL1_,IS C GSE2_,LX URJ201,ES AVV6_, GSV6_, ASV6_,ES GSV4_, ACV4_,GX URJ15_; SUBARU: FORESTER SG,FORESTER SH,IMPREZA Stufenheck GD,LEGACY IV Station Wagon BL, BP, B13_,IMPREZA Schr\u00e4gheck GR, GH, G3,OUTBACK BL, BP,IMPREZA Station Wagon GG,LEGACY IV BL, BP,JUSTY IV,OUTBACK BE, BH,LEGACY V Station Wagon BM, BR,OUTBACK BM, BR,TRIBECA B9,LEGACY V BM, BR; LANCIA: PHEDRA 179; TOYOTA: YARIS SCP9_, NSP9_, KSP9_, NCP9_, ZSP9_,COROLLA Verso ZER_, ZZE12_, R1_,AYGO WNB1_, KGB1_,AURIS NRE15_, ZZE15_, ADE15_, ZRE15_, NDE15_,RAV 4 III ACA3_, ACE_, ALA3_, GSA3_, ZSA3_,YARIS NHP13_, NSP13_, NCP13_, KSP13_, NLP13_,AURIS NZE18_, ZRE18_,RAV 4 IV ZSA4_, ALA4_,LAND CRUISER KDJ12_, GRJ12_,HILUX III Pick-up TGN1_, GGN2_, GGN1_, KUN2_, KUN1_,VERSO S NLP12_, NCP12_, NSP12_,VIOS\/YARIS Stufenheck ZSP9_, NCP9_,LAND CRUISER 150 KDJ15_, GRJ15_,LAND CRUISER VDJ20_, UZJ20_,COROLLA Stufenheck E15_,TUNDRA Pick-up _K5_,FJ CRUISER GSJ1_,SIENNA ASL3_, GSL3_,CAMRY Stufenheck _XV4_,CAMRY Stufenheck AVV5_, XV5_,PREVIA III ACR5_, GSR5_,FORTUNER Gel\u00e4ndewagen geschlossen TGN6_, KUN6_, GGN6_, TGN5,COROLLA Station Wagon NKE16_, NZE16_,COROLLA RUMION _AZE15_, _NZE15_, _ZRE15_,ALPHARD \/ VELLFIRE GGH2_, ANH2_, ATH2_; 6G9N12405AD, 12290RMX003, 12290RMX013, 274103C000, 274103C000, LR001394, LR005483, MN158596, 22401ZE01B, 9091901247; Tulpat,Sytytystulppa<\/p>\n","protected":false},"excerpt":{"rendered":"<p>CHAMPION Sytytystulpat OE190\/T10 Tulpat,Sytytystulppa NISSAN,SUZUKI,MERCEDES-BENZ,MICRA III K12,X-TRAIL T30,NOTE E11,ALMERA TINO V10<\/p>\n","protected":false},"featured_media":0,"template":"","meta":{"site-sidebar-layout":"default","site-content-layout":"default","ast-global-header-display":"","ast-main-header-display":"","ast-hfb-above-header-display":"","ast-hfb-below-header-display":"","ast-hfb-mobile-header-display":"","site-post-title":"","ast-breadcrumbs-content":"","ast-featured-img":"","footer-sml-layout":"","theme-transparent-header-meta":"","adv-header-id-meta":"","stick-header-meta":"","header-above-stick-meta":"","header-main-stick-meta":"","header-below-stick-meta":""},"pwb-brand":[536],"product_cat":[165],"product_tag":[],"class_list":{"0":"post-103200","1":"product","2":"type-product","3":"status-publish","5":"pwb-brand-champion","6":"product_cat-sytytystulpat","7":"desktop-align-left","8":"tablet-align-left","9":"mobile-align-left","11":"first","12":"instock","13":"product-type-external"},"brands":[{"id":536,"name":"Champion","slug":"champion"}],"_links":{"self":[{"href":"https:\/\/www.autonvaraosahaku.fi\/index.php?rest_route=\/wp\/v2\/product\/103200","targetHints":{"allow":["GET"]}}],"collection":[{"href":"https:\/\/www.autonvaraosahaku.fi\/index.php?rest_route=\/wp\/v2\/product"}],"about":[{"href":"https:\/\/www.autonvaraosahaku.fi\/index.php?rest_route=\/wp\/v2\/types\/product"}],"wp:attachment":[{"href":"https:\/\/www.autonvaraosahaku.fi\/index.php?rest_route=%2Fwp%2Fv2%2Fmedia&parent=103200"}],"wp:term":[{"taxonomy":"pwb-brand","embeddable":true,"href":"https:\/\/www.autonvaraosahaku.fi\/index.php?rest_route=%2Fwp%2Fv2%2Fpwb-brand&post=103200"},{"taxonomy":"product_cat","embeddable":true,"href":"https:\/\/www.autonvaraosahaku.fi\/index.php?rest_route=%2Fwp%2Fv2%2Fproduct_cat&post=103200"},{"taxonomy":"product_tag","embeddable":true,"href":"https:\/\/www.autonvaraosahaku.fi\/index.php?rest_route=%2Fwp%2Fv2%2Fproduct_tag&post=103200"}],"curies":[{"name":"wp","href":"https:\/\/api.w.org\/{rel}","templated":true}]}}