{"id":103240,"date":"2021-02-21T22:55:43","date_gmt":"2021-02-21T22:55:43","guid":{"rendered":"https:\/\/www.autonvaraosahaku.fi\/?product=champion-oe184-t10-sytytystulpat"},"modified":"2021-02-21T22:55:47","modified_gmt":"2021-02-21T22:55:47","slug":"champion-oe184-t10-sytytystulpat","status":"publish","type":"product","link":"https:\/\/www.autonvaraosahaku.fi\/?product=champion-oe184-t10-sytytystulpat","title":{"rendered":"Champion OE184\/T10 Sytytystulpat"},"content":{"rendered":"<p>K\u00e4rkiv\u00e4li (mm): 0,6; Liittimet: M4\/SAE; Kierremitta: M14x1.25; Avainv\u00e4li: 16 mm; Laatu \/ luokka: Pt GE; Pakkaustyyppi: Laatikko; Sytytystulppa: 1-maaelektroodi, suoralla istukalla, Iridium-keskielektrodi; Kierteen pituus (mm): 19; Teknisten tietojen numero: RC10WMPB2; Kipin\u00e4et\u00e4isyys [mm]: 5; Kiristysmomentti > [Nm]: 20; Kiristysmomentti enint\u00e4\u00e4n [Nm]: 30; Pakkauspituus [cm]: 8,65; Pakkausleveys [cm]: 2,45; Pakkauskorkeus [mm]: 2,45; Vastus alkaen [kOhm]: 3; Vastus asti [kOhm]: 10; Ulkonema [mm]: 3; Tuotelinja: Platinum CT; Tarvittava kappalem\u00e4\u00e4r\u00e4: 4; VW: GOLF III 1H1,PASSAT Variant 3A5, 35I,GOLF III Variant 1H5,PASSAT 3A2, 35I,CORRADO 53I,VENTO 1H2; AUDI: A8 4D2, 4D8; MAZDA: 323 F VI BJ,MPV II LW,626 IV Hatchback GE,FAMILIA VI BJ,XEDOS 9 TA,MX-6 GE,929 III HC,MPV I LV; NISSAN: PRIMERA P11,TERRANO II R20,PRIMERA Traveller WP11,PRIMERA Hatchback P11,PICK UP D22,200 SX S13,PICK UP D21,100 NX B13,200 SX S14,PRIMERA P10,TERRANO I WD21,SUNNY III Liftback N14,PULSAR V Schr\u00e4gheck N14,PRIMERA Hatchback P10,PRIMERA Traveller W10,VANETTE CARGO Kasten HC 23,VANETTE CARGO Bus HC 23,PRAIRIE PRO M11; JEEP: GRAND CHEROKEE III WH, WK,CHEROKEE KJ,COMMANDER XK,CHEROKEE KK; DAEWOO: REZZO KLAU,EVANDA KLAL,NUBIRA Stufenheck KLAN,NUBIRA Wagon KLAJ,LEGANZA KLAV,NUBIRA Stufenheck KLAJ,NUBIRA KLAJ,LACETTI Stufenheck J200,LACETTI J150  Stufenheck,KORANDO Cabrio KJ; SUZUKI: WAGON R; CHEVROLET: CAPTIVA C100, C140,ORLANDO J309,NUBIRA Kombi,CRUZE J300,AVEO Schr\u00e4gheck T250, T255,AVEO Schr\u00e4gheck T300,EPICA KL1_,CRUZE Schr\u00e4gheck J305,TRAX,REZZO,AVEO Stufenheck T300,MALIBU V300,EVANDA,NUBIRA Stufenheck; MERCEDES-BENZ: VITO Bus 638,V-CLASS 638\/2,VITO Kasten 638; KIA: RIO Kombi DC,RIO Stufenheck DC_; KJ1418110, MD360383; Tulpat,Sytytystulppa<\/p>\n","protected":false},"excerpt":{"rendered":"<p>CHAMPION Sytytystulpat OE184\/T10 Tulpat,Sytytystulppa VW,AUDI,MAZDA,GOLF III 1H1,PASSAT Variant 3A5, 35I,GOLF III Variant 1H5,PASSAT 3A2, 35I<\/p>\n","protected":false},"featured_media":0,"template":"","meta":{"site-sidebar-layout":"default","site-content-layout":"default","ast-global-header-display":"","ast-main-header-display":"","ast-hfb-above-header-display":"","ast-hfb-below-header-display":"","ast-hfb-mobile-header-display":"","site-post-title":"","ast-breadcrumbs-content":"","ast-featured-img":"","footer-sml-layout":"","theme-transparent-header-meta":"","adv-header-id-meta":"","stick-header-meta":"","header-above-stick-meta":"","header-main-stick-meta":"","header-below-stick-meta":""},"pwb-brand":[536],"product_cat":[165],"product_tag":[],"class_list":{"0":"post-103240","1":"product","2":"type-product","3":"status-publish","5":"pwb-brand-champion","6":"product_cat-sytytystulpat","7":"desktop-align-left","8":"tablet-align-left","9":"mobile-align-left","11":"first","12":"instock","13":"product-type-external"},"brands":[{"id":536,"name":"Champion","slug":"champion"}],"_links":{"self":[{"href":"https:\/\/www.autonvaraosahaku.fi\/index.php?rest_route=\/wp\/v2\/product\/103240","targetHints":{"allow":["GET"]}}],"collection":[{"href":"https:\/\/www.autonvaraosahaku.fi\/index.php?rest_route=\/wp\/v2\/product"}],"about":[{"href":"https:\/\/www.autonvaraosahaku.fi\/index.php?rest_route=\/wp\/v2\/types\/product"}],"wp:attachment":[{"href":"https:\/\/www.autonvaraosahaku.fi\/index.php?rest_route=%2Fwp%2Fv2%2Fmedia&parent=103240"}],"wp:term":[{"taxonomy":"pwb-brand","embeddable":true,"href":"https:\/\/www.autonvaraosahaku.fi\/index.php?rest_route=%2Fwp%2Fv2%2Fpwb-brand&post=103240"},{"taxonomy":"product_cat","embeddable":true,"href":"https:\/\/www.autonvaraosahaku.fi\/index.php?rest_route=%2Fwp%2Fv2%2Fproduct_cat&post=103240"},{"taxonomy":"product_tag","embeddable":true,"href":"https:\/\/www.autonvaraosahaku.fi\/index.php?rest_route=%2Fwp%2Fv2%2Fproduct_tag&post=103240"}],"curies":[{"name":"wp","href":"https:\/\/api.w.org\/{rel}","templated":true}]}}