{"id":103272,"date":"2021-02-21T22:56:00","date_gmt":"2021-02-21T22:56:00","guid":{"rendered":"https:\/\/www.autonvaraosahaku.fi\/?product=champion-cof100555e-oljynsuodatin"},"modified":"2021-02-21T22:56:01","modified_gmt":"2021-02-21T22:56:01","slug":"champion-cof100555e-oljynsuodatin","status":"publish","type":"product","link":"https:\/\/www.autonvaraosahaku.fi\/?product=champion-cof100555e-oljynsuodatin","title":{"rendered":"Champion COF100555E \u00d6ljynsuodatin"},"content":{"rendered":"<p>Korkeus (mm): 116; Sis\u00e4l\u00e4pimitta [mm]: 18; Ulkol\u00e4pimitta [mm]: 52; Pakkaustyyppi: Laatikko; Suodatintyyppi: Suodatinpanos; Sis\u00e4l\u00e4pimitta 1 [mm]: 24; Pakkauspituus [cm]: 6; Pakkausleveys [cm]: 6; Pakkauskorkeus [mm]: 12; Tuotelinja: EON TITAN; Moottorinumero: 640941; MERCEDES-BENZ: A-CLASS W169,B-CLASS W245,VANEO 414; 6401800009, 6401840125<\/p>\n","protected":false},"excerpt":{"rendered":"<p>CHAMPION \u00d6ljynsuodatin COF100555E  MERCEDES-BENZ,A-CLASS W169,B-CLASS W245,VANEO 414<\/p>\n","protected":false},"featured_media":0,"template":"","meta":{"site-sidebar-layout":"default","site-content-layout":"default","ast-global-header-display":"","ast-main-header-display":"","ast-hfb-above-header-display":"","ast-hfb-below-header-display":"","ast-hfb-mobile-header-display":"","site-post-title":"","ast-breadcrumbs-content":"","ast-featured-img":"","footer-sml-layout":"","theme-transparent-header-meta":"","adv-header-id-meta":"","stick-header-meta":"","header-above-stick-meta":"","header-main-stick-meta":"","header-below-stick-meta":""},"pwb-brand":[536],"product_cat":[30],"product_tag":[],"class_list":{"0":"post-103272","1":"product","2":"type-product","3":"status-publish","5":"pwb-brand-champion","6":"product_cat-oljynsuodatin","7":"desktop-align-left","8":"tablet-align-left","9":"mobile-align-left","11":"first","12":"instock","13":"product-type-external"},"brands":[{"id":536,"name":"Champion","slug":"champion"}],"_links":{"self":[{"href":"https:\/\/www.autonvaraosahaku.fi\/index.php?rest_route=\/wp\/v2\/product\/103272","targetHints":{"allow":["GET"]}}],"collection":[{"href":"https:\/\/www.autonvaraosahaku.fi\/index.php?rest_route=\/wp\/v2\/product"}],"about":[{"href":"https:\/\/www.autonvaraosahaku.fi\/index.php?rest_route=\/wp\/v2\/types\/product"}],"wp:attachment":[{"href":"https:\/\/www.autonvaraosahaku.fi\/index.php?rest_route=%2Fwp%2Fv2%2Fmedia&parent=103272"}],"wp:term":[{"taxonomy":"pwb-brand","embeddable":true,"href":"https:\/\/www.autonvaraosahaku.fi\/index.php?rest_route=%2Fwp%2Fv2%2Fpwb-brand&post=103272"},{"taxonomy":"product_cat","embeddable":true,"href":"https:\/\/www.autonvaraosahaku.fi\/index.php?rest_route=%2Fwp%2Fv2%2Fproduct_cat&post=103272"},{"taxonomy":"product_tag","embeddable":true,"href":"https:\/\/www.autonvaraosahaku.fi\/index.php?rest_route=%2Fwp%2Fv2%2Fproduct_tag&post=103272"}],"curies":[{"name":"wp","href":"https:\/\/api.w.org\/{rel}","templated":true}]}}