{"id":10328,"date":"2021-02-21T14:08:29","date_gmt":"2021-02-21T14:08:29","guid":{"rendered":"https:\/\/www.autonvaraosahaku.fi\/?product=master-sport-13046039982n-set-ms-jarrupalat"},"modified":"2021-02-21T14:08:30","modified_gmt":"2021-02-21T14:08:30","slug":"master-sport-13046039982n-set-ms-jarrupalat","status":"publish","type":"product","link":"https:\/\/www.autonvaraosahaku.fi\/?product=master-sport-13046039982n-set-ms-jarrupalat","title":{"rendered":"MASTER-SPORT 13046039982N-SET-MS Jarrupalat"},"content":{"rendered":"<p>Paksuus [mm]: 17,8; Jarruj\u00e4rjestelm\u00e4: Bosch; Leveys (mm): 168,7; Korkeus (mm): 62,8; Kulumisvaroittimia [pro Achse]: 4; Ruuvien m\u00e4\u00e4r\u00e4: 2; Kulumisenilmaisimen liitos: Sis. kulumisenilmaisimen; Korvaava tuote\/korvaava tiedote 2: Huudonvaimennuspellill\u00e4; Nettopaino [kg]: 2; Bruttopaino [kg]: 2,1; Asennuspuoli: Vorderachse; CITRO\u00cbN: C5 II Break RE_,C5 I DC_,C5 I Break DE_,C5 II RC_; 425216, 425249, 425289; Jarrupalasarja,Jarrupala, Levyjarru<\/p>\n","protected":false},"excerpt":{"rendered":"<p>MASTER-SPORT Jarrupalat Premium 13046039982N-SET-MS Jarrupalasarja,Jarrupala, Levyjarru CITRO\u00cbN,C5 II Break RE_,C5 I DC_,C5 I Break DE_,C5 II RC_<\/p>\n","protected":false},"featured_media":0,"template":"","meta":{"site-sidebar-layout":"default","site-content-layout":"default","ast-global-header-display":"","ast-main-header-display":"","ast-hfb-above-header-display":"","ast-hfb-below-header-display":"","ast-hfb-mobile-header-display":"","site-post-title":"","ast-breadcrumbs-content":"","ast-featured-img":"","footer-sml-layout":"","theme-transparent-header-meta":"","adv-header-id-meta":"","stick-header-meta":"","header-above-stick-meta":"","header-main-stick-meta":"","header-below-stick-meta":""},"pwb-brand":[61],"product_cat":[100],"product_tag":[],"class_list":{"0":"post-10328","1":"product","2":"type-product","3":"status-publish","5":"pwb-brand-master-sport","6":"product_cat-jarrupalat","7":"desktop-align-left","8":"tablet-align-left","9":"mobile-align-left","11":"first","12":"instock","13":"product-type-external"},"brands":[{"id":61,"name":"MASTER-SPORT","slug":"master-sport"}],"_links":{"self":[{"href":"https:\/\/www.autonvaraosahaku.fi\/index.php?rest_route=\/wp\/v2\/product\/10328","targetHints":{"allow":["GET"]}}],"collection":[{"href":"https:\/\/www.autonvaraosahaku.fi\/index.php?rest_route=\/wp\/v2\/product"}],"about":[{"href":"https:\/\/www.autonvaraosahaku.fi\/index.php?rest_route=\/wp\/v2\/types\/product"}],"wp:attachment":[{"href":"https:\/\/www.autonvaraosahaku.fi\/index.php?rest_route=%2Fwp%2Fv2%2Fmedia&parent=10328"}],"wp:term":[{"taxonomy":"pwb-brand","embeddable":true,"href":"https:\/\/www.autonvaraosahaku.fi\/index.php?rest_route=%2Fwp%2Fv2%2Fpwb-brand&post=10328"},{"taxonomy":"product_cat","embeddable":true,"href":"https:\/\/www.autonvaraosahaku.fi\/index.php?rest_route=%2Fwp%2Fv2%2Fproduct_cat&post=10328"},{"taxonomy":"product_tag","embeddable":true,"href":"https:\/\/www.autonvaraosahaku.fi\/index.php?rest_route=%2Fwp%2Fv2%2Fproduct_tag&post=10328"}],"curies":[{"name":"wp","href":"https:\/\/api.w.org\/{rel}","templated":true}]}}