{"id":103303,"date":"2021-02-21T22:56:09","date_gmt":"2021-02-21T22:56:09","guid":{"rendered":"https:\/\/www.autonvaraosahaku.fi\/?product=champion-cof100587e-oljynsuodatin"},"modified":"2021-02-21T22:56:14","modified_gmt":"2021-02-21T22:56:14","slug":"champion-cof100587e-oljynsuodatin","status":"publish","type":"product","link":"https:\/\/www.autonvaraosahaku.fi\/?product=champion-cof100587e-oljynsuodatin","title":{"rendered":"Champion COF100587E \u00d6ljynsuodatin"},"content":{"rendered":"<p>Korkeus (mm): 57; Sis\u00e4l\u00e4pimitta [mm]: 28; Ulkol\u00e4pimitta [mm]: 61; Pakkaustyyppi: Laatikko; Suodatintyyppi: Suodatinpanos; Pakkauspituus [cm]: 7,2; Pakkausleveys [cm]: 7,2; Pakkauskorkeus [mm]: 9,6; lis\u00e4tieto: TITAN; TECDOC-moottorinumero: 21740; LEXUS: CT ZWA1_,NX ZGZ1_, AGZ1_, AYZ1_; DAIHATSU: SIRION M3_,MATERIA M4_,CHARADE; SUBARU: JUSTY IV,TREZIA; TOYOTA: YARIS SCP9_, NSP9_, KSP9_, NCP9_, ZSP9_,AURIS NRE15_, ZZE15_, ADE15_, ZRE15_, NDE15_,YARIS NHP13_, NSP13_, NCP13_, KSP13_, NLP13_,AURIS NZE18_, ZRE18_,AURIS TOURING SPORTS ADE18_, ZWE18_, ZRE18_,IQ KPJ1_, NGJ1_, KGJ1_, NUJ1_,PRIUS ZVW3_,RAV 4 IV ZSA4_, ALA4_,VERSO S NLP12_, NCP12_, NSP12_,URBAN CRUISER NSP1_, NLP1_, ZSP1_, NCP11_,COROLLA Stufenheck E15_,COROLLA Stufenheck NRE18_, ZRE17_, ZRE18_, NDE18_,MATRIX ZRE14_, AZE14_,C-HR _X1_,PRIUS _W5_,PRIUS PHV _W52_; LOTUS: ELISE; 0415240060, 04152YZZA6, 15613YZZA6<\/p>\n","protected":false},"excerpt":{"rendered":"<p>CHAMPION \u00d6ljynsuodatin COF100587E  LEXUS,DAIHATSU,SUBARU,CT ZWA1_,NX ZGZ1_, AGZ1_, AYZ1_,SIRION M3_,MATERIA M4_,CHARADE,JUSTY IV,TREZIA<\/p>\n","protected":false},"featured_media":0,"template":"","meta":{"site-sidebar-layout":"default","site-content-layout":"default","ast-global-header-display":"","ast-main-header-display":"","ast-hfb-above-header-display":"","ast-hfb-below-header-display":"","ast-hfb-mobile-header-display":"","site-post-title":"","ast-breadcrumbs-content":"","ast-featured-img":"","footer-sml-layout":"","theme-transparent-header-meta":"","adv-header-id-meta":"","stick-header-meta":"","header-above-stick-meta":"","header-main-stick-meta":"","header-below-stick-meta":""},"pwb-brand":[536],"product_cat":[30],"product_tag":[],"class_list":{"0":"post-103303","1":"product","2":"type-product","3":"status-publish","5":"pwb-brand-champion","6":"product_cat-oljynsuodatin","7":"desktop-align-left","8":"tablet-align-left","9":"mobile-align-left","11":"first","12":"instock","13":"product-type-external"},"brands":[{"id":536,"name":"Champion","slug":"champion"}],"_links":{"self":[{"href":"https:\/\/www.autonvaraosahaku.fi\/index.php?rest_route=\/wp\/v2\/product\/103303","targetHints":{"allow":["GET"]}}],"collection":[{"href":"https:\/\/www.autonvaraosahaku.fi\/index.php?rest_route=\/wp\/v2\/product"}],"about":[{"href":"https:\/\/www.autonvaraosahaku.fi\/index.php?rest_route=\/wp\/v2\/types\/product"}],"wp:attachment":[{"href":"https:\/\/www.autonvaraosahaku.fi\/index.php?rest_route=%2Fwp%2Fv2%2Fmedia&parent=103303"}],"wp:term":[{"taxonomy":"pwb-brand","embeddable":true,"href":"https:\/\/www.autonvaraosahaku.fi\/index.php?rest_route=%2Fwp%2Fv2%2Fpwb-brand&post=103303"},{"taxonomy":"product_cat","embeddable":true,"href":"https:\/\/www.autonvaraosahaku.fi\/index.php?rest_route=%2Fwp%2Fv2%2Fproduct_cat&post=103303"},{"taxonomy":"product_tag","embeddable":true,"href":"https:\/\/www.autonvaraosahaku.fi\/index.php?rest_route=%2Fwp%2Fv2%2Fproduct_tag&post=103303"}],"curies":[{"name":"wp","href":"https:\/\/api.w.org\/{rel}","templated":true}]}}