{"id":103312,"date":"2021-02-21T22:56:18","date_gmt":"2021-02-21T22:56:18","guid":{"rendered":"https:\/\/www.autonvaraosahaku.fi\/?product=champion-cof100155c-oljynsuodatin"},"modified":"2021-02-21T22:56:19","modified_gmt":"2021-02-21T22:56:19","slug":"champion-cof100155c-oljynsuodatin","status":"publish","type":"product","link":"https:\/\/www.autonvaraosahaku.fi\/?product=champion-cof100155c-oljynsuodatin","title":{"rendered":"Champion COF100155C \u00d6ljynsuodatin"},"content":{"rendered":"<p>Korkeus (mm): 97; Korkeus 1 (mm): 84; Sis\u00e4l\u00e4pimitta [mm]: 18; Ulkol\u00e4pimitta [mm]: 53; Pakkaustyyppi: Laatikko; Suodatintyyppi: Suodatinpanos; Pakkauspituus [cm]: 6,8; Pakkausleveys [cm]: 6,8; Pakkauskorkeus [mm]: 11; TECDOC-moottorinumero: 18914; CHEVROLET: CAMARO GMX511,TRAILBLAZER 31UX; OPEL: INSIGNIA Caravan,VECTRA C Caravan,SIGNUM,VECTRA C,VECTRA C GTS,INSIGNIA,INSIGNIA Stufenheck; SAAB: 9-3 YS3F,9-3 Kombi YS3F,9-3 Cabriolet YS3F,9-5 YS3G; ALFA ROMEO: 159 Sportwagon 939,159 939,BRERA,SPIDER 939; CADILLAC: SRX GMT265,ESCALADE GMT 900,BLS,BLS Wagon,CTS GMX322,SRX GMT267; VAUXHALL: INSIGNIA Mk I A,VECTRA Mk II C CC,INSIGNIA Mk I A Estate,VECTRA Mk II C Estate,INSIGNIA Mk I A Sedan,SIGNUM; 71741042<\/p>\n","protected":false},"excerpt":{"rendered":"<p>CHAMPION \u00d6ljynsuodatin COF100155C  CHEVROLET,OPEL,SAAB,CAMARO GMX511,TRAILBLAZER 31UX,INSIGNIA Caravan,VECTRA C Caravan,SIGNUM,VECTRA C,VECTRA C GTS<\/p>\n","protected":false},"featured_media":0,"template":"","meta":{"site-sidebar-layout":"default","site-content-layout":"default","ast-global-header-display":"","ast-main-header-display":"","ast-hfb-above-header-display":"","ast-hfb-below-header-display":"","ast-hfb-mobile-header-display":"","site-post-title":"","ast-breadcrumbs-content":"","ast-featured-img":"","footer-sml-layout":"","theme-transparent-header-meta":"","adv-header-id-meta":"","stick-header-meta":"","header-above-stick-meta":"","header-main-stick-meta":"","header-below-stick-meta":""},"pwb-brand":[536],"product_cat":[30],"product_tag":[],"class_list":{"0":"post-103312","1":"product","2":"type-product","3":"status-publish","5":"pwb-brand-champion","6":"product_cat-oljynsuodatin","7":"desktop-align-left","8":"tablet-align-left","9":"mobile-align-left","11":"first","12":"instock","13":"product-type-external"},"brands":[{"id":536,"name":"Champion","slug":"champion"}],"_links":{"self":[{"href":"https:\/\/www.autonvaraosahaku.fi\/index.php?rest_route=\/wp\/v2\/product\/103312","targetHints":{"allow":["GET"]}}],"collection":[{"href":"https:\/\/www.autonvaraosahaku.fi\/index.php?rest_route=\/wp\/v2\/product"}],"about":[{"href":"https:\/\/www.autonvaraosahaku.fi\/index.php?rest_route=\/wp\/v2\/types\/product"}],"wp:attachment":[{"href":"https:\/\/www.autonvaraosahaku.fi\/index.php?rest_route=%2Fwp%2Fv2%2Fmedia&parent=103312"}],"wp:term":[{"taxonomy":"pwb-brand","embeddable":true,"href":"https:\/\/www.autonvaraosahaku.fi\/index.php?rest_route=%2Fwp%2Fv2%2Fpwb-brand&post=103312"},{"taxonomy":"product_cat","embeddable":true,"href":"https:\/\/www.autonvaraosahaku.fi\/index.php?rest_route=%2Fwp%2Fv2%2Fproduct_cat&post=103312"},{"taxonomy":"product_tag","embeddable":true,"href":"https:\/\/www.autonvaraosahaku.fi\/index.php?rest_route=%2Fwp%2Fv2%2Fproduct_tag&post=103312"}],"curies":[{"name":"wp","href":"https:\/\/api.w.org\/{rel}","templated":true}]}}