{"id":103325,"date":"2021-02-21T22:56:18","date_gmt":"2021-02-21T22:56:18","guid":{"rendered":"https:\/\/www.autonvaraosahaku.fi\/?product=champion-oe090-t10-sytytystulpat"},"modified":"2021-02-21T22:56:24","modified_gmt":"2021-02-21T22:56:24","slug":"champion-oe090-t10-sytytystulpat","status":"publish","type":"product","link":"https:\/\/www.autonvaraosahaku.fi\/?product=champion-oe090-t10-sytytystulpat","title":{"rendered":"Champion OE090\/T10 Sytytystulpat"},"content":{"rendered":"<p>K\u00e4rkiv\u00e4li (mm): 0,9; Liittimet: SAE; Kierremitta: M14x1.25; Avainv\u00e4li: 16 mm; Laatu \/ luokka: Nickel GE; Pakkaustyyppi: Laatikko; Sytytystulppa: 1-maaelektroodi, kartioistukalla, Kuparikeskielektrodi; Kierteen pituus (mm): 17,5; Teknisten tietojen numero: S6YC; Kipin\u00e4et\u00e4isyys [mm]: 3; Kiristysmomentti > [Nm]: 10; Kiristysmomentti enint\u00e4\u00e4n [Nm]: 20; Pakkauspituus [cm]: 8,65; Pakkausleveys [cm]: 2,45; Pakkauskorkeus [mm]: 2,45; Ulkonema [mm]: 1,5; Tuotelinja: Powersport; Tarvittava kappalem\u00e4\u00e4r\u00e4: 4; RENAULT: ESPACE II J\/S63_,ESPACE I J11_,21 Stufenheck L48_,25 B29_,21 Kombi K48_; ALPINE: V6; TALBOT: SAMBA 51A; 75492406, 75492438, 7910012996, 7910012998, 7910032920, 91506338, 91517014, 95492862, 97533994, 001690400, 0021593603, 0021594303, 0021596403, 0021596503, 0021596703, 0021596803, 0021596903, 0031590703, 0031590803, 0031592503, 0031593303, 0031593403, 0031595903, 1021590403, 1021590903, 1021591203, A0031593303, 026903, 596130, 596133, 596144, 596149, 596150, 596152, 596160, 596192, 596207, 596209, 596214, 596215, 596230, 596231, 596236, 596237, 596246, 596249, 596250, 596257, 596259, 596261, 596263, 596269, 596287, 5962H1, 7401269280, 7910026903, 9151700980, 9151701280, CC8, XC6, 6000007570, 7310012998, 7700245703, 7700267805, 7700268704, 7700500108, 7700632185, 7700647268, 7700661294, 7700670733, 7700670763, 7700693102, 7700722095, 7700726503, 7700726703, 7700731583, 7700736149, 7700736150, 7700737457, 7700852522, 7701021767, 7701023334, 7701032921, 7701045018, 7701268704, 7701365437, 7701366137, 7701414027, 7701414028, 7701414029, 7701417539, 7701417653, 7910012996, 7910245703, 1269&#8230;; Tulpat,Sytytystulppa<\/p>\n","protected":false},"excerpt":{"rendered":"<p>CHAMPION Sytytystulpat OE090\/T10 Tulpat,Sytytystulppa RENAULT,ALPINE,TALBOT,ESPACE II J\/S63_,ESPACE I J11_,21 Stufenheck L48_,25 B29_,21 Kombi K48_,V6<\/p>\n","protected":false},"featured_media":0,"template":"","meta":{"site-sidebar-layout":"default","site-content-layout":"default","ast-global-header-display":"","ast-main-header-display":"","ast-hfb-above-header-display":"","ast-hfb-below-header-display":"","ast-hfb-mobile-header-display":"","site-post-title":"","ast-breadcrumbs-content":"","ast-featured-img":"","footer-sml-layout":"","theme-transparent-header-meta":"","adv-header-id-meta":"","stick-header-meta":"","header-above-stick-meta":"","header-main-stick-meta":"","header-below-stick-meta":""},"pwb-brand":[536],"product_cat":[165],"product_tag":[],"class_list":{"0":"post-103325","1":"product","2":"type-product","3":"status-publish","5":"pwb-brand-champion","6":"product_cat-sytytystulpat","7":"desktop-align-left","8":"tablet-align-left","9":"mobile-align-left","11":"first","12":"instock","13":"product-type-external"},"brands":[{"id":536,"name":"Champion","slug":"champion"}],"_links":{"self":[{"href":"https:\/\/www.autonvaraosahaku.fi\/index.php?rest_route=\/wp\/v2\/product\/103325","targetHints":{"allow":["GET"]}}],"collection":[{"href":"https:\/\/www.autonvaraosahaku.fi\/index.php?rest_route=\/wp\/v2\/product"}],"about":[{"href":"https:\/\/www.autonvaraosahaku.fi\/index.php?rest_route=\/wp\/v2\/types\/product"}],"wp:attachment":[{"href":"https:\/\/www.autonvaraosahaku.fi\/index.php?rest_route=%2Fwp%2Fv2%2Fmedia&parent=103325"}],"wp:term":[{"taxonomy":"pwb-brand","embeddable":true,"href":"https:\/\/www.autonvaraosahaku.fi\/index.php?rest_route=%2Fwp%2Fv2%2Fpwb-brand&post=103325"},{"taxonomy":"product_cat","embeddable":true,"href":"https:\/\/www.autonvaraosahaku.fi\/index.php?rest_route=%2Fwp%2Fv2%2Fproduct_cat&post=103325"},{"taxonomy":"product_tag","embeddable":true,"href":"https:\/\/www.autonvaraosahaku.fi\/index.php?rest_route=%2Fwp%2Fv2%2Fproduct_tag&post=103325"}],"curies":[{"name":"wp","href":"https:\/\/api.w.org\/{rel}","templated":true}]}}