{"id":103336,"date":"2021-02-21T22:56:27","date_gmt":"2021-02-21T22:56:27","guid":{"rendered":"https:\/\/www.autonvaraosahaku.fi\/?product=champion-cof102116s-oljynsuodatin"},"modified":"2021-02-21T22:56:30","modified_gmt":"2021-02-21T22:56:30","slug":"champion-cof102116s-oljynsuodatin","status":"publish","type":"product","link":"https:\/\/www.autonvaraosahaku.fi\/?product=champion-cof102116s-oljynsuodatin","title":{"rendered":"Champion COF102116S \u00d6ljynsuodatin"},"content":{"rendered":"<p>Korkeus (mm): 60; Kierremitta: 3\/4-16 UNF; Sis\u00e4l\u00e4pimitta [mm]: 72; Ulkol\u00e4pimitta [mm]: 76; Pakkaustyyppi: Laatikko; Suodatintyyppi: Ruuvattava suodatin; Pakkauspituus [cm]: 7,8; Pakkausleveys [cm]: 7,8; Pakkauskorkeus [mm]: 7,2; Valmistusvuoteen: 06\/1984; RENAULT: 4 112_,5 122_,4 Kasten R21_, R23_,9 L42_,12,11 B\/C37_,16 115_,8 113_,TRAFIC Kasten T1, T3, T4,6 118_,TRAFIC Bus T5, T6, T7,18 134_,11 Kasten S37_,17,18 Variable 135_,10 119_,5 Kasten 238_,FUEGO 136_,12 Variable 117_,20 127_,TRAFIC Pritsche\/Fahrgestell P6,RODEO 6,15 130_,18 Kasten,12 Kasten,RODEO 4,RODEO 5; 7700348108, 7700542285, 7700629215, 7701033837, 7701348108, 7701348440<\/p>\n","protected":false},"excerpt":{"rendered":"<p>CHAMPION \u00d6ljynsuodatin COF102116S  RENAULT,4 112_,5 122_,4 Kasten R21_, R23_,9 L42_,12,11 B\/C37_,16 115_,8 113_,TRAFIC Kasten T1, T3, T4,6 118_<\/p>\n","protected":false},"featured_media":0,"template":"","meta":{"site-sidebar-layout":"default","site-content-layout":"default","ast-global-header-display":"","ast-main-header-display":"","ast-hfb-above-header-display":"","ast-hfb-below-header-display":"","ast-hfb-mobile-header-display":"","site-post-title":"","ast-breadcrumbs-content":"","ast-featured-img":"","footer-sml-layout":"","theme-transparent-header-meta":"","adv-header-id-meta":"","stick-header-meta":"","header-above-stick-meta":"","header-main-stick-meta":"","header-below-stick-meta":""},"pwb-brand":[536],"product_cat":[30],"product_tag":[],"class_list":{"0":"post-103336","1":"product","2":"type-product","3":"status-publish","5":"pwb-brand-champion","6":"product_cat-oljynsuodatin","7":"desktop-align-left","8":"tablet-align-left","9":"mobile-align-left","11":"first","12":"instock","13":"product-type-external"},"brands":[{"id":536,"name":"Champion","slug":"champion"}],"_links":{"self":[{"href":"https:\/\/www.autonvaraosahaku.fi\/index.php?rest_route=\/wp\/v2\/product\/103336","targetHints":{"allow":["GET"]}}],"collection":[{"href":"https:\/\/www.autonvaraosahaku.fi\/index.php?rest_route=\/wp\/v2\/product"}],"about":[{"href":"https:\/\/www.autonvaraosahaku.fi\/index.php?rest_route=\/wp\/v2\/types\/product"}],"wp:attachment":[{"href":"https:\/\/www.autonvaraosahaku.fi\/index.php?rest_route=%2Fwp%2Fv2%2Fmedia&parent=103336"}],"wp:term":[{"taxonomy":"pwb-brand","embeddable":true,"href":"https:\/\/www.autonvaraosahaku.fi\/index.php?rest_route=%2Fwp%2Fv2%2Fpwb-brand&post=103336"},{"taxonomy":"product_cat","embeddable":true,"href":"https:\/\/www.autonvaraosahaku.fi\/index.php?rest_route=%2Fwp%2Fv2%2Fproduct_cat&post=103336"},{"taxonomy":"product_tag","embeddable":true,"href":"https:\/\/www.autonvaraosahaku.fi\/index.php?rest_route=%2Fwp%2Fv2%2Fproduct_tag&post=103336"}],"curies":[{"name":"wp","href":"https:\/\/api.w.org\/{rel}","templated":true}]}}